{"id":4268,"date":"2026-04-04T07:00:39","date_gmt":"2026-04-04T07:00:39","guid":{"rendered":"https:\/\/lyfilter.com\/"},"modified":"2026-04-04T07:00:39","modified_gmt":"2026-04-04T07:00:39","slug":"lvyuan-filter-pp-water-filter-made-in-china","status":"publish","type":"product","link":"https:\/\/lyfilter.com\/tr\/lvyuan-filter-pp-water-filter-made-in-china\/","title":{"rendered":"\u00c7in'de \u00dcretilen Lvyuan Filtre PP Su Filtresi"},"content":{"rendered":"<p>\u00c7in'de \u00fcretilen Lvyuan PP su filtresi, g\u00fcvenli su filtresi kilitleri ve dayan\u0131kl\u0131 bir yap\u0131 ile istikrarl\u0131 filtrelemeyi destekler. Pratik su ar\u0131tma kullan\u0131m\u0131 i\u00e7in sorunsuz ak\u0131\u015f, daha temiz \u00e7\u0131kt\u0131 ve g\u00fcvenilir g\u00fcnl\u00fck performans\u0131n korunmas\u0131na yard\u0131mc\u0131 olur.<\/p>","protected":false},"excerpt":{"rendered":"<table>\n<thead>\n<tr>\n<th>Men\u015fe Yeri<\/th>\n<th>Guangdong, \u00c7in<\/th>\n<th>Marka Ad\u0131<\/th>\n<th>Lvyuan \/ OEM<\/th>\n<\/tr>\n<\/thead>\n<tbody>\n<tr>\n<td>Model Numaras\u0131<\/td>\n<td>LY-PPF serisi<\/td>\n<td>\u00dcr\u00fcn ad\u0131<\/td>\n<td>eriyik \u00fcflemeli pp filtre kartu\u015fu<\/td>\n<\/tr>\n<tr>\n<td>Mikron Oran\u0131<\/td>\n<td>1, 3, 5, 10 mikron filtre kartu\u015fu<\/td>\n<td>\u00dcr\u00fcn boyutu<\/td>\n<td>\u00f6zel yap\u0131m<\/td>\n<\/tr>\n<tr>\n<td>uygulama<\/td>\n<td>su filtresi par\u00e7alar\u0131, Ters Osmoz<\/td>\n<td>Uzunluk<\/td>\n<td>5\u2033, 10\u2033, 20\u2033, 30\u2033, 40\u2033, 50\u201d in\u00e7<\/td>\n<\/tr>\n<tr>\n<td>Filtre Ortam\u0131<\/td>\n<td>Polipropilen PP membran<\/td>\n<td>U\u00e7 Kapa\u011f\u0131<\/td>\n<td>DOE,222+Fin,222+Flat,226+Fin,226+Flat<\/td>\n<\/tr>\n<tr>\n<td>Conta\/O halka malzemesi<\/td>\n<td>Silikon\/EPDM\/Viton<\/td>\n<td>Kullan\u0131m<\/td>\n<td>S\u0131v\u0131 Kartu\u015f filtre<\/td>\n<\/tr>\n<tr>\n<td>\u0130\u00e7 \u00e7ekirdek<\/td>\n<td>PP veya Yok<\/td>\n<td>Tedarik Yetene\u011fi<\/td>\n<td>G\u00fcnde 5000 Adet \/ Adet Mikro filtre ortam\u0131<\/td>\n<\/tr>\n<\/tbody>\n<\/table>","protected":false},"featured_media":4272,"comment_status":"open","ping_status":"closed","template":"","meta":{"_gspb_post_css":""},"product_brand":[],"product_cat":[23],"product_tag":[1534,1537,1539,1538,1136,866],"class_list":{"0":"post-4268","1":"product","2":"type-product","3":"status-publish","4":"has-post-thumbnail","6":"product_cat-pp-filter-cartridge","7":"product_tag-inversafilterpurification","8":"product_tag-lvyuan-pp-water-filter","9":"product_tag-made-in-china-filter","10":"product_tag-pp-water-filter","11":"product_tag-water-filter-locks","12":"product_tag-water-filtration-cartridge","14":"first","15":"instock","16":"shipping-taxable","17":"product-type-simple"},"_links":{"self":[{"href":"https:\/\/lyfilter.com\/tr\/wp-json\/wp\/v2\/product\/4268","targetHints":{"allow":["GET"]}}],"collection":[{"href":"https:\/\/lyfilter.com\/tr\/wp-json\/wp\/v2\/product"}],"about":[{"href":"https:\/\/lyfilter.com\/tr\/wp-json\/wp\/v2\/types\/product"}],"replies":[{"embeddable":true,"href":"https:\/\/lyfilter.com\/tr\/wp-json\/wp\/v2\/comments?post=4268"}],"wp:featuredmedia":[{"embeddable":true,"href":"https:\/\/lyfilter.com\/tr\/wp-json\/wp\/v2\/media\/4272"}],"wp:attachment":[{"href":"https:\/\/lyfilter.com\/tr\/wp-json\/wp\/v2\/media?parent=4268"}],"wp:term":[{"taxonomy":"product_brand","embeddable":true,"href":"https:\/\/lyfilter.com\/tr\/wp-json\/wp\/v2\/product_brand?post=4268"},{"taxonomy":"product_cat","embeddable":true,"href":"https:\/\/lyfilter.com\/tr\/wp-json\/wp\/v2\/product_cat?post=4268"},{"taxonomy":"product_tag","embeddable":true,"href":"https:\/\/lyfilter.com\/tr\/wp-json\/wp\/v2\/product_tag?post=4268"}],"curies":[{"name":"wp","href":"https:\/\/api.w.org\/{rel}","templated":true}]}}