{"id":4260,"date":"2026-04-04T06:57:14","date_gmt":"2026-04-04T06:57:14","guid":{"rendered":"https:\/\/lyfilter.com\/"},"modified":"2026-04-04T06:57:15","modified_gmt":"2026-04-04T06:57:15","slug":"pp-filter-cartridge-wholesale-lvyuan-filter","status":"publish","type":"product","link":"https:\/\/lyfilter.com\/tr\/pp-filter-cartridge-wholesale-lvyuan-filter\/","title":{"rendered":"Pp Filtre Kartu\u015fu Toptan Sat\u0131\u015f - Lvyuan Filtre"},"content":{"rendered":"<p><b>H\u0131zl\u0131 Detay<\/b><\/p>\n<p>Lvyuan Su Ar\u0131tma Ekipmanlar\u0131'n\u0131n mekanik ekipman\u0131 makul tasar\u0131ma, kompakt yap\u0131ya ve istikrarl\u0131 performansa sahiptir. Ayr\u0131ca, \u00fcr\u00fcn\u00fcm\u00fcz\u00fcn \u00e7al\u0131\u015ft\u0131r\u0131lmas\u0131 ve kurulmas\u0131 kolay ve rahatt\u0131r. Guangzhou Lvyuan Su Ar\u0131tma Equipment Co, Ltd, pp filtre kartu\u015fu koleksiyonumuzda kullan\u0131lacak en iyi malzemeleri se\u00e7meye b\u00fcy\u00fck \u00f6nem vermektedir. \u00dcr\u00fcn y\u00fcksek kalite ve g\u00fcvenilir performansa sahiptir. Guangzhou Lvyuan Su Ar\u0131tma Equipment Co, Ltd k\u00fcresel profesyonel pp filtre kartu\u015fu alan\u0131nda b\u00fcy\u00fck \u00f6l\u00e7ekli i\u015fletmelerden biri haline gelmi\u015ftir.<\/p>\n<p>&nbsp;<\/p>\n<p><b>\u00dcr\u00fcn Bilgileri<\/b><\/p>\n<p>\u00dcr\u00fcn kalitesine odaklanan Lvyuan Su Ar\u0131tma Ekipmanlar\u0131, pp filtre kartu\u015fu \u00fcretiminde kalite m\u00fckemmelli\u011fi i\u00e7in \u00e7aba g\u00f6stermektedir.<\/p>","protected":false},"excerpt":{"rendered":"<table>\n<thead>\n<tr>\n<th>Uygulanabilir Sekt\u00f6rler<\/th>\n<th>\u00dcretim Tesisi, Yiyecek ve \u0130\u00e7ecek Fabrikas\u0131, Ev Kullan\u0131m\u0131, su ar\u0131tma<\/th>\n<th>Men\u015fe Yeri<\/th>\n<th>Guangdong, \u00c7in<\/th>\n<\/tr>\n<\/thead>\n<tbody>\n<tr>\n<td>Marka Ad\u0131<\/td>\n<td>Lvyuan, OEM, ODM<\/td>\n<td>Malzeme<\/td>\n<td>pp<\/td>\n<\/tr>\n<tr>\n<td>A\u011f\u0131rl\u0131k<\/td>\n<td>\u00f6zelle\u015ftirilmi\u015f<\/td>\n<td>Boyut<\/td>\n<td>\u00f6zelle\u015ftirilmi\u015f, ince, jumbo<\/td>\n<\/tr>\n<tr>\n<td>G\u00fc\u00e7<\/td>\n<td>0<\/td>\n<td>Garanti<\/td>\n<td>Kullan\u0131lam\u0131yor<\/td>\n<\/tr>\n<tr>\n<td>\u00d6zellik<\/td>\n<td>\u00f6zelle\u015ftirilmi\u015f boyut ve logo \u00e7elik \u00e7alma<\/td>\n<td>Sertifikasyon<\/td>\n<td>SGS<\/td>\n<\/tr>\n<tr>\n<td>\u015eekil<\/td>\n<td>Silindir<\/td>\n<td>Kullan\u0131m<\/td>\n<td>su ar\u0131tma<\/td>\n<\/tr>\n<tr>\n<td>Uygulama<\/td>\n<td>end\u00fcstri<\/td>\n<td>Renk<\/td>\n<td>beyaz<\/td>\n<\/tr>\n<tr>\n<td>Paketleme<\/td>\n<td>KA\u011eIT KUTU<\/td>\n<td>Hammadde<\/td>\n<td>pp elyaf<\/td>\n<\/tr>\n<tr>\n<td>G\u00f6r\u00fcn\u00fc\u015f<\/td>\n<td>kabartmal\u0131, parlak, vb.<\/td>\n<td>Sa\u011flanan Sat\u0131\u015f Sonras\u0131 Hizmet<\/td>\n<td>\u00c7evrimi\u00e7i destek<\/td>\n<\/tr>\n<tr>\n<td>Tedarik Yetene\u011fi<\/td>\n<td>5000 Adet\/Hafta ba\u015f\u0131na<\/td>\n<td><\/td>\n<td><\/td>\n<\/tr>\n<\/tbody>\n<\/table>","protected":false},"featured_media":4266,"comment_status":"open","ping_status":"closed","template":"","meta":{"_gspb_post_css":""},"product_brand":[],"product_cat":[23],"product_tag":[1534,1242,648,1136,866,1536],"class_list":{"0":"post-4260","1":"product","2":"type-product","3":"status-publish","4":"has-post-thumbnail","6":"product_cat-pp-filter-cartridge","7":"product_tag-inversafilterpurification","8":"product_tag-lvyuan-filter","9":"product_tag-pp-filter-cartridge","10":"product_tag-water-filter-locks","11":"product_tag-water-filtration-cartridge","12":"product_tag-wholesale-filter-cartridge","14":"first","15":"instock","16":"shipping-taxable","17":"product-type-simple"},"_links":{"self":[{"href":"https:\/\/lyfilter.com\/tr\/wp-json\/wp\/v2\/product\/4260","targetHints":{"allow":["GET"]}}],"collection":[{"href":"https:\/\/lyfilter.com\/tr\/wp-json\/wp\/v2\/product"}],"about":[{"href":"https:\/\/lyfilter.com\/tr\/wp-json\/wp\/v2\/types\/product"}],"replies":[{"embeddable":true,"href":"https:\/\/lyfilter.com\/tr\/wp-json\/wp\/v2\/comments?post=4260"}],"wp:featuredmedia":[{"embeddable":true,"href":"https:\/\/lyfilter.com\/tr\/wp-json\/wp\/v2\/media\/4266"}],"wp:attachment":[{"href":"https:\/\/lyfilter.com\/tr\/wp-json\/wp\/v2\/media?parent=4260"}],"wp:term":[{"taxonomy":"product_brand","embeddable":true,"href":"https:\/\/lyfilter.com\/tr\/wp-json\/wp\/v2\/product_brand?post=4260"},{"taxonomy":"product_cat","embeddable":true,"href":"https:\/\/lyfilter.com\/tr\/wp-json\/wp\/v2\/product_cat?post=4260"},{"taxonomy":"product_tag","embeddable":true,"href":"https:\/\/lyfilter.com\/tr\/wp-json\/wp\/v2\/product_tag?post=4260"}],"curies":[{"name":"wp","href":"https:\/\/api.w.org\/{rel}","templated":true}]}}