{"id":4253,"date":"2026-04-04T06:50:41","date_gmt":"2026-04-04T06:50:41","guid":{"rendered":"https:\/\/lyfilter.com\/"},"modified":"2026-04-04T06:50:41","modified_gmt":"2026-04-04T06:50:41","slug":"lvyuan-stainless-steel-bag-filter-wholesale-for-water","status":"publish","type":"product","link":"https:\/\/lyfilter.com\/tr\/lvyuan-stainless-steel-bag-filter-wholesale-for-water\/","title":{"rendered":"Lvyuan Paslanmaz \u00c7elik Torba Filtre Su \u0130\u00e7in Toptan Sat\u0131\u015f"},"content":{"rendered":"<h3 class=\"do-entry-title\">Paketleme ve Teslimat<\/h3>\n<div class=\"do-entry-list\">\n<dl class=\"do-entry-item\">\n<dt class=\"do-entry-item-key\">Sat\u0131\u015f Birimleri:<\/dt>\n<dd class=\"do-entry-item-val\">Tek \u00fcr\u00fcn<\/dd>\n<\/dl>\n<dl class=\"do-entry-item\">\n<dt class=\"do-entry-item-key\" title=\"Tek paket boyutu:\">Tek paket boyutu:<\/dt>\n<dd class=\"do-entry-item-val\">40X40X150 cm<\/dd>\n<\/dl>\n<dl class=\"do-entry-item\">\n<dt class=\"do-entry-item-key\" title=\"Tek br\u00fct a\u011f\u0131rl\u0131k:\">Tek br\u00fct a\u011f\u0131rl\u0131k:<\/dt>\n<dd class=\"do-entry-item-val\">28.000 kg<\/dd>\n<\/dl>\n<dl class=\"do-entry-item\">\n<dt class=\"do-entry-item-key\" title=\"Teslim S\u00fcresi\">Teslim S\u00fcresi\u00a0<i class=\"next-icon next-icon-help next-icon-xs js-leadtimes-tips\"><\/i>:<\/dt>\n<dd class=\"do-entry-item-val\" title=\"Teslim S\u00fcresi\">\n<div class=\"table-responsive\">\n<table class=\"supply-ability-table ui2-table ui2-table-normal ui2-table-zebra ui2-table-hover\">\n<tbody>\n<tr>\n<td>Miktar (Adet)<\/td>\n<td>1 - 500<\/td>\n<td>&gt;500<\/td>\n<\/tr>\n<tr>\n<td>Tahmini Zaman (g\u00fcn)<\/td>\n<td>7<\/td>\n<td>M\u00fczakere edilecek<\/td>\n<\/tr>\n<\/tbody>\n<\/table>\n<\/div>\n<\/dd>\n<\/dl>\n<\/div>","protected":false},"excerpt":{"rendered":"<table>\n<thead>\n<tr>\n<th>Uygulanabilir Sekt\u00f6rler<\/th>\n<th>\u00dcretim Tesisi, Yiyecek ve \u0130\u00e7ecek Fabrikas\u0131, su ar\u0131tma<\/th>\n<th>Men\u015fe Yeri<\/th>\n<th>Guangdong, \u00c7in<\/th>\n<\/tr>\n<\/thead>\n<tbody>\n<tr>\n<td>Marka Ad\u0131<\/td>\n<td>Lvyuan, OEM, ODM<\/td>\n<td>Malzeme<\/td>\n<td>staniless \u00e7elik 304<\/td>\n<\/tr>\n<tr>\n<td>A\u011f\u0131rl\u0131k<\/td>\n<td>\u00f6zelle\u015ftirilmi\u015f<\/td>\n<td>Boyut<\/td>\n<td>\u00f6zelle\u015ftirilmi\u015f<\/td>\n<\/tr>\n<tr>\n<td>G\u00fc\u00e7<\/td>\n<td>\u00f6zelle\u015ftirilmi\u015f<\/td>\n<td>Garanti<\/td>\n<td>1 Y\u0131l<\/td>\n<\/tr>\n<tr>\n<td>Sa\u011flanan Sat\u0131\u015f Sonras\u0131 Hizmet<\/td>\n<td>\u00c7evrimi\u00e7i destek<\/td>\n<td>\u00d6zellik<\/td>\n<td>\u0130yi s\u0131zd\u0131rmazl\u0131k<\/td>\n<\/tr>\n<tr>\n<td>filtre torbas\u0131 boyutu<\/td>\n<td>180*810mm<\/td>\n<td>Sertifikasyon<\/td>\n<td>SGS<\/td>\n<\/tr>\n<tr>\n<td>malzeme<\/td>\n<td>sus304<\/td>\n<td>Kullan\u0131m<\/td>\n<td>su fi\u0307ltreleme<\/td>\n<\/tr>\n<tr>\n<td>Uygulama<\/td>\n<td>end\u00fcstri<\/td>\n<td>y\u00fczey<\/td>\n<td>cilal\u0131\/ayna<\/td>\n<\/tr>\n<tr>\n<td>Model<\/td>\n<td>BFL<\/td>\n<td>Hammadde<\/td>\n<td>paslanmaz \u00e7elik<\/td>\n<\/tr>\n<tr>\n<td>\u00c7al\u0131\u015fma bas\u0131nc\u0131<\/td>\n<td>100Psi<\/td>\n<td><\/td>\n<td><\/td>\n<\/tr>\n<\/tbody>\n<\/table>","protected":false},"featured_media":4255,"comment_status":"open","ping_status":"closed","template":"","meta":{"_gspb_post_css":""},"product_brand":[],"product_cat":[1135],"product_tag":[1534,1535,1320,1136,1443,1184],"class_list":{"0":"post-4253","1":"product","2":"type-product","3":"status-publish","4":"has-post-thumbnail","6":"product_cat-stainless-steel-bag-filter-housing","7":"product_tag-inversafilterpurification","8":"product_tag-lvyuan-bag-filter","9":"product_tag-stainless-steel-bag-filter","10":"product_tag-water-filter-locks","11":"product_tag-water-filtration-housing","12":"product_tag-wholesale-water-filter","14":"first","15":"instock","16":"shipping-taxable","17":"product-type-simple"},"_links":{"self":[{"href":"https:\/\/lyfilter.com\/tr\/wp-json\/wp\/v2\/product\/4253","targetHints":{"allow":["GET"]}}],"collection":[{"href":"https:\/\/lyfilter.com\/tr\/wp-json\/wp\/v2\/product"}],"about":[{"href":"https:\/\/lyfilter.com\/tr\/wp-json\/wp\/v2\/types\/product"}],"replies":[{"embeddable":true,"href":"https:\/\/lyfilter.com\/tr\/wp-json\/wp\/v2\/comments?post=4253"}],"wp:featuredmedia":[{"embeddable":true,"href":"https:\/\/lyfilter.com\/tr\/wp-json\/wp\/v2\/media\/4255"}],"wp:attachment":[{"href":"https:\/\/lyfilter.com\/tr\/wp-json\/wp\/v2\/media?parent=4253"}],"wp:term":[{"taxonomy":"product_brand","embeddable":true,"href":"https:\/\/lyfilter.com\/tr\/wp-json\/wp\/v2\/product_brand?post=4253"},{"taxonomy":"product_cat","embeddable":true,"href":"https:\/\/lyfilter.com\/tr\/wp-json\/wp\/v2\/product_cat?post=4253"},{"taxonomy":"product_tag","embeddable":true,"href":"https:\/\/lyfilter.com\/tr\/wp-json\/wp\/v2\/product_tag?post=4253"}],"curies":[{"name":"wp","href":"https:\/\/api.w.org\/{rel}","templated":true}]}}