{"id":4235,"date":"2026-04-04T06:43:15","date_gmt":"2026-04-04T06:43:15","guid":{"rendered":"https:\/\/lyfilter.com\/"},"modified":"2026-04-04T06:43:15","modified_gmt":"2026-04-04T06:43:15","slug":"lvyuan-safe-pp-pleated-filter-cartridge-replace-for-water","status":"publish","type":"product","link":"https:\/\/lyfilter.com\/tr\/lvyuan-safe-pp-pleated-filter-cartridge-replace-for-water\/","title":{"rendered":"Lvyuan G\u00fcvenli PP Pileli Filtre Kartu\u015fu Su \u0130\u00e7in De\u011fi\u015ftirin"},"content":{"rendered":"<p><b>\u015eirket Avantajlar\u0131<\/b><br \/>\n<b>1.<\/b>\u00a0Lvyuan 20 mikron pileli su filtresinin geli\u015ftirilmesinde ak\u0131ll\u0131la\u015ft\u0131rma benimsenmi\u015ftir. Belirli bir otomasyon derecesi ve y\u00fcksek teknolojik i\u00e7erik ile geli\u015ftirilmi\u015ftir. Filtrelenen \u00fcr\u00fcne tat, koku veya renk vermeyecektir.<br \/>\n<b>2.<\/b>\u00a0\u00dcr\u00fcn, bina projemin kalabal\u0131\u011f\u0131n i\u00e7inde \u00f6ne \u00e7\u0131kmas\u0131na b\u00fcy\u00fck \u00f6l\u00e7\u00fcde yard\u0131mc\u0131 oldu. G\u00f6z al\u0131c\u0131 \u015fekillerini ve g\u00f6r\u00fcn\u00fcm\u00fcn\u00fc seviyorum. - M\u00fc\u015fterilerimizden biri s\u00f6yledi. Filtre ortam\u0131n\u0131n derinli\u011fi boyunca farkl\u0131 g\u00f6zeneklilik var<br \/>\n<b>3.<\/b>\u00a0\u00dcr\u00fcn, y\u00fcksek kalitesi, m\u00fckemmel performans\u0131 ve \u00e7ok y\u00f6nl\u00fcl\u00fc\u011f\u00fc ile b\u00fcy\u00fck be\u011feni toplamaktad\u0131r. \u0130\u00e7inde bulunan \u00e7ok say\u0131da konik sabitleme deli\u011fi sayesinde y\u00fcksek kir tutma kapasitesine sahiptir<br \/>\n<b>4.<\/b>\u00a0pp\u00a0<a href=\"https:\/\/lyfilter.com\/tr\/pleated-filter-cartridge.html\/\">pileli filtre kartu\u015fu<\/a>\u00a0Guangzhou Lvyuan Su Ar\u0131tma Equipment Co, Ltd'den 20 mikron pileli su filtresinin m\u00fckemmel bir \u00f6zelli\u011fini oynar. Ba\u011flay\u0131c\u0131lar, maddeler, \u00e7\u00f6z\u00fcc\u00fcler, antistatik malzemeler veya \u0131slat\u0131c\u0131 maddeler i\u00e7ermez.<\/p>","protected":false},"excerpt":{"rendered":"<table>\n<thead>\n<tr>\n<th>Uygulanabilir Sekt\u00f6rler<\/th>\n<th>\u00dcretim Tesisi, Yiyecek ve \u0130\u00e7ecek Fabrikas\u0131, su ar\u0131tma<\/th>\n<th>Men\u015fe Yeri<\/th>\n<th>Guangdong, \u00c7in<\/th>\n<\/tr>\n<\/thead>\n<tbody>\n<tr>\n<td>Marka Ad\u0131<\/td>\n<td>Lvyuan, OEM, ODM<\/td>\n<td>Malzeme<\/td>\n<td>pp\/PES\/PVDF\/PTFE\/Naylon<\/td>\n<\/tr>\n<tr>\n<td>A\u011f\u0131rl\u0131k<\/td>\n<td>\u00f6zelle\u015ftirilmi\u015f<\/td>\n<td>Boyut<\/td>\n<td>\u00f6zelle\u015ftirilmi\u015f, ince, jumbo<\/td>\n<\/tr>\n<tr>\n<td>G\u00fc\u00e7<\/td>\n<td>0<\/td>\n<td>Garanti<\/td>\n<td>Kullan\u0131lam\u0131yor<\/td>\n<\/tr>\n<tr>\n<td>\u00d6zellik<\/td>\n<td>filtrasyon alan\u0131n\u0131 art\u0131rd\u0131<\/td>\n<td>Sertifikasyon<\/td>\n<td>SGS<\/td>\n<\/tr>\n<tr>\n<td>\u015eekil<\/td>\n<td>Silindir<\/td>\n<td>Kullan\u0131m<\/td>\n<td>su ar\u0131tma<\/td>\n<\/tr>\n<tr>\n<td>Uygulama<\/td>\n<td>end\u00fcstri<\/td>\n<td>Renk<\/td>\n<td>beyaz<\/td>\n<\/tr>\n<tr>\n<td>Paketleme<\/td>\n<td>KA\u011eIT KUTU<\/td>\n<td>Di\u011fer ad\u0131<\/td>\n<td>katlanir fi\u0307ltre kartu\u015fu<\/td>\n<\/tr>\n<tr>\n<td>mircron oran\u0131<\/td>\n<td>0,1 mikron ila 100 mikron<\/td>\n<td>Sa\u011flanan Sat\u0131\u015f Sonras\u0131 Hizmet<\/td>\n<td>\u00c7evrimi\u00e7i destek<\/td>\n<\/tr>\n<tr>\n<td>Tedarik Yetene\u011fi<\/td>\n<td>5000 Adet\/Hafta ba\u015f\u0131na<\/td>\n<td><\/td>\n<td><\/td>\n<\/tr>\n<\/tbody>\n<\/table>","protected":false},"featured_media":4243,"comment_status":"open","ping_status":"closed","template":"","meta":{"_gspb_post_css":""},"product_brand":[],"product_cat":[21],"product_tag":[743,1528,1530,1529,1136,1476],"class_list":{"0":"post-4235","1":"product","2":"type-product","3":"status-publish","4":"has-post-thumbnail","6":"product_cat-pleated-filter-cartridge","7":"product_tag-industrial-water-filter-cartridge","8":"product_tag-lvyuan-pp-pleated-filter-cartridge","9":"product_tag-pleated-filter-replacement","10":"product_tag-safe-pp-water-filter-cartridge","11":"product_tag-water-filter-locks","12":"product_tag-water-purification-filter-cartridge","14":"first","15":"instock","16":"shipping-taxable","17":"product-type-simple"},"_links":{"self":[{"href":"https:\/\/lyfilter.com\/tr\/wp-json\/wp\/v2\/product\/4235","targetHints":{"allow":["GET"]}}],"collection":[{"href":"https:\/\/lyfilter.com\/tr\/wp-json\/wp\/v2\/product"}],"about":[{"href":"https:\/\/lyfilter.com\/tr\/wp-json\/wp\/v2\/types\/product"}],"replies":[{"embeddable":true,"href":"https:\/\/lyfilter.com\/tr\/wp-json\/wp\/v2\/comments?post=4235"}],"wp:featuredmedia":[{"embeddable":true,"href":"https:\/\/lyfilter.com\/tr\/wp-json\/wp\/v2\/media\/4243"}],"wp:attachment":[{"href":"https:\/\/lyfilter.com\/tr\/wp-json\/wp\/v2\/media?parent=4235"}],"wp:term":[{"taxonomy":"product_brand","embeddable":true,"href":"https:\/\/lyfilter.com\/tr\/wp-json\/wp\/v2\/product_brand?post=4235"},{"taxonomy":"product_cat","embeddable":true,"href":"https:\/\/lyfilter.com\/tr\/wp-json\/wp\/v2\/product_cat?post=4235"},{"taxonomy":"product_tag","embeddable":true,"href":"https:\/\/lyfilter.com\/tr\/wp-json\/wp\/v2\/product_tag?post=4235"}],"curies":[{"name":"wp","href":"https:\/\/api.w.org\/{rel}","templated":true}]}}