{"id":4232,"date":"2026-04-04T06:37:47","date_gmt":"2026-04-04T06:37:47","guid":{"rendered":"https:\/\/lyfilter.com\/"},"modified":"2026-04-04T06:37:47","modified_gmt":"2026-04-04T06:37:47","slug":"lvyuan-pleated-filter-cartridge-wholesaler-for-water-purification","status":"publish","type":"product","link":"https:\/\/lyfilter.com\/tr\/lvyuan-pleated-filter-cartridge-wholesaler-for-water-purification\/","title":{"rendered":"Su Ar\u0131tma i\u00e7in Lvyuan Pileli Filtre Kartu\u015fu Toptanc\u0131s\u0131"},"content":{"rendered":"<h3 class=\"do-entry-title\">Paketleme ve Teslimat<\/h3>\n<div class=\"do-entry-list\">\n<dl class=\"do-entry-item\">\n<dt class=\"do-entry-item-key\">Sat\u0131\u015f Birimleri:<\/dt>\n<dd class=\"do-entry-item-val\">Tek \u00fcr\u00fcn<\/dd>\n<\/dl>\n<dl class=\"do-entry-item\">\n<dt class=\"do-entry-item-key\" title=\"Tek paket boyutu:\">Tek paket boyutu:<\/dt>\n<dd class=\"do-entry-item-val\">68X40X40 cm<\/dd>\n<\/dl>\n<dl class=\"do-entry-item\">\n<dt class=\"do-entry-item-key\" title=\"Tek br\u00fct a\u011f\u0131rl\u0131k:\">Tek br\u00fct a\u011f\u0131rl\u0131k:<\/dt>\n<dd class=\"do-entry-item-val\">23.000 kg<\/dd>\n<\/dl>\n<dl class=\"do-entry-item\">\n<dt class=\"do-entry-item-key\">Paket Tipi:<\/dt>\n<dd class=\"do-entry-item-val pkg-method\">SOE micropore 10\/20\/30\/40 in\u00e7 pileli 0,2 mikron filtre PP 226 Fin adapt\u00f6rl\u00fc naylon 66 membran filtre 10\u2033 50PCS\/CTN, 20\u2033 25PCS\/CTN, 30\u2033 25PCS\/CTN, 40\u2033 25PCS\/CTN.<\/dd>\n<\/dl>\n<dl class=\"do-entry-item\">\n<dt class=\"do-entry-item-key\" title=\"Teslim S\u00fcresi\">Teslim S\u00fcresi\u00a0<i class=\"next-icon next-icon-help next-icon-xs js-leadtimes-tips\"><\/i>:<\/dt>\n<dd class=\"do-entry-item-val\" title=\"Teslim S\u00fcresi\">\n<div class=\"table-responsive\">\n<table class=\"supply-ability-table ui2-table ui2-table-normal ui2-table-zebra ui2-table-hover\">\n<tbody>\n<tr>\n<td>Miktar (Adet)<\/td>\n<td>1 - 100<\/td>\n<td>101 - 500<\/td>\n<td>501 - 1000<\/td>\n<td>&gt;1000<\/td>\n<\/tr>\n<tr>\n<td>Tahmini Zaman (g\u00fcn)<\/td>\n<td>2<\/td>\n<td>5<\/td>\n<td>7<\/td>\n<td>M\u00fczakere edilecek<\/td>\n<\/tr>\n<\/tbody>\n<\/table>\n<\/div>\n<\/dd>\n<\/dl>\n<\/div>","protected":false},"excerpt":{"rendered":"<table>\n<thead>\n<tr>\n<th>Men\u015fe Yeri<\/th>\n<th>Guangdong, \u00c7in<\/th>\n<th>Marka Ad\u0131<\/th>\n<th>\u00d6zelle\u015ftirilmi\u015f<\/th>\n<\/tr>\n<\/thead>\n<tbody>\n<tr>\n<td>Malzeme<\/td>\n<td>\u00d6zelle\u015ftirilmi\u015f<\/td>\n<td>A\u011f\u0131rl\u0131k<\/td>\n<td>\u00d6zelle\u015ftirilmi\u015f<\/td>\n<\/tr>\n<tr>\n<td>Boyut<\/td>\n<td>\u00d6zelle\u015ftirilmi\u015f<\/td>\n<td>G\u00fc\u00e7<\/td>\n<td>0<\/td>\n<\/tr>\n<tr>\n<td>Garanti<\/td>\n<td>Kullan\u0131lam\u0131yor<\/td>\n<td>\u0130sim<\/td>\n<td>SOE mikro g\u00f6zenekli pileli 0,2 mikron filtre naylon 66 membran filtre<\/td>\n<\/tr>\n<tr>\n<td>Filtre membran malzemesi<\/td>\n<td>PP\/PVDF\/PTFE\/PES\/Naylon<\/td>\n<td>Uzunluk<\/td>\n<td>5 \/ 10 \/ 20 \/ 30 \/ 40 \/ 50 \/ 60 in\u00e7<\/td>\n<\/tr>\n<tr>\n<td>Konekt\u00f6r<\/td>\n<td>Fin\/222\/226\/215\/DOE\/Thread<\/td>\n<td>Micron<\/td>\n<td>0.22\/0.5\/1\/3\/5\/10\/25\/50\/75\/100\/150<\/td>\n<\/tr>\n<tr>\n<td>O-ring malzemesi<\/td>\n<td>EPDM\/Viton\/Silikon\/Te-flon<\/td>\n<td>S\u0131zd\u0131rmazl\u0131k y\u00f6ntemi<\/td>\n<td>S\u0131cak eritme kayna\u011f\u0131<\/td>\n<\/tr>\n<tr>\n<td>\u00c7ap<\/td>\n<td>70mm\/OEM<\/td>\n<td>\u0130\u00e7 \u00c7ekirdek<\/td>\n<td>PP\/SS\/OEM<\/td>\n<\/tr>\n<tr>\n<td>ADEDI<\/td>\n<td>\u015eu anda s\u0131n\u0131rl\u0131 de\u011fil<\/td>\n<td>Sa\u011flanan Sat\u0131\u015f Sonras\u0131 Hizmet<\/td>\n<td>\u00c7evrimi\u00e7i destek<\/td>\n<\/tr>\n<\/tbody>\n<\/table>","protected":false},"featured_media":4234,"comment_status":"open","ping_status":"closed","template":"","meta":{"_gspb_post_css":""},"product_brand":[],"product_cat":[21],"product_tag":[743,1526,1527,1478,1136,1476],"class_list":{"0":"post-4232","1":"product","2":"type-product","3":"status-publish","4":"has-post-thumbnail","6":"product_cat-pleated-filter-cartridge","7":"product_tag-industrial-water-filter-cartridge","8":"product_tag-lvyuan-pleated-filter-cartridge","9":"product_tag-pleated-water-filter-wholesaler","10":"product_tag-replacement-pleated-filter","11":"product_tag-water-filter-locks","12":"product_tag-water-purification-filter-cartridge","14":"first","15":"instock","16":"shipping-taxable","17":"product-type-simple"},"_links":{"self":[{"href":"https:\/\/lyfilter.com\/tr\/wp-json\/wp\/v2\/product\/4232","targetHints":{"allow":["GET"]}}],"collection":[{"href":"https:\/\/lyfilter.com\/tr\/wp-json\/wp\/v2\/product"}],"about":[{"href":"https:\/\/lyfilter.com\/tr\/wp-json\/wp\/v2\/types\/product"}],"replies":[{"embeddable":true,"href":"https:\/\/lyfilter.com\/tr\/wp-json\/wp\/v2\/comments?post=4232"}],"wp:featuredmedia":[{"embeddable":true,"href":"https:\/\/lyfilter.com\/tr\/wp-json\/wp\/v2\/media\/4234"}],"wp:attachment":[{"href":"https:\/\/lyfilter.com\/tr\/wp-json\/wp\/v2\/media?parent=4232"}],"wp:term":[{"taxonomy":"product_brand","embeddable":true,"href":"https:\/\/lyfilter.com\/tr\/wp-json\/wp\/v2\/product_brand?post=4232"},{"taxonomy":"product_cat","embeddable":true,"href":"https:\/\/lyfilter.com\/tr\/wp-json\/wp\/v2\/product_cat?post=4232"},{"taxonomy":"product_tag","embeddable":true,"href":"https:\/\/lyfilter.com\/tr\/wp-json\/wp\/v2\/product_tag?post=4232"}],"curies":[{"name":"wp","href":"https:\/\/api.w.org\/{rel}","templated":true}]}}