{"id":4226,"date":"2026-04-04T06:34:39","date_gmt":"2026-04-04T06:34:39","guid":{"rendered":"https:\/\/lyfilter.com\/"},"modified":"2026-04-04T06:34:39","modified_gmt":"2026-04-04T06:34:39","slug":"customized-activated-carbon-filter-element-suppliers-for-water","status":"publish","type":"product","link":"https:\/\/lyfilter.com\/tr\/customized-activated-carbon-filter-element-suppliers-for-water\/","title":{"rendered":"Su \u0130\u00e7in \u00d6zelle\u015ftirilmi\u015f Aktif Karbon Filtre Eleman\u0131 Tedarik\u00e7ileri"},"content":{"rendered":"<p>Daha temiz su ve daha sorunsuz filtreleme i\u00e7in tasarlanan bu \u00f6zelle\u015ftirilmi\u015f aktif karbon filtre eleman\u0131 koku, klor ve istenmeyen kirlerin azalt\u0131lmas\u0131na yard\u0131mc\u0131 olur. G\u00fc\u00e7l\u00fc adsorpsiyon performans\u0131, su ar\u0131tma sistemlerinde istikrarl\u0131 ak\u0131\u015f\u0131 ve g\u00fcvenilir g\u00fcnl\u00fck kullan\u0131m\u0131 destekler.<\/p>","protected":false},"excerpt":{"rendered":"<table>\n<thead>\n<tr>\n<th>Saha<\/th>\n<th>De\u011fer<\/th>\n<\/tr>\n<\/thead>\n<tbody>\n<tr>\n<td>Uygulanabilir Sekt\u00f6rler<\/td>\n<td>\u00dcretim Tesisi; Yiyecek ve \u0130\u00e7ecek Fabrikas\u0131; su ar\u0131tma<\/td>\n<\/tr>\n<tr>\n<td>Men\u015fe Yeri<\/td>\n<td>Guangdong, \u00c7in<\/td>\n<\/tr>\n<tr>\n<td>Marka Ad\u0131<\/td>\n<td>Lvyuan veya OEM \/ ODM<\/td>\n<\/tr>\n<tr>\n<td>Malzeme<\/td>\n<td>hindistan cevizi karbonu, hindistan cevizi karbonu, k\u00f6m\u00fcr karbonu<\/td>\n<\/tr>\n<tr>\n<td>A\u011f\u0131rl\u0131k<\/td>\n<td>\u00f6zelle\u015ftirilmi\u015f<\/td>\n<\/tr>\n<tr>\n<td>Boyut<\/td>\n<td>\u00f6zelle\u015ftirilmi\u015f, \u00f6zelle\u015ftirilmi\u015f<\/td>\n<\/tr>\n<tr>\n<td>G\u00fc\u00e7<\/td>\n<td>0<\/td>\n<\/tr>\n<tr>\n<td>Garanti<\/td>\n<td>Kullan\u0131lam\u0131yor<\/td>\n<\/tr>\n<tr>\n<td>Sa\u011flanan Sat\u0131\u015f Sonras\u0131 Hizmet<\/td>\n<td>\u00c7evrimi\u00e7i destek, \u00c7evrimi\u00e7i destek<\/td>\n<\/tr>\n<tr>\n<td>\u00d6zellik<\/td>\n<td>koku, tortu, koku, vb. giderin<\/td>\n<\/tr>\n<tr>\n<td>Uygulama<\/td>\n<td>\u00d6n filtreleme<\/td>\n<\/tr>\n<tr>\n<td>Renk<\/td>\n<td>Siyah\/gri<\/td>\n<\/tr>\n<tr>\n<td>Tip<\/td>\n<td>Su Filtresi Par\u00e7alar\u0131<\/td>\n<\/tr>\n<tr>\n<td>\u00c7ap<\/td>\n<td>\u00f6zelle\u015ftirilmi\u015f<\/td>\n<\/tr>\n<tr>\n<td>Anahtar Kelimeler<\/td>\n<td>akti\u0307f karbon seri\u0307si\u0307<\/td>\n<\/tr>\n<tr>\n<td>mikron oran\u0131<\/td>\n<td>5\/10\/25 mikron<\/td>\n<\/tr>\n<tr>\n<td>Tedarik Yetene\u011fi<\/td>\n<td>500 Adet\/Hafta ba\u015f\u0131na<\/td>\n<\/tr>\n<\/tbody>\n<\/table>","protected":false},"featured_media":4228,"comment_status":"open","ping_status":"closed","template":"","meta":{"_gspb_post_css":""},"product_brand":[],"product_cat":[1339],"product_tag":[1292,1525,1523,1486,1136,1524],"class_list":{"0":"post-4226","1":"product","2":"type-product","3":"status-publish","4":"has-post-thumbnail","6":"product_cat-carbon-filter","7":"product_tag-activated-carbon-water-filter","8":"product_tag-carbon-filter-suppliers","9":"product_tag-customized-activated-carbon-filter-element","10":"product_tag-industrial-carbon-filter-element","11":"product_tag-water-filter-locks","12":"product_tag-water-purification-carbon-filter","14":"first","15":"instock","16":"shipping-taxable","17":"product-type-simple"},"_links":{"self":[{"href":"https:\/\/lyfilter.com\/tr\/wp-json\/wp\/v2\/product\/4226","targetHints":{"allow":["GET"]}}],"collection":[{"href":"https:\/\/lyfilter.com\/tr\/wp-json\/wp\/v2\/product"}],"about":[{"href":"https:\/\/lyfilter.com\/tr\/wp-json\/wp\/v2\/types\/product"}],"replies":[{"embeddable":true,"href":"https:\/\/lyfilter.com\/tr\/wp-json\/wp\/v2\/comments?post=4226"}],"wp:featuredmedia":[{"embeddable":true,"href":"https:\/\/lyfilter.com\/tr\/wp-json\/wp\/v2\/media\/4228"}],"wp:attachment":[{"href":"https:\/\/lyfilter.com\/tr\/wp-json\/wp\/v2\/media?parent=4226"}],"wp:term":[{"taxonomy":"product_brand","embeddable":true,"href":"https:\/\/lyfilter.com\/tr\/wp-json\/wp\/v2\/product_brand?post=4226"},{"taxonomy":"product_cat","embeddable":true,"href":"https:\/\/lyfilter.com\/tr\/wp-json\/wp\/v2\/product_cat?post=4226"},{"taxonomy":"product_tag","embeddable":true,"href":"https:\/\/lyfilter.com\/tr\/wp-json\/wp\/v2\/product_tag?post=4226"}],"curies":[{"name":"wp","href":"https:\/\/api.w.org\/{rel}","templated":true}]}}