{"id":4219,"date":"2026-04-04T06:31:44","date_gmt":"2026-04-04T06:31:44","guid":{"rendered":"https:\/\/lyfilter.com\/"},"modified":"2026-04-04T06:31:44","modified_gmt":"2026-04-04T06:31:44","slug":"liquid-industry-10-inch-security-cartridge-filter-housing-micro-pleated-cartridge-filter-housing-for-water-treatment-filtration","status":"publish","type":"product","link":"https:\/\/lyfilter.com\/tr\/liquid-industry-10-inch-security-cartridge-filter-housing-micro-pleated-cartridge-filter-housing-for-water-treatment-filtration\/","title":{"rendered":"S\u0131v\u0131 End\u00fcstrisi 10 \u0130n\u00e7 G\u00fcvenlik Kartu\u015fu Filtre Muhafazas\u0131 Su Ar\u0131tma Filtrasyonu \u0130\u00e7in Mikro Pileli Kartu\u015f Filtre Muhafazas\u0131"},"content":{"rendered":"<h3 class=\"do-entry-title\">Paketleme ve Teslimat<\/h3>\n<div class=\"do-entry-list\">\n<dl class=\"do-entry-item\">\n<dt class=\"do-entry-item-key\">Sat\u0131\u015f Birimleri:<\/dt>\n<dd class=\"do-entry-item-val\">Tek \u00fcr\u00fcn<\/dd>\n<\/dl>\n<dl class=\"do-entry-item\">\n<dt class=\"do-entry-item-key\" title=\"Tek paket boyutu:\">Tek paket boyutu:<\/dt>\n<dd class=\"do-entry-item-val\">35X20X35 cm<\/dd>\n<\/dl>\n<dl class=\"do-entry-item\">\n<dt class=\"do-entry-item-key\" title=\"Tek br\u00fct a\u011f\u0131rl\u0131k:\">Tek br\u00fct a\u011f\u0131rl\u0131k:<\/dt>\n<dd class=\"do-entry-item-val\">5.000 kg<\/dd>\n<\/dl>\n<dl class=\"do-entry-item\">\n<dt class=\"do-entry-item-key\">Paket Tipi:<\/dt>\n<dd class=\"do-entry-item-val pkg-method\">10 in\u00e7 g\u00fcvenlik kartu\u015fu filtre muhafazas\u0131 su ar\u0131tma filtrasyonu i\u00e7in mikro pileli kartu\u015f filtre muhafazas\u0131: Paketleme: \u0130hracat standart kutu \/ Gerekti\u011fi gibi<\/dd>\n<\/dl>\n<dl class=\"do-entry-item\">\n<dt class=\"do-entry-item-key\" title=\"Teslim S\u00fcresi\">Teslim S\u00fcresi\u00a0<i class=\"next-icon next-icon-help next-icon-xs js-leadtimes-tips\"><\/i>:<\/dt>\n<dd class=\"do-entry-item-val\" title=\"Teslim S\u00fcresi\">\n<div class=\"table-responsive\">\n<table class=\"supply-ability-table ui2-table ui2-table-normal ui2-table-zebra ui2-table-hover\">\n<tbody>\n<tr>\n<td>Miktar (Adet)<\/td>\n<td>1 - 10<\/td>\n<td>11 - 100<\/td>\n<td>&gt;100<\/td>\n<\/tr>\n<tr>\n<td>Tahmini Zaman (g\u00fcn)<\/td>\n<td>5<\/td>\n<td>10<\/td>\n<td>M\u00fczakere edilecek<\/td>\n<\/tr>\n<\/tbody>\n<\/table>\n<\/div>\n<\/dd>\n<\/dl>\n<\/div>","protected":false},"excerpt":{"rendered":"<table>\n<thead>\n<tr>\n<th>\u00d6znitelik<\/th>\n<th>De\u011fer<\/th>\n<th>\u00d6znitelik<\/th>\n<th>De\u011fer<\/th>\n<\/tr>\n<\/thead>\n<tbody>\n<tr>\n<td>Uygulanabilir Sekt\u00f6rler<\/td>\n<td>Yiyecek ve \u0130\u00e7ecek Fabrikas\u0131, \u00c7iftlikler, Restoran, Ev Kullan\u0131m\u0131, Yiyecek D\u00fckkan\u0131, Enerji ve Madencilik, Yiyecek ve \u0130\u00e7ecek Ma\u011fazalar\u0131<\/td>\n<td>Garanti Sonras\u0131 Hizmet<\/td>\n<td>\u00c7evrimi\u00e7i destek<\/td>\n<\/tr>\n<tr>\n<td>Yerel Hizmet Konumu<\/td>\n<td>Hi\u00e7biri<\/td>\n<td>Showroom Konumu<\/td>\n<td>Hi\u00e7biri<\/td>\n<\/tr>\n<tr>\n<td>Video giden-denetim<\/td>\n<td>Sa\u011fland\u0131<\/td>\n<td>Makine Test Raporu<\/td>\n<td>Sa\u011fland\u0131<\/td>\n<\/tr>\n<tr>\n<td>Pazarlama T\u00fcr\u00fc<\/td>\n<td>S\u0131radan \u00dcr\u00fcn<\/td>\n<td>\u00c7ekirdek bile\u015fenlerin garantisi<\/td>\n<td>1 Y\u0131l<\/td>\n<\/tr>\n<tr>\n<td>\u00c7ekirdek Bile\u015fenler<\/td>\n<td>Bas\u0131n\u00e7l\u0131 kap<\/td>\n<td>Men\u015fe Yeri<\/td>\n<td>Guangdong, \u00c7in<\/td>\n<\/tr>\n<tr>\n<td>Marka Ad\u0131<\/td>\n<td>LVYUAN\/OEM<\/td>\n<td>Garanti<\/td>\n<td>1 Y\u0131l<\/td>\n<\/tr>\n<tr>\n<td>Sa\u011flanan Sat\u0131\u015f Sonras\u0131 Hizmet<\/td>\n<td>\u00c7evrimi\u00e7i destek<\/td>\n<td>\u00dcr\u00fcn Ad\u0131<\/td>\n<td>Mikro pileli kartu\u015f filtre muhafazas\u0131<\/td>\n<\/tr>\n<tr>\n<td>Muhafaza Malzemesi<\/td>\n<td>SS304\/SS316L<\/td>\n<td>Filtre kartu\u015fu uzunlu\u011fu<\/td>\n<td>10\u2033 20\u2033 30\u2033 40\u2033<\/td>\n<\/tr>\n<tr>\n<td>Kartu\u015f filtre miktar\u0131<\/td>\n<td>Tek \u00e7ekirdek<\/td>\n<td>Y\u00fczey i\u015fleme<\/td>\n<td>Cilal\u0131 &amp; Kumlama<\/td>\n<\/tr>\n<tr>\n<td>Conta o-ringi<\/td>\n<td>Silastik\/NBR\/EPDM\/Viton<\/td>\n<td>\u00dcst kapak tak\u0131l\u0131 tip<\/td>\n<td>Kelep\u00e7e tipi<\/td>\n<\/tr>\n<tr>\n<td>Konekt\u00f6r tipi<\/td>\n<td>222\/226\/DOE<\/td>\n<td>Giri\u015f ve \u00c7\u0131k\u0131\u015f tipi<\/td>\n<td>\u0130\u00e7 di\u015fli<\/td>\n<\/tr>\n<tr>\n<td>Paketleme y\u00f6ntemi<\/td>\n<td>\u0130hracat standart kutusu<\/td>\n<td><\/td>\n<td><\/td>\n<\/tr>\n<\/tbody>\n<\/table>","protected":false},"featured_media":4223,"comment_status":"open","ping_status":"closed","template":"","meta":{"_gspb_post_css":""},"product_brand":[],"product_cat":[15],"product_tag":[1519,1521,1520,1522,1136,1509],"class_list":{"0":"post-4219","1":"product","2":"type-product","3":"status-publish","4":"has-post-thumbnail","6":"product_cat-stainless-steel-filter-housing","7":"product_tag-10-inch-cartridge-filter-housing","8":"product_tag-liquid-industry-filter-housing","9":"product_tag-micro-pleated-filter-housing","10":"product_tag-security-cartridge-housing","11":"product_tag-water-filter-locks","12":"product_tag-water-treatment-filter-housing","14":"first","15":"instock","16":"shipping-taxable","17":"product-type-simple"},"_links":{"self":[{"href":"https:\/\/lyfilter.com\/tr\/wp-json\/wp\/v2\/product\/4219","targetHints":{"allow":["GET"]}}],"collection":[{"href":"https:\/\/lyfilter.com\/tr\/wp-json\/wp\/v2\/product"}],"about":[{"href":"https:\/\/lyfilter.com\/tr\/wp-json\/wp\/v2\/types\/product"}],"replies":[{"embeddable":true,"href":"https:\/\/lyfilter.com\/tr\/wp-json\/wp\/v2\/comments?post=4219"}],"wp:featuredmedia":[{"embeddable":true,"href":"https:\/\/lyfilter.com\/tr\/wp-json\/wp\/v2\/media\/4223"}],"wp:attachment":[{"href":"https:\/\/lyfilter.com\/tr\/wp-json\/wp\/v2\/media?parent=4219"}],"wp:term":[{"taxonomy":"product_brand","embeddable":true,"href":"https:\/\/lyfilter.com\/tr\/wp-json\/wp\/v2\/product_brand?post=4219"},{"taxonomy":"product_cat","embeddable":true,"href":"https:\/\/lyfilter.com\/tr\/wp-json\/wp\/v2\/product_cat?post=4219"},{"taxonomy":"product_tag","embeddable":true,"href":"https:\/\/lyfilter.com\/tr\/wp-json\/wp\/v2\/product_tag?post=4219"}],"curies":[{"name":"wp","href":"https:\/\/api.w.org\/{rel}","templated":true}]}}