{"id":4211,"date":"2026-04-04T06:24:57","date_gmt":"2026-04-04T06:24:57","guid":{"rendered":"https:\/\/lyfilter.com\/"},"modified":"2026-04-04T06:24:57","modified_gmt":"2026-04-04T06:24:57","slug":"cleanable-20-inch-0-2-micron-sintered-titanium-water-filter-candle-porous-titanium-filter","status":"publish","type":"product","link":"https:\/\/lyfilter.com\/tr\/cleanable-20-inch-0-2-micron-sintered-titanium-water-filter-candle-porous-titanium-filter\/","title":{"rendered":"Temizlenebilir 20 \u0130n\u00e7 0.2 Mikron Sinterlenmi\u015f Titanyum Su Filtresi Mum \/ G\u00f6zenekli Titanyum Filtre"},"content":{"rendered":"<p>\u0130nce su ar\u0131tma i\u00e7in tasarlanan bu 20 in\u00e7 0,2 mikron sinterlenmi\u015f Titanyum filtre mumu, istikrarl\u0131 ak\u0131\u015f\u0131, g\u00fcvenilir partik\u00fcl giderimini ve pratik g\u00fcnl\u00fck kullan\u0131m\u0131 destekleyen g\u00f6zenekli yap\u0131s\u0131yla temizlenebilir, uzun \u00f6m\u00fcrl\u00fc performans sunar.<\/p>","protected":false},"excerpt":{"rendered":"<table>\n<thead>\n<tr>\n<th>\u00d6znitelik<\/th>\n<th>De\u011fer<\/th>\n<th>\u00d6znitelik<\/th>\n<th>De\u011fer<\/th>\n<\/tr>\n<\/thead>\n<tbody>\n<tr>\n<td>Uygulanabilir Sekt\u00f6rler<\/td>\n<td>Yap\u0131 Malzemeleri Ma\u011fazalar\u0131, Yiyecek ve \u0130\u00e7ecek Fabrikas\u0131, Ev Kullan\u0131m\u0131, Matbaalar, Enerji ve Madencilik, Yiyecek ve \u0130\u00e7ecek Ma\u011fazalar\u0131<\/td>\n<td>Men\u015fe Yeri<\/td>\n<td>Guangdong, \u00c7in<\/td>\n<\/tr>\n<tr>\n<td>Marka Ad\u0131<\/td>\n<td>Lvyuan\/OEM<\/td>\n<td>Malzeme<\/td>\n<td>Titanyum, saf titanyum<\/td>\n<\/tr>\n<tr>\n<td>A\u011f\u0131rl\u0131k<\/td>\n<td>\u00d6zelle\u015ftirilmi\u015f<\/td>\n<td>Boyut<\/td>\n<td>\u00d6zelle\u015ftirilmi\u015f<\/td>\n<\/tr>\n<tr>\n<td>G\u00fc\u00e7<\/td>\n<td>0<\/td>\n<td>Garanti<\/td>\n<td>Kullan\u0131lam\u0131yor<\/td>\n<\/tr>\n<tr>\n<td>\u0130sim<\/td>\n<td>Temizlenebilir 20 in\u00e7 sinterlenmi\u015f titanyum su filtresi mumu<\/td>\n<td>Aray\u00fcz<\/td>\n<td>222, 226, 215, Flat, M20, M30, M42<\/td>\n<\/tr>\n<tr>\n<td>D\u0131\u015f \u00c7ap<\/td>\n<td>60-70 mm<\/td>\n<td>Uzunluk<\/td>\n<td>5, 10, 20, 30, 40 in\u00e7 veya \u00f6zelle\u015ftirilmi\u015f<\/td>\n<\/tr>\n<tr>\n<td>Micron<\/td>\n<td>0,1 ~ 100 mikron<\/td>\n<td>G\u00f6zeneklilik<\/td>\n<td>28~50%<\/td>\n<\/tr>\n<tr>\n<td>S\u0131cakl\u0131k Tolerans\u0131<\/td>\n<td>\u2264300 \u2103 (Islak)<\/td>\n<td>Kullan\u0131m<\/td>\n<td>maden suyu, \u015farap vb. filtreleyin<\/td>\n<\/tr>\n<tr>\n<td>Y\u0131kama yolu<\/td>\n<td>Kuyu y\u0131kama &amp; Geri y\u0131kama<\/td>\n<td>Sa\u011flanan Sat\u0131\u015f Sonras\u0131 Hizmet<\/td>\n<td>\u00c7evrimi\u00e7i destek<\/td>\n<\/tr>\n<tr>\n<td>Tedarik Yetene\u011fi<\/td>\n<td>G\u00fcnde 500 Adet \/ Adet<\/td>\n<td><\/td>\n<td><\/td>\n<\/tr>\n<\/tbody>\n<\/table>","protected":false},"featured_media":4212,"comment_status":"open","ping_status":"closed","template":"","meta":{"_gspb_post_css":""},"product_brand":[],"product_cat":[1141],"product_tag":[1512,1511,1514,1513,1492,1136],"class_list":{"0":"post-4211","1":"product","2":"type-product","3":"status-publish","4":"has-post-thumbnail","6":"product_cat-titanium-filter-cartridge","7":"product_tag-0-2-micron-sintered-titanium-filter","8":"product_tag-20-inch-titanium-filter-candle","9":"product_tag-cleanable-water-filter-candle","10":"product_tag-porous-titanium-water-filter","11":"product_tag-sintered-metal-water-filter","12":"product_tag-water-filter-locks","14":"first","15":"instock","16":"shipping-taxable","17":"product-type-simple"},"_links":{"self":[{"href":"https:\/\/lyfilter.com\/tr\/wp-json\/wp\/v2\/product\/4211","targetHints":{"allow":["GET"]}}],"collection":[{"href":"https:\/\/lyfilter.com\/tr\/wp-json\/wp\/v2\/product"}],"about":[{"href":"https:\/\/lyfilter.com\/tr\/wp-json\/wp\/v2\/types\/product"}],"replies":[{"embeddable":true,"href":"https:\/\/lyfilter.com\/tr\/wp-json\/wp\/v2\/comments?post=4211"}],"wp:featuredmedia":[{"embeddable":true,"href":"https:\/\/lyfilter.com\/tr\/wp-json\/wp\/v2\/media\/4212"}],"wp:attachment":[{"href":"https:\/\/lyfilter.com\/tr\/wp-json\/wp\/v2\/media?parent=4211"}],"wp:term":[{"taxonomy":"product_brand","embeddable":true,"href":"https:\/\/lyfilter.com\/tr\/wp-json\/wp\/v2\/product_brand?post=4211"},{"taxonomy":"product_cat","embeddable":true,"href":"https:\/\/lyfilter.com\/tr\/wp-json\/wp\/v2\/product_cat?post=4211"},{"taxonomy":"product_tag","embeddable":true,"href":"https:\/\/lyfilter.com\/tr\/wp-json\/wp\/v2\/product_tag?post=4211"}],"curies":[{"name":"wp","href":"https:\/\/api.w.org\/{rel}","templated":true}]}}