{"id":4203,"date":"2026-04-04T06:21:48","date_gmt":"2026-04-04T06:21:48","guid":{"rendered":"https:\/\/lyfilter.com\/"},"modified":"2026-04-04T06:21:49","modified_gmt":"2026-04-04T06:21:49","slug":"40-inch-stainless-steel-precision-water-filter-housing-with-cartridge-for-water-treatment","status":"publish","type":"product","link":"https:\/\/lyfilter.com\/tr\/40-inch-stainless-steel-precision-water-filter-housing-with-cartridge-for-water-treatment\/","title":{"rendered":"Su Ar\u0131tma \u0130\u00e7in Kartu\u015flu 40 \u0130n\u00e7 Paslanmaz \u00c7elik Hassas Su Filtresi Muhafazas\u0131"},"content":{"rendered":"<p>Temiz ve istikrarl\u0131 su ar\u0131t\u0131m\u0131 i\u00e7in \u00fcretilen bu 40 in\u00e7 paslanmaz \u00e7elik kartu\u015flu hassas filtre muhafazas\u0131, ak\u0131\u015f\u0131 d\u00fczg\u00fcn tutarken ince partik\u00fcllerin yakalanmas\u0131na yard\u0131mc\u0131 olur. Dayan\u0131kl\u0131 g\u00f6vdesi g\u00fcvenilir filtrelemeyi ve pratik uzun s\u00fcreli kullan\u0131m\u0131 destekler.<\/p>","protected":false},"excerpt":{"rendered":"<table>\n<thead>\n<tr>\n<th>\u00d6znitelik<\/th>\n<th>De\u011fer<\/th>\n<th>\u00d6znitelik<\/th>\n<th>De\u011fer<\/th>\n<\/tr>\n<\/thead>\n<tbody>\n<tr>\n<td>Uygulanabilir Sekt\u00f6rler<\/td>\n<td>\u00dcretim Tesisi, Yiyecek ve \u0130\u00e7ecek Fabrikas\u0131, su ar\u0131tma<\/td>\n<td>Men\u015fe Yeri<\/td>\n<td>Guangdong, \u00c7in<\/td>\n<\/tr>\n<tr>\n<td>Marka Ad\u0131<\/td>\n<td>Lvyuan, OEM, ODM<\/td>\n<td>Malzeme<\/td>\n<td>paslanmaz \u00e7elik 304\/316<\/td>\n<\/tr>\n<tr>\n<td>A\u011f\u0131rl\u0131k<\/td>\n<td>\u00f6zelle\u015ftirilmi\u015f<\/td>\n<td>Boyut<\/td>\n<td>\u00f6zelle\u015ftirilmi\u015f, 10\u201d, 20\u201d, 30\u201d, 40\u201d<\/td>\n<\/tr>\n<tr>\n<td>G\u00fc\u00e7<\/td>\n<td>0<\/td>\n<td>Garanti<\/td>\n<td>Kullan\u0131lam\u0131yor<\/td>\n<\/tr>\n<tr>\n<td>\u00d6zellik<\/td>\n<td>kolayca taksitlendirme<\/td>\n<td>Sertifikasyon<\/td>\n<td>SGS<\/td>\n<\/tr>\n<tr>\n<td>malzeme<\/td>\n<td>SS304\/SS316<\/td>\n<td>Kullan\u0131m<\/td>\n<td>su fi\u0307ltreleme<\/td>\n<\/tr>\n<tr>\n<td>Uygulama<\/td>\n<td>end\u00fcstri<\/td>\n<td>y\u00fczey<\/td>\n<td>Cilal\u0131<\/td>\n<\/tr>\n<tr>\n<td>Model<\/td>\n<td>LY02<\/td>\n<td>Hammadde<\/td>\n<td>paslanmaz \u00e7elik<\/td>\n<\/tr>\n<tr>\n<td>\u00c7al\u0131\u015fma bas\u0131nc\u0131<\/td>\n<td>150Psi<\/td>\n<td>Sa\u011flanan Sat\u0131\u015f Sonras\u0131 Hizmet<\/td>\n<td>\u00c7evrimi\u00e7i destek<\/td>\n<\/tr>\n<tr>\n<td>Tedarik Yetene\u011fi<\/td>\n<td>1000 Adet \/ Adet her Ay<\/td>\n<td><\/td>\n<td><\/td>\n<\/tr>\n<\/tbody>\n<\/table>","protected":false},"featured_media":4209,"comment_status":"open","ping_status":"closed","template":"","meta":{"_gspb_post_css":""},"product_brand":[],"product_cat":[15],"product_tag":[1507,1510,1508,1440,1136,1509],"class_list":{"0":"post-4203","1":"product","2":"type-product","3":"status-publish","4":"has-post-thumbnail","6":"product_cat-stainless-steel-filter-housing","7":"product_tag-40-inch-filter-housing","8":"product_tag-industrial-water-filtration-housing","9":"product_tag-precision-cartridge-filter-housing","10":"product_tag-stainless-steel-water-filter-housing","11":"product_tag-water-filter-locks","12":"product_tag-water-treatment-filter-housing","14":"first","15":"instock","16":"shipping-taxable","17":"product-type-simple"},"_links":{"self":[{"href":"https:\/\/lyfilter.com\/tr\/wp-json\/wp\/v2\/product\/4203","targetHints":{"allow":["GET"]}}],"collection":[{"href":"https:\/\/lyfilter.com\/tr\/wp-json\/wp\/v2\/product"}],"about":[{"href":"https:\/\/lyfilter.com\/tr\/wp-json\/wp\/v2\/types\/product"}],"replies":[{"embeddable":true,"href":"https:\/\/lyfilter.com\/tr\/wp-json\/wp\/v2\/comments?post=4203"}],"wp:featuredmedia":[{"embeddable":true,"href":"https:\/\/lyfilter.com\/tr\/wp-json\/wp\/v2\/media\/4209"}],"wp:attachment":[{"href":"https:\/\/lyfilter.com\/tr\/wp-json\/wp\/v2\/media?parent=4203"}],"wp:term":[{"taxonomy":"product_brand","embeddable":true,"href":"https:\/\/lyfilter.com\/tr\/wp-json\/wp\/v2\/product_brand?post=4203"},{"taxonomy":"product_cat","embeddable":true,"href":"https:\/\/lyfilter.com\/tr\/wp-json\/wp\/v2\/product_cat?post=4203"},{"taxonomy":"product_tag","embeddable":true,"href":"https:\/\/lyfilter.com\/tr\/wp-json\/wp\/v2\/product_tag?post=4203"}],"curies":[{"name":"wp","href":"https:\/\/api.w.org\/{rel}","templated":true}]}}