{"id":4192,"date":"2026-04-04T06:14:53","date_gmt":"2026-04-04T06:14:53","guid":{"rendered":"https:\/\/lyfilter.com\/"},"modified":"2026-04-04T06:14:53","modified_gmt":"2026-04-04T06:14:53","slug":"for-food-carbon-steel-bag-filter-housing-by-lvyuan-filter","status":"publish","type":"product","link":"https:\/\/lyfilter.com\/tr\/for-food-carbon-steel-bag-filter-housing-by-lvyuan-filter\/","title":{"rendered":"Lvyuan Filtre ile G\u0131da Karbon \u00c7elik Torba Filtre Muhafazas\u0131 i\u00e7in"},"content":{"rendered":"<h3 class=\"do-entry-title\">Paketleme ve Teslimat<\/h3>\n<p><b>\u015eirket Avantajlar\u0131<\/b><\/p>\n<p>\u00b7\u00a0<a href=\"https:\/\/lyfilter.com\/tr\/\">Lvyuan Filtre<\/a>\u00a0karbon \u00e7elik torba filtre muhafazas\u0131, m\u00fc\u015fteriye \u00f6zel gereksinimlere g\u00f6re hassas bir \u015fekilde tasarlanm\u0131\u015f ve \u00fcretilmi\u015ftir.<\/p>\n<p>- \u00dcr\u00fcn, end\u00fcstri kalite standartlar\u0131na g\u00f6re resmi olarak onaylanm\u0131\u015ft\u0131r<\/p>\n<p>- Guangzhou Lvyuan Su Ar\u0131tma Equipment Co, Ltd t\u00fcm m\u00fc\u015fterilerimiz i\u00e7in en iyi hizmeti sa\u011flayacakt\u0131r.<\/p>\n<p>&nbsp;<\/p>\n<div class=\"pro_aliData\">\n<div class=\"detail-box\">\n<div class=\"scc-wrapper detail-module module-cspu\" data-module=\"cspu\"><\/div>\n<div class=\"scc-wrapper detail-module module-productPackagingAndQuickDetail\" data-spm=\"prilinga1e\">\n<div class=\"widget-detail-overview\">\n<div class=\"do-title\">Genel Bak\u0131\u015f<\/div>\n<div id=\"car-parts-model\"><\/div>\n<div class=\"do-content\">\n<div class=\"do-overview\">\n<div class=\"do-entry do-entry-separate\">\n<div class=\"do-entry-title\">H\u0131zl\u0131 Ayr\u0131nt\u0131lar<\/div>\n<div class=\"do-entry-list\">\n<dl id=\"224439040\" class=\"do-entry-item\">\n<dt class=\"do-entry-item\"><span class=\"attr-name J-attr-name\" title=\"Uygulanabilir Sekt\u00f6rler\">Uygulanabilir End\u00fcstriler:<\/span><\/dt>\n<dd class=\"do-entry-item-val\">\n<div class=\"ellipsis\" title=\"Oteller, Konfeksiyon Ma\u011fazalar\u0131, \u0130n\u015faat Malzemesi Ma\u011fazalar\u0131, \u00dcretim Tesisi, Makine Tamir At\u00f6lyeleri, Yiyecek ve \u0130\u00e7ecek Fabrikas\u0131, \u00c7iftlikler, Restoran, Ev Kullan\u0131m\u0131, Perakende, Yiyecek Ma\u011fazas\u0131, Matbaalar, \u0130n\u015faat i\u015fleri, Enerji ve Madencilik, Yiyecek ve \u0130\u00e7ecek Ma\u011fazalar\u0131, Reklam \u015eirketi\">Oteller, Konfeksiyon Ma\u011fazalar\u0131, \u0130n\u015faat Malzemesi Ma\u011fazalar\u0131, \u00dcretim Tesisi, Makine Tamir At\u00f6lyeleri, Yiyecek ve \u0130\u00e7ecek Fabrikas\u0131, \u00c7iftlikler, Restoran, Ev Kullan\u0131m\u0131, Perakende, Yiyecek Ma\u011fazas\u0131, Matbaalar, \u0130n\u015faat i\u015fleri, Enerji ve Madencilik, Yiyecek ve \u0130\u00e7ecek Ma\u011fazalar\u0131, Reklam \u015eirketi<\/div>\n<\/dd>\n<\/dl>\n<\/div>\n<\/div>\n<\/div>\n<\/div>\n<\/div>\n<\/div>\n<\/div>\n<\/div>\n<div class=\"do-entry-list\">\n<dl class=\"do-entry-item\">\n<dt class=\"do-entry-item-key\">Sat\u0131\u015f Birimleri:<\/dt>\n<dd class=\"do-entry-item-val\">Tek \u00fcr\u00fcn<\/dd>\n<\/dl>\n<dl class=\"do-entry-item\">\n<dt class=\"do-entry-item-key\" title=\"Tek paket boyutu:\">Tek paket boyutu:<\/dt>\n<dd class=\"do-entry-item-val\">75X50X75 cm<\/dd>\n<\/dl>\n<dl class=\"do-entry-item\">\n<dt class=\"do-entry-item-key\" title=\"Tek br\u00fct a\u011f\u0131rl\u0131k:\">Tek br\u00fct a\u011f\u0131rl\u0131k:<\/dt>\n<dd class=\"do-entry-item-val\">30.000 kg<\/dd>\n<\/dl>\n<dl class=\"do-entry-item\">\n<dt class=\"do-entry-item-key\">Paket Tipi:<\/dt>\n<dd class=\"do-entry-item-val pkg-method\">50 mikron SS304 316L end\u00fcstriyel tutkal s\u0131v\u0131 filtresi SS pn\u00f6matik diyafram pompal\u0131 paslanmaz \u00e7elik kartu\u015f filtre makinesi: Paketleme: \u0130hracat standart kutu \/ Gerekti\u011fi gibi<\/dd>\n<\/dl>\n<dl class=\"do-entry-item\">\n<dt class=\"do-entry-item-key\" title=\"Teslim S\u00fcresi\">Teslim S\u00fcresi\u00a0<i class=\"next-icon next-icon-help next-icon-xs js-leadtimes-tips\"><\/i>:<\/dt>\n<dd class=\"do-entry-item-val\" title=\"Teslim S\u00fcresi\">\n<div class=\"table-responsive\">\n<table class=\"supply-ability-table ui2-table ui2-table-normal ui2-table-zebra ui2-table-hover\">\n<tbody>\n<tr>\n<td>Miktar (Adet)<\/td>\n<td>1 - 10<\/td>\n<td>11 - 100<\/td>\n<td>&gt;100<\/td>\n<\/tr>\n<tr>\n<td>Tahmini Zaman (g\u00fcn)<\/td>\n<td>5<\/td>\n<td>10<\/td>\n<td>M\u00fczakere edilecek<\/td>\n<\/tr>\n<\/tbody>\n<\/table>\n<\/div>\n<\/dd>\n<\/dl>\n<\/div>","protected":false},"excerpt":{"rendered":"<table>\n<thead>\n<tr>\n<th>\u00d6znitelik<\/th>\n<th>De\u011fer<\/th>\n<th>\u00d6znitelik<\/th>\n<th>De\u011fer<\/th>\n<\/tr>\n<\/thead>\n<tbody>\n<tr>\n<td>Men\u015fe Yeri<\/td>\n<td>Guangdong, \u00c7in<\/td>\n<td>Marka Ad\u0131<\/td>\n<td>LVYUAN\/OEM<\/td>\n<\/tr>\n<tr>\n<td>Garanti<\/td>\n<td>1 Y\u0131l<\/td>\n<td>Sa\u011flanan Sat\u0131\u015f Sonras\u0131 Hizmet<\/td>\n<td>\u00c7evrimi\u00e7i destek<\/td>\n<\/tr>\n<tr>\n<td>\u00dcr\u00fcn Ad\u0131<\/td>\n<td>End\u00fcstriyel 1 2 3 4 5 a\u015famal\u0131 filtre kartu\u015fu muhafazas\u0131 ar\u0131tma<\/td>\n<td>Malzeme<\/td>\n<td>SS304 \/ SS316L<\/td>\n<\/tr>\n<tr>\n<td>Filtre torbas\u0131 malzemesi<\/td>\n<td>PE \u00c7ANTA\/PP \u00c7ANTA<\/td>\n<td>Torba filtre miktar\u0131<\/td>\n<td>Tek torba filtre muhafazas\u0131<\/td>\n<\/tr>\n<tr>\n<td>Y\u00fczey i\u015fleme<\/td>\n<td>Cilal\u0131 &amp; Kumlama<\/td>\n<td>Conta o-ringi<\/td>\n<td>Silastik\/NBR\/EPDM\/Viton<\/td>\n<\/tr>\n<tr>\n<td>\u00dcst kapak tak\u0131l\u0131 tip<\/td>\n<td>Kelep\u00e7e tipi\/C\u0131vata tipi<\/td>\n<td>Giri\u015f ve \u00c7\u0131k\u0131\u015f tipi<\/td>\n<td>\u0130\u00e7 di\u015fli\/Flan\u015f<\/td>\n<\/tr>\n<tr>\n<td>Konekt\u00f6r tipi<\/td>\n<td>222\/226\/DOE<\/td>\n<td>Paketleme y\u00f6ntemi<\/td>\n<td>\u0130hracat standart kutusu<\/td>\n<\/tr>\n<\/tbody>\n<\/table>","protected":false},"featured_media":4198,"comment_status":"open","ping_status":"closed","template":"","meta":{"_gspb_post_css":""},"product_brand":[],"product_cat":[1135],"product_tag":[1499,1501,1503,1502,1500,1136],"class_list":{"0":"post-4192","1":"product","2":"type-product","3":"status-publish","4":"has-post-thumbnail","6":"product_cat-stainless-steel-bag-filter-housing","7":"product_tag-carbon-steel-bag-filter-housing","8":"product_tag-food-filtration-housing","9":"product_tag-food-processing-filter-system","10":"product_tag-industrial-bag-filter-housing","11":"product_tag-lvyuan-filter-bag-housing","12":"product_tag-water-filter-locks","14":"first","15":"instock","16":"shipping-taxable","17":"product-type-simple"},"_links":{"self":[{"href":"https:\/\/lyfilter.com\/tr\/wp-json\/wp\/v2\/product\/4192","targetHints":{"allow":["GET"]}}],"collection":[{"href":"https:\/\/lyfilter.com\/tr\/wp-json\/wp\/v2\/product"}],"about":[{"href":"https:\/\/lyfilter.com\/tr\/wp-json\/wp\/v2\/types\/product"}],"replies":[{"embeddable":true,"href":"https:\/\/lyfilter.com\/tr\/wp-json\/wp\/v2\/comments?post=4192"}],"wp:featuredmedia":[{"embeddable":true,"href":"https:\/\/lyfilter.com\/tr\/wp-json\/wp\/v2\/media\/4198"}],"wp:attachment":[{"href":"https:\/\/lyfilter.com\/tr\/wp-json\/wp\/v2\/media?parent=4192"}],"wp:term":[{"taxonomy":"product_brand","embeddable":true,"href":"https:\/\/lyfilter.com\/tr\/wp-json\/wp\/v2\/product_brand?post=4192"},{"taxonomy":"product_cat","embeddable":true,"href":"https:\/\/lyfilter.com\/tr\/wp-json\/wp\/v2\/product_cat?post=4192"},{"taxonomy":"product_tag","embeddable":true,"href":"https:\/\/lyfilter.com\/tr\/wp-json\/wp\/v2\/product_tag?post=4192"}],"curies":[{"name":"wp","href":"https:\/\/api.w.org\/{rel}","templated":true}]}}