{"id":4185,"date":"2026-04-04T06:09:21","date_gmt":"2026-04-04T06:09:21","guid":{"rendered":"https:\/\/lyfilter.com\/"},"modified":"2026-04-04T06:09:21","modified_gmt":"2026-04-04T06:09:21","slug":"wholesale-sinter-candle-filter-oem-microns-sintered-carbon-block-water-filter-for-drinking-water-bottle","status":"publish","type":"product","link":"https:\/\/lyfilter.com\/tr\/wholesale-sinter-candle-filter-oem-microns-sintered-carbon-block-water-filter-for-drinking-water-bottle\/","title":{"rendered":"Toptan Sinter Mum Filtresi Oem Mikronlar\u0131 \u0130\u00e7me Suyu \u015ei\u015fesi \u0130\u00e7in Sinterlenmi\u015f Karbon Blok Su Filtresi"},"content":{"rendered":"<p>Daha temiz g\u00fcnl\u00fck su t\u00fcketimi i\u00e7in \u00fcretilen bu sinter mum filtre, istenmeyen partik\u00fclleri azaltmak ve daha iyi tad\u0131 desteklemek i\u00e7in sinterlenmi\u015f bir karbon blok yap\u0131s\u0131 kullan\u0131r. Sabit ak\u0131\u015f ve pratik filtreleme gerektiren i\u00e7me suyu \u015fi\u015fesi uygulamalar\u0131na uyar.<\/p>","protected":false},"excerpt":{"rendered":"<table>\n<thead>\n<tr>\n<th>\u00d6znitelik<\/th>\n<th>De\u011fer<\/th>\n<th>\u00d6znitelik<\/th>\n<th>De\u011fer<\/th>\n<\/tr>\n<\/thead>\n<tbody>\n<tr>\n<td>Men\u015fe Yeri<\/td>\n<td>\u00c7in<\/td>\n<td>G\u00fc\u00e7 (W)<\/td>\n<td>0<\/td>\n<\/tr>\n<tr>\n<td>Gerilim (V)<\/td>\n<td>0<\/td>\n<td>Sa\u011flanan Sat\u0131\u015f Sonras\u0131 Hizmet<\/td>\n<td>Yerinde Kurulum, \u00c7evrimi\u00e7i destek<\/td>\n<\/tr>\n<tr>\n<td>Garanti<\/td>\n<td>1 Y\u0131l<\/td>\n<td>Tip<\/td>\n<td>Aktif Karbon<\/td>\n<\/tr>\n<tr>\n<td>Sertifikasyon<\/td>\n<td>ce, ISO<\/td>\n<td>Kullan\u0131m<\/td>\n<td>Ev Tipi \u00d6n Filtreleme<\/td>\n<\/tr>\n<tr>\n<td>Uygulama<\/td>\n<td>Hane halk\u0131<\/td>\n<td>G\u00fc\u00e7 Kayna\u011f\u0131<\/td>\n<td>El Kitab\u0131<\/td>\n<\/tr>\n<tr>\n<td>\u00dcr\u00fcn ad\u0131<\/td>\n<td>sinterlenmi\u015f karbon blok su filtresi<\/td>\n<td>Malzeme<\/td>\n<td>Sinterlenmi\u015f aktif hindistan cevizi karbonu<\/td>\n<\/tr>\n<tr>\n<td>Uzunluk<\/td>\n<td>10-1050mm<\/td>\n<td>OD<\/td>\n<td>14-121mm<\/td>\n<\/tr>\n<tr>\n<td>KIMLIK<\/td>\n<td>6-50mm<\/td>\n<td>Mikron oran\u0131<\/td>\n<td>0,5-20um<\/td>\n<\/tr>\n<tr>\n<td>\u0130yot de\u011feri<\/td>\n<td>1000'e kadar<\/td>\n<td>Ak\u0131\u015f h\u0131z\u0131<\/td>\n<td>\u2264300L\/saat<\/td>\n<\/tr>\n<\/tbody>\n<\/table>","protected":false},"featured_media":4191,"comment_status":"open","ping_status":"closed","template":"","meta":{"_gspb_post_css":""},"product_brand":[],"product_cat":[22],"product_tag":[1497,1495,1494,1496,1136,1498],"class_list":{"0":"post-4185","1":"product","2":"type-product","3":"status-publish","4":"has-post-thumbnail","6":"product_cat-sintered-filter-cartridge","7":"product_tag-drinking-water-bottle-filter","8":"product_tag-oem-micron-water-filter","9":"product_tag-sinter-candle-filter","10":"product_tag-sintered-carbon-block-filter","11":"product_tag-water-filter-locks","12":"product_tag-wholesale-water-purification-filter","14":"first","15":"instock","16":"shipping-taxable","17":"product-type-simple"},"_links":{"self":[{"href":"https:\/\/lyfilter.com\/tr\/wp-json\/wp\/v2\/product\/4185","targetHints":{"allow":["GET"]}}],"collection":[{"href":"https:\/\/lyfilter.com\/tr\/wp-json\/wp\/v2\/product"}],"about":[{"href":"https:\/\/lyfilter.com\/tr\/wp-json\/wp\/v2\/types\/product"}],"replies":[{"embeddable":true,"href":"https:\/\/lyfilter.com\/tr\/wp-json\/wp\/v2\/comments?post=4185"}],"wp:featuredmedia":[{"embeddable":true,"href":"https:\/\/lyfilter.com\/tr\/wp-json\/wp\/v2\/media\/4191"}],"wp:attachment":[{"href":"https:\/\/lyfilter.com\/tr\/wp-json\/wp\/v2\/media?parent=4185"}],"wp:term":[{"taxonomy":"product_brand","embeddable":true,"href":"https:\/\/lyfilter.com\/tr\/wp-json\/wp\/v2\/product_brand?post=4185"},{"taxonomy":"product_cat","embeddable":true,"href":"https:\/\/lyfilter.com\/tr\/wp-json\/wp\/v2\/product_cat?post=4185"},{"taxonomy":"product_tag","embeddable":true,"href":"https:\/\/lyfilter.com\/tr\/wp-json\/wp\/v2\/product_tag?post=4185"}],"curies":[{"name":"wp","href":"https:\/\/api.w.org\/{rel}","templated":true}]}}