{"id":4167,"date":"2026-04-04T03:32:47","date_gmt":"2026-04-04T03:32:47","guid":{"rendered":"https:\/\/lyfilter.com\/"},"modified":"2026-04-04T03:32:47","modified_gmt":"2026-04-04T03:32:47","slug":"oem-odm-bag-filter-housing-stainless-with-custom-services-for-beverage-industry","status":"publish","type":"product","link":"https:\/\/lyfilter.com\/tr\/oem-odm-bag-filter-housing-stainless-with-custom-services-for-beverage-industry\/","title":{"rendered":"\u0130\u00e7ecek End\u00fcstrisi \u0130\u00e7in \u00d6zel Hizmetlerle OEM ve ODM Torba Filtre Muhafazas\u0131 Paslanmaz"},"content":{"rendered":"<h3 class=\"do-entry-title\">Paketleme ve Teslimat<\/h3>\n<p><b>\u00dcr\u00fcne Genel Bak\u0131\u015f<\/b><\/p>\n<p>Paslanmaz torba filtre muhafazas\u0131 piyasada olduk\u00e7a rekabet\u00e7i bir \u00fcr\u00fcnd\u00fcr. Ayn\u0131 kategorideki di\u011fer \u00fcr\u00fcnlerle kar\u015f\u0131la\u015ft\u0131r\u0131ld\u0131\u011f\u0131nda, y\u00fcksek kaliteli kaplama film, k\u0131sa \u00e7al\u0131\u015fma d\u00f6ng\u00fcs\u00fc ve y\u00fcksek verimlilik gibi avantajlara sahiptir.\u00a0<a href=\"https:\/\/lyfilter.com\/tr\/\">Lvyuan Filtre<\/a>\u00a0torba filtre muhafazas\u0131 paslanmaz, kararl\u0131l\u0131kla \u00e7al\u0131\u015fan nitelikli uzmanlardan olu\u015fan bir ekip taraf\u0131ndan \u00fcretilmektedir. Benzer \u00fcr\u00fcnlerle kar\u015f\u0131la\u015ft\u0131r\u0131ld\u0131\u011f\u0131nda, bu \u00fcr\u00fcn \u00fcst\u00fcn performansa ve uzun hizmet \u00f6mr\u00fcne sahiptir. torba filtre muhafazas\u0131 paslanmaz end\u00fcstrilerde yayg\u0131n olarak kullan\u0131lmaktad\u0131r ve her t\u00fcrl\u00fc metal borunun kesilmesi ve derin i\u015flenmesi i\u00e7in uygundur. Guangzhou Lvyuan Su Ar\u0131tma Equipment Co, Ltd. kaliteyi ya\u015fam\u0131 olarak g\u00f6r\u00fcr ve m\u00fckemmel bir kalite g\u00fcvence sistemi kurar.<\/p>\n<p>&nbsp;<\/p>\n<p><b>\u00dcr\u00fcn Bilgileri<\/b><\/p>\n<p>Paslanmaz torba filtre muhafazas\u0131n\u0131n genel kalitesi, a\u015fa\u011f\u0131daki ayr\u0131nt\u0131lar\u0131n optimizasyonu ile b\u00fcy\u00fck \u00f6l\u00e7\u00fcde iyile\u015ftirilmi\u015ftir.<\/p>\n<div class=\"do-entry-list\">\n<dl class=\"do-entry-item\">\n<dt class=\"do-entry-item-key\">Sat\u0131\u015f Birimleri:<\/dt>\n<dd class=\"do-entry-item-val\">Tek \u00fcr\u00fcn<\/dd>\n<\/dl>\n<dl class=\"do-entry-item\">\n<dt class=\"do-entry-item-key\" title=\"Tek paket boyutu:\">Tek paket boyutu:<\/dt>\n<dd class=\"do-entry-item-val\">100X40X40 cm<\/dd>\n<\/dl>\n<dl class=\"do-entry-item\">\n<dt class=\"do-entry-item-key\" title=\"Tek br\u00fct a\u011f\u0131rl\u0131k:\">Tek br\u00fct a\u011f\u0131rl\u0131k:<\/dt>\n<dd class=\"do-entry-item-val\">24.000 kg<\/dd>\n<\/dl>\n<dl class=\"do-entry-item\">\n<dt class=\"do-entry-item-key\" title=\"Teslim S\u00fcresi\">Teslim S\u00fcresi\u00a0<i class=\"next-icon next-icon-help next-icon-xs js-leadtimes-tips\"><\/i>:<\/dt>\n<dd class=\"do-entry-item-val\" title=\"Teslim S\u00fcresi\">\n<div class=\"table-responsive\">\n<table class=\"supply-ability-table ui2-table ui2-table-normal ui2-table-zebra ui2-table-hover\">\n<tbody>\n<tr>\n<td>Miktar (Adet)<\/td>\n<td>1 - 500<\/td>\n<td>&gt;500<\/td>\n<\/tr>\n<tr>\n<td>Tahmini Zaman (g\u00fcn)<\/td>\n<td>7<\/td>\n<td>M\u00fczakere edilecek<\/td>\n<\/tr>\n<\/tbody>\n<\/table>\n<\/div>\n<\/dd>\n<\/dl>\n<\/div>","protected":false},"excerpt":{"rendered":"<table>\n<thead>\n<tr>\n<th>\u00d6znitelik<\/th>\n<th>De\u011fer<\/th>\n<th>\u00d6znitelik<\/th>\n<th>De\u011fer<\/th>\n<\/tr>\n<\/thead>\n<tbody>\n<tr>\n<td>Uygulanabilir Sekt\u00f6rler<\/td>\n<td>\u00dcretim Tesisi, Yiyecek ve \u0130\u00e7ecek Fabrikas\u0131, su ar\u0131tma<\/td>\n<td>Men\u015fe Yeri<\/td>\n<td>Guangdong, \u00c7in<\/td>\n<\/tr>\n<tr>\n<td>Marka Ad\u0131<\/td>\n<td>Lvyuan, OEM, ODM<\/td>\n<td>Malzeme<\/td>\n<td>staniless \u00e7elik 304\/316<\/td>\n<\/tr>\n<tr>\n<td>A\u011f\u0131rl\u0131k<\/td>\n<td>\u00f6zelle\u015ftirilmi\u015f<\/td>\n<td>Boyut<\/td>\n<td>\u00f6zelle\u015ftirilmi\u015f<\/td>\n<\/tr>\n<tr>\n<td>G\u00fc\u00e7<\/td>\n<td>0<\/td>\n<td>Garanti<\/td>\n<td>1 Y\u0131l<\/td>\n<\/tr>\n<tr>\n<td>Sa\u011flanan Sat\u0131\u015f Sonras\u0131 Hizmet<\/td>\n<td>\u00c7evrimi\u00e7i destek<\/td>\n<td>\u00d6zellik<\/td>\n<td>\u0130yi s\u0131zd\u0131rmazl\u0131k<\/td>\n<\/tr>\n<tr>\n<td>Filtre torbas\u0131 boyutu<\/td>\n<td>180*450mm<\/td>\n<td>Sertifikasyon<\/td>\n<td>SGS<\/td>\n<\/tr>\n<tr>\n<td>malzeme<\/td>\n<td>sus304<\/td>\n<td>Kullan\u0131m<\/td>\n<td>su fi\u0307ltreleme<\/td>\n<\/tr>\n<tr>\n<td>Uygulama<\/td>\n<td>end\u00fcstri<\/td>\n<td>y\u00fczey<\/td>\n<td>cilal\u0131\/ayna<\/td>\n<\/tr>\n<tr>\n<td>Model<\/td>\n<td>BFH<\/td>\n<td>Hammadde<\/td>\n<td>paslanmaz \u00e7elik<\/td>\n<\/tr>\n<tr>\n<td>\u00c7al\u0131\u015fma bas\u0131nc\u0131<\/td>\n<td>150Psi<\/td>\n<td><\/td>\n<td><\/td>\n<\/tr>\n<\/tbody>\n<\/table>","protected":false},"featured_media":4173,"comment_status":"open","ping_status":"closed","template":"","meta":{"_gspb_post_css":""},"product_brand":[],"product_cat":[1135],"product_tag":[1480,1482,1481,1479,1483,1136],"class_list":{"0":"post-4167","1":"product","2":"type-product","3":"status-publish","4":"has-post-thumbnail","6":"product_cat-stainless-steel-bag-filter-housing","7":"product_tag-beverage-industry-filter-housing","8":"product_tag-custom-bag-filter-housing","9":"product_tag-oem-odm-filter-housing","10":"product_tag-stainless-bag-filter-housing","11":"product_tag-stainless-beverage-filtration","12":"product_tag-water-filter-locks","14":"first","15":"instock","16":"shipping-taxable","17":"product-type-simple"},"_links":{"self":[{"href":"https:\/\/lyfilter.com\/tr\/wp-json\/wp\/v2\/product\/4167","targetHints":{"allow":["GET"]}}],"collection":[{"href":"https:\/\/lyfilter.com\/tr\/wp-json\/wp\/v2\/product"}],"about":[{"href":"https:\/\/lyfilter.com\/tr\/wp-json\/wp\/v2\/types\/product"}],"replies":[{"embeddable":true,"href":"https:\/\/lyfilter.com\/tr\/wp-json\/wp\/v2\/comments?post=4167"}],"wp:featuredmedia":[{"embeddable":true,"href":"https:\/\/lyfilter.com\/tr\/wp-json\/wp\/v2\/media\/4173"}],"wp:attachment":[{"href":"https:\/\/lyfilter.com\/tr\/wp-json\/wp\/v2\/media?parent=4167"}],"wp:term":[{"taxonomy":"product_brand","embeddable":true,"href":"https:\/\/lyfilter.com\/tr\/wp-json\/wp\/v2\/product_brand?post=4167"},{"taxonomy":"product_cat","embeddable":true,"href":"https:\/\/lyfilter.com\/tr\/wp-json\/wp\/v2\/product_cat?post=4167"},{"taxonomy":"product_tag","embeddable":true,"href":"https:\/\/lyfilter.com\/tr\/wp-json\/wp\/v2\/product_tag?post=4167"}],"curies":[{"name":"wp","href":"https:\/\/api.w.org\/{rel}","templated":true}]}}