{"id":4164,"date":"2026-04-04T03:26:34","date_gmt":"2026-04-04T03:26:34","guid":{"rendered":"https:\/\/lyfilter.com\/"},"modified":"2026-04-04T03:26:34","modified_gmt":"2026-04-04T03:26:34","slug":"lvyuan-new-pleated-water-filter-cartridge-exporter-for-water-purification","status":"publish","type":"product","link":"https:\/\/lyfilter.com\/tr\/lvyuan-new-pleated-water-filter-cartridge-exporter-for-water-purification\/","title":{"rendered":"Su Ar\u0131tma i\u00e7in Lvyuan Yeni Pileli Su Filtresi Kartu\u015fu \u0130hracat\u00e7\u0131s\u0131"},"content":{"rendered":"<h3 class=\"do-entry-title\">Paketleme ve Teslimat<\/h3>\n<p><b>\u015eirket Avantajlar\u0131<\/b><br \/>\n<b>1.<\/b>\u00a0Lvyuan 5 mikron pileli su filtresi, y\u00fcksek kaliteli mekanik bile\u015fenlerle \u00fcretilmi\u015ftir. Bunlar sofistike motor, t\u00fcrbin, g\u00fc\u00e7 aktar\u0131m ekipmanlar\u0131, di\u015fliler, h\u0131z de\u011fi\u015ftiriciler, debriyajlar, tahrik zincirleri, jenerat\u00f6rler ve benzerleridir. Daha fazla kir tutma kapasitesine ve daha uzun \u00f6mre sahiptir.<br \/>\n<b>2.<\/b>\u00a0Guangzhou Lvyuan Su Ar\u0131tma Equipment Co, Ltd'nin misyonu \u00fcst\u00fcn pilili su filtresi kartu\u015fu \u00e7\u00f6z\u00fcm\u00fc sa\u011flamakt\u0131r. Geni\u015f kimyasal uyumlulu\u011fu nedeniyle sulu ve organik \u00e7\u00f6z\u00fcc\u00fc numuneleri ile kullan\u0131ma uygundur.<br \/>\n<b>3.<\/b>\u00a0Bu \u00fcr\u00fcn y\u00fcksek pas direncine sahiptir. Y\u00fczeyi, nemin etkilerini \u00f6nlemek i\u00e7in koruyucu bir metal oksit tabakas\u0131 ile i\u015flenmi\u015ftir. Hassas iyon kromatografi uygulamalar\u0131 i\u00e7in do\u011fru analiz ve sonu\u00e7lar sa\u011flayabilir<\/p>\n<div class=\"pro_aliData\">\n<div class=\"detail-box\">\n<div class=\"scc-wrapper detail-module module-cspu\" data-module=\"cspu\"><\/div>\n<div class=\"scc-wrapper detail-module module-productPackagingAndQuickDetail\" data-spm=\"prilinga1e\">\n<div class=\"widget-detail-overview\">\n<div class=\"do-title\">Genel Bak\u0131\u015f<\/div>\n<div id=\"car-parts-model\"><\/div>\n<div class=\"do-content\">\n<div class=\"do-overview\">\n<div class=\"do-entry do-entry-separate\">\n<div class=\"do-entry-title\">H\u0131zl\u0131 Ayr\u0131nt\u0131lar<\/div>\n<div class=\"do-entry-list\">\n<dl id=\"224439040\" class=\"do-entry-item\">\n<dt class=\"do-entry-item\"><span class=\"attr-name J-attr-name\" title=\"Uygulanabilir Sekt\u00f6rler\">Uygulanabilir End\u00fcstriler:<\/span><\/dt>\n<dd class=\"do-entry-item-val\">\n<div class=\"ellipsis\" title=\"Oteller, Konfeksiyon Ma\u011fazalar\u0131, \u0130n\u015faat Malzemesi Ma\u011fazalar\u0131, \u00dcretim Tesisi, Makine Tamir At\u00f6lyeleri, Yiyecek ve \u0130\u00e7ecek Fabrikas\u0131, \u00c7iftlikler, Restoran, Ev Kullan\u0131m\u0131, Perakende, Yiyecek Ma\u011fazas\u0131, Matbaalar, \u0130n\u015faat i\u015fleri, Enerji ve Madencilik, Yiyecek ve \u0130\u00e7ecek Ma\u011fazalar\u0131, Reklam \u015eirketi\">Oteller, Konfeksiyon Ma\u011fazalar\u0131, \u0130n\u015faat Malzemesi Ma\u011fazalar\u0131, \u00dcretim Tesisi, Makine Tamir At\u00f6lyeleri, Yiyecek ve \u0130\u00e7ecek Fabrikas\u0131, \u00c7iftlikler, Restoran, Ev Kullan\u0131m\u0131, Perakende, Yiyecek Ma\u011fazas\u0131, Matbaalar, \u0130n\u015faat i\u015fleri, Enerji ve Madencilik, Yiyecek ve \u0130\u00e7ecek Ma\u011fazalar\u0131, Reklam \u015eirketi<\/div>\n<\/dd>\n<\/dl>\n<\/div>\n<\/div>\n<\/div>\n<\/div>\n<\/div>\n<\/div>\n<\/div>\n<\/div>\n<div class=\"do-entry-list\">\n<dl class=\"do-entry-item\">\n<dt class=\"do-entry-item-key\">Sat\u0131\u015f Birimleri:<\/dt>\n<dd class=\"do-entry-item-val\">Tek \u00fcr\u00fcn<\/dd>\n<\/dl>\n<dl class=\"do-entry-item\">\n<dt class=\"do-entry-item-key\" title=\"Tek paket boyutu:\">Tek paket boyutu:<\/dt>\n<dd class=\"do-entry-item-val\">68X40X40 cm<\/dd>\n<\/dl>\n<dl class=\"do-entry-item\">\n<dt class=\"do-entry-item-key\" title=\"Tek br\u00fct a\u011f\u0131rl\u0131k:\">Tek br\u00fct a\u011f\u0131rl\u0131k:<\/dt>\n<dd class=\"do-entry-item-val\">23.000 kg<\/dd>\n<\/dl>\n<dl class=\"do-entry-item\">\n<dt class=\"do-entry-item-key\">Paket Tipi:<\/dt>\n<dd class=\"do-entry-item-val pkg-method\">Mutlak mikron dereceli 10\/20 in\u00e7 PTFE membran filtre kartu\u015fu, 222 226 paslanmaz \u00e7elik o halka u\u00e7 kapakl\u0131: 10\u2033 50PCS\/CTN, 20\u2033 25PCS\/CTN, 30\u2033 25PCS\/CTN, 40\u2033 25PCS\/CTN.<\/dd>\n<\/dl>\n<dl class=\"do-entry-item\">\n<dt class=\"do-entry-item-key\" title=\"Teslim S\u00fcresi\">Teslim S\u00fcresi\u00a0<i class=\"next-icon next-icon-help next-icon-xs js-leadtimes-tips\"><\/i>:<\/dt>\n<dd class=\"do-entry-item-val\" title=\"Teslim S\u00fcresi\">\n<div class=\"table-responsive\">\n<table class=\"supply-ability-table ui2-table ui2-table-normal ui2-table-zebra ui2-table-hover\">\n<tbody>\n<tr>\n<td>Miktar (Adet)<\/td>\n<td>1 - 100<\/td>\n<td>101 - 500<\/td>\n<td>501 - 1000<\/td>\n<td>&gt;1000<\/td>\n<\/tr>\n<tr>\n<td>Tahmini Zaman (g\u00fcn)<\/td>\n<td>2<\/td>\n<td>5<\/td>\n<td>7<\/td>\n<td>M\u00fczakere edilecek<\/td>\n<\/tr>\n<\/tbody>\n<\/table>\n<\/div>\n<\/dd>\n<\/dl>\n<\/div>","protected":false},"excerpt":{"rendered":"<table>\n<thead>\n<tr>\n<th>\u00d6znitelik<\/th>\n<th>De\u011fer<\/th>\n<th>\u00d6znitelik<\/th>\n<th>De\u011fer<\/th>\n<\/tr>\n<\/thead>\n<tbody>\n<tr>\n<td>Men\u015fe Yeri<\/td>\n<td>Guangdong, \u00c7in<\/td>\n<td>Marka Ad\u0131<\/td>\n<td>Lvyuan\/OEM<\/td>\n<\/tr>\n<tr>\n<td>Malzeme<\/td>\n<td>\u00d6zelle\u015ftirilmi\u015f<\/td>\n<td>A\u011f\u0131rl\u0131k<\/td>\n<td>\u00d6zelle\u015ftirilmi\u015f<\/td>\n<\/tr>\n<tr>\n<td>Boyut<\/td>\n<td>\u00d6zelle\u015ftirilmi\u015f<\/td>\n<td>G\u00fc\u00e7<\/td>\n<td>0<\/td>\n<\/tr>\n<tr>\n<td>Garanti<\/td>\n<td>Kullan\u0131lam\u0131yor<\/td>\n<td>\u0130sim<\/td>\n<td>Mutlak mikron dereceli 10\/20 in\u00e7 PTFE membran filtre kartu\u015fu<\/td>\n<\/tr>\n<tr>\n<td>Filtre membran malzemesi<\/td>\n<td>Karbon\/PP\/PVDF\/PTFE\/PES\/Naylon<\/td>\n<td>Uzunluk<\/td>\n<td>5\/10\/20\/30\/40\/50\/60 in\u00e7<\/td>\n<\/tr>\n<tr>\n<td>Konekt\u00f6r<\/td>\n<td>Fin\/222\/226\/215\/DOE\/Thread<\/td>\n<td>Micron<\/td>\n<td>0.22\/0.5\/1\/3\/5\/10\/25\/50\/75\/100\/150<\/td>\n<\/tr>\n<tr>\n<td>O-ring malzemesi<\/td>\n<td>EPDM\/Viton\/Silikon\/PTFE<\/td>\n<td>S\u0131zd\u0131rmazl\u0131k y\u00f6ntemi<\/td>\n<td>S\u0131cak eritme kayna\u011f\u0131<\/td>\n<\/tr>\n<tr>\n<td>\u00c7ap<\/td>\n<td>70mm\/OEM<\/td>\n<td>\u0130\u00e7 \u00c7ekirdek<\/td>\n<td>PP\/SS\/OEM<\/td>\n<\/tr>\n<tr>\n<td>ADEDI<\/td>\n<td>\u015eu anda s\u0131n\u0131rl\u0131 de\u011fil<\/td>\n<td>Sa\u011flanan Sat\u0131\u015f Sonras\u0131 Hizmet<\/td>\n<td>\u00c7evrimi\u00e7i destek<\/td>\n<\/tr>\n<\/tbody>\n<\/table>","protected":false},"featured_media":4166,"comment_status":"open","ping_status":"closed","template":"","meta":{"_gspb_post_css":""},"product_brand":[],"product_cat":[1202],"product_tag":[743,1475,1477,1478,1136,1476],"class_list":{"0":"post-4164","1":"product","2":"type-product","3":"status-publish","4":"has-post-thumbnail","6":"product_cat-filter-cartridge","7":"product_tag-industrial-water-filter-cartridge","8":"product_tag-lvyuan-pleated-water-filter-cartridge","9":"product_tag-pleated-water-filter-exporter","10":"product_tag-replacement-pleated-filter","11":"product_tag-water-filter-locks","12":"product_tag-water-purification-filter-cartridge","14":"first","15":"instock","16":"shipping-taxable","17":"product-type-simple"},"_links":{"self":[{"href":"https:\/\/lyfilter.com\/tr\/wp-json\/wp\/v2\/product\/4164","targetHints":{"allow":["GET"]}}],"collection":[{"href":"https:\/\/lyfilter.com\/tr\/wp-json\/wp\/v2\/product"}],"about":[{"href":"https:\/\/lyfilter.com\/tr\/wp-json\/wp\/v2\/types\/product"}],"replies":[{"embeddable":true,"href":"https:\/\/lyfilter.com\/tr\/wp-json\/wp\/v2\/comments?post=4164"}],"wp:featuredmedia":[{"embeddable":true,"href":"https:\/\/lyfilter.com\/tr\/wp-json\/wp\/v2\/media\/4166"}],"wp:attachment":[{"href":"https:\/\/lyfilter.com\/tr\/wp-json\/wp\/v2\/media?parent=4164"}],"wp:term":[{"taxonomy":"product_brand","embeddable":true,"href":"https:\/\/lyfilter.com\/tr\/wp-json\/wp\/v2\/product_brand?post=4164"},{"taxonomy":"product_cat","embeddable":true,"href":"https:\/\/lyfilter.com\/tr\/wp-json\/wp\/v2\/product_cat?post=4164"},{"taxonomy":"product_tag","embeddable":true,"href":"https:\/\/lyfilter.com\/tr\/wp-json\/wp\/v2\/product_tag?post=4164"}],"curies":[{"name":"wp","href":"https:\/\/api.w.org\/{rel}","templated":true}]}}