{"id":4156,"date":"2026-04-04T03:21:18","date_gmt":"2026-04-04T03:21:18","guid":{"rendered":"https:\/\/lyfilter.com\/"},"modified":"2026-04-04T03:21:18","modified_gmt":"2026-04-04T03:21:18","slug":"7-stage-resin-softener-reverse-osmosis-water-purifiers-purificadores-de-agua-osmosis-inversa","status":"publish","type":"product","link":"https:\/\/lyfilter.com\/tr\/7-stage-resin-softener-reverse-osmosis-water-purifiers-purificadores-de-agua-osmosis-inversa\/","title":{"rendered":"7 A\u015famal\u0131 Re\u00e7ine Yumu\u015fat\u0131c\u0131 Reverse Osmosis Su Ar\u0131tma Cihazlar\u0131 \/ Purificadores De Agua Osmosis Inversa"},"content":{"rendered":"<p>Daha temiz ve daha yumu\u015fak suya ihtiya\u00e7 duyan evler i\u00e7in tasarlanan bu 7 a\u015famal\u0131 ters osmoz ar\u0131tma cihaz\u0131, kirleri azaltmak, tad\u0131 iyile\u015ftirmek ve g\u00fcnl\u00fck i\u00e7me ve yemek pi\u015firme i\u00e7in taze su sa\u011flamak i\u00e7in re\u00e7ine yumu\u015fatma ve katmanl\u0131 filtrelemeyi birle\u015ftirir.<\/p>","protected":false},"excerpt":{"rendered":"<table>\n<thead>\n<tr>\n<th>\u00d6znitelik<\/th>\n<th>De\u011fer<\/th>\n<th>\u00d6znitelik<\/th>\n<th>De\u011fer<\/th>\n<\/tr>\n<\/thead>\n<tbody>\n<tr>\n<td>Men\u015fe Yeri<\/td>\n<td>Guangdong, \u00c7in<\/td>\n<td>Marka Ad\u0131<\/td>\n<td>LvYuan \/ OEM<\/td>\n<\/tr>\n<tr>\n<td>Model Numaras\u0131<\/td>\n<td>LY-RO-111<\/td>\n<td>G\u00fc\u00e7 (W)<\/td>\n<td>24<\/td>\n<\/tr>\n<tr>\n<td>Gerilim (V)<\/td>\n<td>220<\/td>\n<td>Tip<\/td>\n<td>Ters Osmoz<\/td>\n<\/tr>\n<tr>\n<td>Sertifikasyon<\/td>\n<td>CB, ce, GS, RoHS<\/td>\n<td>Kullan\u0131m<\/td>\n<td>Lavabo Alt\u0131<\/td>\n<\/tr>\n<tr>\n<td>\u00dcr\u00fcn ad\u0131<\/td>\n<td>agua osmosis purificadores inversa<\/td>\n<td>RO Membran\u0131<\/td>\n<td>Vontron, CSM, DOW<\/td>\n<\/tr>\n<tr>\n<td>Su yumu\u015fat\u0131c\u0131<\/td>\n<td>Re\u00e7ine 500mL<\/td>\n<td>Uygulanabilir su<\/td>\n<td>belediye musluk suyu<\/td>\n<\/tr>\n<tr>\n<td>Ak\u0131\u015f h\u0131z\u0131<\/td>\n<td>50GDP, 75GDP, 100GDP<\/td>\n<td>Pompa<\/td>\n<td>Dengyuan\/Grandforest\/E-CHEN<\/td>\n<\/tr>\n<tr>\n<td>Pompa tipi<\/td>\n<td>Hidrofor pompas\u0131\/Kendinden emi\u015fli pompa<\/td>\n<td>Tank kapasitesi<\/td>\n<td>3.2G, 4G<\/td>\n<\/tr>\n<tr>\n<td>Gerilim<\/td>\n<td>110V ila 240V<\/td>\n<td>Sahne<\/td>\n<td>5\/6\/7\/8 Se\u00e7enek i\u00e7in a\u015fama<\/td>\n<\/tr>\n<tr>\n<td>Tedarik Yetene\u011fi<\/td>\n<td>G\u00fcnde 5000 Adet \/ Adet ters osmoz su ar\u0131t\u0131c\u0131lar\u0131<\/td>\n<td><\/td>\n<td><\/td>\n<\/tr>\n<\/tbody>\n<\/table>","protected":false},"featured_media":4158,"comment_status":"open","ping_status":"closed","template":"","meta":{"_gspb_post_css":""},"product_brand":[],"product_cat":[1470],"product_tag":[1471,1474,1472,1473,1136,1286],"class_list":{"0":"post-4156","1":"product","2":"type-product","3":"status-publish","4":"has-post-thumbnail","6":"product_cat-under-sink-ro-water-purifier","7":"product_tag-7-stage-water-purifier","8":"product_tag-purificadores-de-agua-osmosis-inversa","9":"product_tag-resin-softener-water-filter","10":"product_tag-reverse-osmosis-purifier","11":"product_tag-water-filter-locks","12":"product_tag-water-purification-system","14":"first","15":"instock","16":"shipping-taxable","17":"product-type-simple"},"_links":{"self":[{"href":"https:\/\/lyfilter.com\/tr\/wp-json\/wp\/v2\/product\/4156","targetHints":{"allow":["GET"]}}],"collection":[{"href":"https:\/\/lyfilter.com\/tr\/wp-json\/wp\/v2\/product"}],"about":[{"href":"https:\/\/lyfilter.com\/tr\/wp-json\/wp\/v2\/types\/product"}],"replies":[{"embeddable":true,"href":"https:\/\/lyfilter.com\/tr\/wp-json\/wp\/v2\/comments?post=4156"}],"wp:featuredmedia":[{"embeddable":true,"href":"https:\/\/lyfilter.com\/tr\/wp-json\/wp\/v2\/media\/4158"}],"wp:attachment":[{"href":"https:\/\/lyfilter.com\/tr\/wp-json\/wp\/v2\/media?parent=4156"}],"wp:term":[{"taxonomy":"product_brand","embeddable":true,"href":"https:\/\/lyfilter.com\/tr\/wp-json\/wp\/v2\/product_brand?post=4156"},{"taxonomy":"product_cat","embeddable":true,"href":"https:\/\/lyfilter.com\/tr\/wp-json\/wp\/v2\/product_cat?post=4156"},{"taxonomy":"product_tag","embeddable":true,"href":"https:\/\/lyfilter.com\/tr\/wp-json\/wp\/v2\/product_tag?post=4156"}],"curies":[{"name":"wp","href":"https:\/\/api.w.org\/{rel}","templated":true}]}}