{"id":4140,"date":"2026-04-04T03:09:09","date_gmt":"2026-04-04T03:09:09","guid":{"rendered":"https:\/\/lyfilter.com\/"},"modified":"2026-04-04T03:09:09","modified_gmt":"2026-04-04T03:09:09","slug":"doe-222-uf-food-grade-ss-304-multi-cartridge-filter-housing","status":"publish","type":"product","link":"https:\/\/lyfilter.com\/tr\/doe-222-uf-food-grade-ss-304-multi-cartridge-filter-housing\/","title":{"rendered":"Doe 222 Uf G\u0131da S\u0131n\u0131f\u0131 SS 304 \u00c7oklu Kartu\u015f Filtre Muhafazas\u0131"},"content":{"rendered":"<div class=\"unit-detail-html-tabs__content-attr\">\n<div class=\"unit-product-attrparam\">\n<div class=\"unit-product-attrparam__items row\">\n<div class=\"col-12 col-md-6\">\n<div class=\"unit-product-attrparam__item\"><\/div>\n<\/div>\n<div class=\"col-12 col-md-6\">\n<div class=\"unit-product-attrparam__item\"><\/div>\n<\/div>\n<\/div>\n<\/div>\n<\/div>\n<div class=\"unit-detail-html-tabs__content-html\">\n<div>\n<p><strong>paslanmaz \u00e7elik kartu\u015f\u00a0<a href=\"https:\/\/lyfilter.com\/tr\/stainless-steel-filter-housing.html\/\">su fi\u0307ltresi\u0307 muhafazasi<\/a>\u00a0Giri\u015f<\/strong><br \/>\nBu\u00a0<a href=\"https:\/\/lyfilter.com\/tr\/stainless-steel-filter-housing.html\/\">paslanmaz \u00e7elik filtre muhafazas\u0131<\/a>\u00a0\u00e7e\u015fitli kartu\u015f tipleri ile birlikte kullan\u0131labilir. \u0130\u00e7 ve d\u0131\u015f y\u00fczeyler cilal\u0131 olup, makul bir yap\u0131ya sahiptir ve \u00f6l\u00fc a\u00e7\u0131 yoktur. Kurulumu ve temizli\u011fi kolayd\u0131r, m\u00fc\u015fterilerin ihtiya\u00e7 duydu\u011fu filtrasyon etkilerine ula\u015fabilir. Tasar\u0131m\u0131 t\u0131p end\u00fcstrisindeki GMP standartlar\u0131na uygundur. Filtre, s\u0131v\u0131 filtresi ve gaz filtresi i\u00e7erir.<\/p>\n<p>&nbsp;<\/p>\n<p><strong>paslanmaz \u00e7elik kartu\u015f su filtresi muhafazas\u0131 Parametreler<\/strong><\/p>\n<div class=\"table-responsive\">\n<table>\n<tbody>\n<tr class=\"firstRow\">\n<td valign=\"center\" width=\"210\"><strong>malzeme<\/strong><\/td>\n<td valign=\"center\" width=\"353\">SS304 veya SS316<\/td>\n<\/tr>\n<tr>\n<td valign=\"center\" width=\"210\"><strong>kartu\u015f uzunlu\u011fu<\/strong><\/td>\n<td valign=\"center\" width=\"353\">10\u2033, 20\u2033 ,30\u2033 ,40\u2033<\/td>\n<\/tr>\n<tr>\n<td valign=\"center\" width=\"210\"><strong>kartu\u015f \u00e7ekirde\u011fi<\/strong><\/td>\n<td valign=\"center\" width=\"353\">tekli veya \u00e7oklu kartu\u015f<\/td>\n<\/tr>\n<tr>\n<td valign=\"center\" width=\"210\"><strong>Kartu\u015f Miktar\u0131<\/strong><\/td>\n<td valign=\"center\" width=\"353\"><strong>1 ila 160 adet aras\u0131 se\u00e7enek<\/strong><\/td>\n<\/tr>\n<tr>\n<td valign=\"center\" width=\"210\"><strong>y\u00fczey i\u015fleme<\/strong><\/td>\n<td valign=\"center\" width=\"353\">Cilal\u0131 veya kumlama d\u0131\u015f<\/td>\n<\/tr>\n<tr>\n<td valign=\"center\" width=\"210\"><strong>\u00dcst Kapak tak\u0131l\u0131 tip<\/strong><\/td>\n<td valign=\"center\" width=\"353\">kald\u0131rma c\u0131vatalar\u0131 tipi, flan\u015f tipi, kelep\u00e7e tipi,<\/td>\n<\/tr>\n<tr>\n<td valign=\"center\" width=\"210\"><strong>giri\u015f\/\u00e7\u0131k\u0131\u015f ba\u011flant\u0131s\u0131<\/strong><\/td>\n<td valign=\"center\" width=\"353\">di\u015f tipi, flan\u015f tipi, pogoda tipi<\/td>\n<\/tr>\n<tr>\n<td valign=\"center\" width=\"210\"><strong>conta O-ring<\/strong><\/td>\n<td valign=\"center\" width=\"353\">silikon, NBR, EPDM, Viton<\/td>\n<\/tr>\n<tr>\n<td valign=\"center\" width=\"210\"><strong>kullan\u0131m<\/strong><\/td>\n<td valign=\"center\" width=\"353\">s\u0131v\u0131, gaz filtresi<\/td>\n<\/tr>\n<tr>\n<td valign=\"center\" width=\"210\"><strong>kabul etmek<\/strong><strong>t<\/strong><\/td>\n<td valign=\"center\" width=\"353\">OEM<\/td>\n<\/tr>\n<\/tbody>\n<\/table>\n<\/div>\n<\/div>\n<\/div>","protected":false},"excerpt":{"rendered":"<table>\n<thead>\n<tr>\n<th>\u00d6znitelik<\/th>\n<th>De\u011fer<\/th>\n<th>\u00d6znitelik<\/th>\n<th>De\u011fer<\/th>\n<\/tr>\n<\/thead>\n<tbody>\n<tr>\n<td>Durum<\/td>\n<td>Yeni<\/td>\n<td>Model<\/td>\n<td>LY-HFPL<\/td>\n<\/tr>\n<tr>\n<td>Uygulanabilir Sekt\u00f6rler<\/td>\n<td>Oteller, Konfeksiyon Ma\u011fazalar\u0131, \u0130n\u015faat Malzemesi Ma\u011fazalar\u0131, \u00dcretim Tesisi, Makine Tamir At\u00f6lyeleri, Yiyecek ve \u0130\u00e7ecek Fabrikas\u0131, \u00c7iftlikler, Restoran, Ev Kullan\u0131m\u0131, Perakende, Yiyecek Ma\u011fazas\u0131, Matbaalar, \u0130n\u015faat i\u015fleri, Enerji ve Madencilik, Yiyecek ve \u0130\u00e7ecek Ma\u011fazalar\u0131, Reklam \u015eirketi<\/td>\n<td>Marka<\/td>\n<td>OEM\/Lvyuan<\/td>\n<\/tr>\n<tr>\n<td>Garanti Sonras\u0131 Hizmet<\/td>\n<td>\u00c7evrimi\u00e7i destek<\/td>\n<td>Men\u015fe Yeri<\/td>\n<td>Guangdong, \u00c7in<\/td>\n<\/tr>\n<tr>\n<td>Yerel Hizmet Konumu<\/td>\n<td>Hi\u00e7biri<\/td>\n<td>Ba\u015flang\u0131\u00e7 Liman\u0131<\/td>\n<td>Guangzhou<\/td>\n<\/tr>\n<tr>\n<td>Showroom Konumu<\/td>\n<td>Hi\u00e7biri<\/td>\n<td>Malzeme<\/td>\n<td>Pileli<\/td>\n<\/tr>\n<tr>\n<td>A\u011f\u0131rl\u0131k<\/td>\n<td>0<\/td>\n<td>\u00c7ap<\/td>\n<td>70mm\/OEM<\/td>\n<\/tr>\n<tr>\n<td>Boyut<\/td>\n<td>10\u2033\/20\u2033\/30\u2033\/40\u2033\/50\u2033\/60\u2033<\/td>\n<td>Uzunluk<\/td>\n<td>5 \/ 10 \/ 20 \/ 30 \/ 40 \/ 50 \/ 60 in\u00e7<\/td>\n<\/tr>\n<tr>\n<td>G\u00fc\u00e7<\/td>\n<td>0<\/td>\n<td>\u0130\u00e7 \u00c7ekirdek<\/td>\n<td>PP\/SS\/OEM<\/td>\n<\/tr>\n<tr>\n<td>Garanti<\/td>\n<td>Kullan\u0131lam\u0131yor<\/td>\n<td>Filtre membran malzemesi<\/td>\n<td>PP\/PVDF\/PTFE\/PES\/Naylon<\/td>\n<\/tr>\n<tr>\n<td>\u0130sim<\/td>\n<td>End\u00fcstriyel Polipropilen PP pileli filtre kartu\u015fu<\/td>\n<td>Konekt\u00f6r<\/td>\n<td>Fin\/222\/226\/215\/DOE\/Thread<\/td>\n<\/tr>\n<tr>\n<td>Micron<\/td>\n<td>0.22\/0.5\/1\/3\/5\/10\/25\/50\/75\/100\/150<\/td>\n<td>O-ring malzemesi<\/td>\n<td>EPDM\/Viton\/Silikon\/Te flon<\/td>\n<\/tr>\n<tr>\n<td>S\u0131zd\u0131rmazl\u0131k y\u00f6ntemi<\/td>\n<td>S\u0131cak eritme kayna\u011f\u0131<\/td>\n<td>ADEDI<\/td>\n<td>1 adet<\/td>\n<\/tr>\n<tr>\n<td>\u00d6deme<\/td>\n<td>T \/ T, Western Union, Alibaba Ticaret G\u00fcvencesi<\/td>\n<td>Teslimat S\u00fcresi<\/td>\n<td>7 i\u015f g\u00fcn\u00fc i\u00e7erisinde<\/td>\n<\/tr>\n<tr>\n<td>Sertifikasyon<\/td>\n<td>ISO 9001<\/td>\n<td>\u00dcretim Kapasitesi<\/td>\n<td>10000 adet\/Ay<\/td>\n<\/tr>\n<tr>\n<td>Tedarik Yetene\u011fi<\/td>\n<td>G\u00fcnde 500 Adet \/ Adet<\/td>\n<td><\/td>\n<td><\/td>\n<\/tr>\n<\/tbody>\n<\/table>","protected":false},"featured_media":4142,"comment_status":"open","ping_status":"closed","template":"","meta":{"_gspb_post_css":""},"product_brand":[],"product_cat":[15],"product_tag":[1458,1460,1264,1461,1459,1136],"class_list":{"0":"post-4140","1":"product","2":"type-product","3":"status-publish","4":"has-post-thumbnail","6":"product_cat-stainless-steel-filter-housing","7":"product_tag-doe-222-filter-housing","8":"product_tag-food-grade-ss-304-housing","9":"product_tag-industrial-water-filter-housing","10":"product_tag-multi-cartridge-stainless-filter","11":"product_tag-uf-cartridge-filter-housing","12":"product_tag-water-filter-locks","14":"first","15":"instock","16":"shipping-taxable","17":"product-type-simple"},"_links":{"self":[{"href":"https:\/\/lyfilter.com\/tr\/wp-json\/wp\/v2\/product\/4140","targetHints":{"allow":["GET"]}}],"collection":[{"href":"https:\/\/lyfilter.com\/tr\/wp-json\/wp\/v2\/product"}],"about":[{"href":"https:\/\/lyfilter.com\/tr\/wp-json\/wp\/v2\/types\/product"}],"replies":[{"embeddable":true,"href":"https:\/\/lyfilter.com\/tr\/wp-json\/wp\/v2\/comments?post=4140"}],"wp:featuredmedia":[{"embeddable":true,"href":"https:\/\/lyfilter.com\/tr\/wp-json\/wp\/v2\/media\/4142"}],"wp:attachment":[{"href":"https:\/\/lyfilter.com\/tr\/wp-json\/wp\/v2\/media?parent=4140"}],"wp:term":[{"taxonomy":"product_brand","embeddable":true,"href":"https:\/\/lyfilter.com\/tr\/wp-json\/wp\/v2\/product_brand?post=4140"},{"taxonomy":"product_cat","embeddable":true,"href":"https:\/\/lyfilter.com\/tr\/wp-json\/wp\/v2\/product_cat?post=4140"},{"taxonomy":"product_tag","embeddable":true,"href":"https:\/\/lyfilter.com\/tr\/wp-json\/wp\/v2\/product_tag?post=4140"}],"curies":[{"name":"wp","href":"https:\/\/api.w.org\/{rel}","templated":true}]}}