{"id":4126,"date":"2026-04-04T03:02:29","date_gmt":"2026-04-04T03:02:29","guid":{"rendered":"https:\/\/lyfilter.com\/"},"modified":"2026-04-04T03:02:29","modified_gmt":"2026-04-04T03:02:29","slug":"china-manufacture-custom-ss-304-316l-in-line-stainless-steel-inline-filter-housing-for-milk-oil-gas-air-water-purification","status":"publish","type":"product","link":"https:\/\/lyfilter.com\/tr\/china-manufacture-custom-ss-304-316l-in-line-stainless-steel-inline-filter-housing-for-milk-oil-gas-air-water-purification\/","title":{"rendered":"\u00c7in \u00dcretimi \u00d6zel SS 304 316L S\u00fct Ya\u011f\u0131 Gaz Hava Su Ar\u0131tma \u0130\u00e7in S\u0131ral\u0131 Paslanmaz \u00c7elik S\u0131ral\u0131 Filtre Muhafazas\u0131"},"content":{"rendered":"<div class=\"scc-wrapper detail-module module-productPackagingAndQuickDetail\" data-spm=\"prilinga1e\">\n<div class=\"widget-detail-overview\">\n<div class=\"do-content\">\n<div class=\"do-overview\">\n<div class=\"do-entry do-entry-full\">\n<div class=\"do-entry-list\">\n<dl class=\"do-entry-item\">\n<dt class=\"do-entry-item-key\">Paket Tipi:<\/dt>\n<dd class=\"do-entry-item-val pkg-method\">\u00c7in \u00dcretimi \u00d6zel SS 304 316L In-line Paslanmaz \u00c7elik S\u00fct ya\u011f\u0131, gaz, hava, su ar\u0131tma i\u00e7in s\u0131ral\u0131 filtre muhafazas\u0131 Teklif sadece referans i\u00e7indir, l\u00fctfen \u015fartname gereksinimini bize g\u00f6ndermekten \u00e7ekinmeyin ve en iyi fiyat\u0131 al\u0131n. Ambalaj: karton<\/dd>\n<\/dl>\n<dl class=\"do-entry-item\">\n<dt class=\"do-entry-item-key\" title=\"Teslim S\u00fcresi\">Teslim S\u00fcresi\u00a0<i class=\"next-icon next-icon-help next-icon-xs js-leadtimes-tips\"><\/i>:<\/dt>\n<dd class=\"do-entry-item-val\" title=\"Teslim S\u00fcresi\">\n<div class=\"table-responsive\">\n<table class=\"supply-ability-table ui2-table ui2-table-normal ui2-table-zebra ui2-table-hover\">\n<tbody>\n<tr>\n<td>Miktar (Adet)<\/td>\n<td>1 - 50<\/td>\n<td>&gt;50<\/td>\n<\/tr>\n<tr>\n<td>Tahmini Zaman (g\u00fcn)<\/td>\n<td>15<\/td>\n<td>M\u00fczakere edilecek<\/td>\n<\/tr>\n<\/tbody>\n<\/table>\n<\/div>\n<\/dd>\n<\/dl>\n<\/div>\n<\/div>\n<\/div>\n<\/div>\n<\/div>\n<\/div>\n<div class=\"scc-wrapper detail-module module-detailVideo\" data-spm=\"detailvideo\"><\/div>\n<div class=\"scc-wrapper detail-module module-productSpecification\" data-spm=\"pronpeci14\">\n<div id=\"J-rich-text-description\" class=\"richtext richtext-detail rich-text-description\">\n<div id=\"detail_decorate_root\" data-host=\"111234190\" data-magic-global=\"%7B%22bizId%22%3A17381045746%2C%22pageId%22%3A5063624136%2C%22siteId%22%3A5005126472%7D\" data-id=\"detail_decorate_root\">\n<div class=\"detail-decorate-json-renderer-container\">\n<div class=\"magic-0\">\n<h3 class=\"magic-1\" data-id=\"title0\">\u00c7in \u00dcretimi \u00d6zel SS 304 316L S\u0131ral\u0131 Paslanmaz \u00c7elik S\u00fct ya\u011f\u0131 gaz hava su ar\u0131tma i\u00e7in s\u0131ral\u0131 filtre muhafazas\u0131<\/h3>\n<\/div>\n<\/div>\n<\/div>\n<\/div>\n<\/div>","protected":false},"excerpt":{"rendered":"<table>\n<thead>\n<tr>\n<th>\u00d6\u011fe<\/th>\n<th>De\u011fer<\/th>\n<th>\u00d6\u011fe<\/th>\n<th>De\u011fer<\/th>\n<\/tr>\n<\/thead>\n<tbody>\n<tr>\n<td>Durum<\/td>\n<td>Yeni<\/td>\n<td>Uygulanabilir Sekt\u00f6rler<\/td>\n<td>Oteller; Konfeksiyon Ma\u011fazalar\u0131; \u0130n\u015faat Malzemesi Ma\u011fazalar\u0131; \u00dcretim Tesisi; Makine Tamir At\u00f6lyeleri; Yiyecek ve \u0130\u00e7ecek Fabrikas\u0131; \u00c7iftlikler; Restoran; Ev Kullan\u0131m\u0131; Perakende; Yiyecek Ma\u011fazas\u0131; Matbaalar; \u0130n\u015faat i\u015fleri; Enerji ve Madencilik; Yiyecek ve \u0130\u00e7ecek Ma\u011fazalar\u0131; Reklam \u015eirketi<\/td>\n<\/tr>\n<tr>\n<td>Garanti Sonras\u0131 Hizmet<\/td>\n<td>\u00c7evrimi\u00e7i destek<\/td>\n<td>Yerel Hizmet Konumu<\/td>\n<td>Hi\u00e7biri<\/td>\n<\/tr>\n<tr>\n<td>Showroom Konumu<\/td>\n<td>Hi\u00e7biri<\/td>\n<td>Men\u015fe Yeri<\/td>\n<td>Guangdong, \u00c7in<\/td>\n<\/tr>\n<tr>\n<td>Marka Ad\u0131<\/td>\n<td>Lvyuan \/ OEM<\/td>\n<td>Malzeme<\/td>\n<td>paslanmaz \u00e7elik<\/td>\n<\/tr>\n<tr>\n<td>A\u011f\u0131rl\u0131k<\/td>\n<td>De\u011fi\u015fir<\/td>\n<td>Boyut<\/td>\n<td>De\u011fi\u015fir<\/td>\n<\/tr>\n<tr>\n<td>G\u00fc\u00e7<\/td>\n<td>0<\/td>\n<td>Garanti<\/td>\n<td>1 Y\u0131l<\/td>\n<\/tr>\n<tr>\n<td>Sa\u011flanan Sat\u0131\u015f Sonras\u0131 Hizmet<\/td>\n<td>\u00c7evrimi\u00e7i destek<\/td>\n<td>\u00dcr\u00fcn ad\u0131<\/td>\n<td>paslanmaz \u00e7elik inline filtre muhafazas\u0131<\/td>\n<\/tr>\n<tr>\n<td>Konut Malzemeleri<\/td>\n<td>ss304; 316; 316L<\/td>\n<td>Kartu\u015f filtre miktar\u0131<\/td>\n<td>1 - Se\u00e7enek i\u00e7in 160 ADET<\/td>\n<\/tr>\n<tr>\n<td>Filtre kartu\u015fu uzunlu\u011fu<\/td>\n<td>5; 10; 20; 30; 40; 60 in\u00e7; OEM<\/td>\n<td>Y\u00fczey i\u015fleme<\/td>\n<td>Cilal\u0131 &amp; Kumlama<\/td>\n<\/tr>\n<tr>\n<td>\u00dcst kapak tak\u0131l\u0131 tip<\/td>\n<td>Kald\u0131rma c\u0131vatalar\u0131\/Flan\u015f\/Kelep\u00e7e tipi<\/td>\n<td>Kullan\u0131m<\/td>\n<td>su\/s\u0131v\u0131\/\u015farap ar\u0131tma tesisi<\/td>\n<\/tr>\n<tr>\n<td>Paket<\/td>\n<td>Tahta sand\u0131k<\/td>\n<td>Konekt\u00f6r tipi<\/td>\n<td>kod 0 3 6 7 8 9<\/td>\n<\/tr>\n<tr>\n<td>Sertifikasyon<\/td>\n<td>CE ISO SGS<\/td>\n<td>Sat\u0131\u015f Birimleri<\/td>\n<td>Tek \u00fcr\u00fcn<\/td>\n<\/tr>\n<tr>\n<td>Tek paket boyutu<\/td>\n<td>20X20X70 cm<\/td>\n<td>Tek br\u00fct a\u011f\u0131rl\u0131k<\/td>\n<td>8.000 kg<\/td>\n<\/tr>\n<\/tbody>\n<\/table>","protected":false},"featured_media":4131,"comment_status":"open","ping_status":"closed","template":"","meta":{"_gspb_post_css":""},"product_brand":[],"product_cat":[15],"product_tag":[1450,1452,1448,1449,1447,1451],"class_list":{"0":"post-4126","1":"product","2":"type-product","3":"status-publish","4":"has-post-thumbnail","6":"product_cat-stainless-steel-filter-housing","7":"product_tag-milk-inline-filter","8":"product_tag-oil-gas-air-filter-housing","9":"product_tag-ss-304-filter-housing","10":"product_tag-ss-316l-filter-housing","11":"product_tag-stainless-steel-inline-filter-housing","12":"product_tag-water-purification-filter-housing","14":"first","15":"instock","16":"shipping-taxable","17":"product-type-simple"},"_links":{"self":[{"href":"https:\/\/lyfilter.com\/tr\/wp-json\/wp\/v2\/product\/4126","targetHints":{"allow":["GET"]}}],"collection":[{"href":"https:\/\/lyfilter.com\/tr\/wp-json\/wp\/v2\/product"}],"about":[{"href":"https:\/\/lyfilter.com\/tr\/wp-json\/wp\/v2\/types\/product"}],"replies":[{"embeddable":true,"href":"https:\/\/lyfilter.com\/tr\/wp-json\/wp\/v2\/comments?post=4126"}],"wp:featuredmedia":[{"embeddable":true,"href":"https:\/\/lyfilter.com\/tr\/wp-json\/wp\/v2\/media\/4131"}],"wp:attachment":[{"href":"https:\/\/lyfilter.com\/tr\/wp-json\/wp\/v2\/media?parent=4126"}],"wp:term":[{"taxonomy":"product_brand","embeddable":true,"href":"https:\/\/lyfilter.com\/tr\/wp-json\/wp\/v2\/product_brand?post=4126"},{"taxonomy":"product_cat","embeddable":true,"href":"https:\/\/lyfilter.com\/tr\/wp-json\/wp\/v2\/product_cat?post=4126"},{"taxonomy":"product_tag","embeddable":true,"href":"https:\/\/lyfilter.com\/tr\/wp-json\/wp\/v2\/product_tag?post=4126"}],"curies":[{"name":"wp","href":"https:\/\/api.w.org\/{rel}","templated":true}]}}