{"id":4119,"date":"2026-04-03T10:54:26","date_gmt":"2026-04-03T10:54:26","guid":{"rendered":"https:\/\/lyfilter.com\/"},"modified":"2026-04-03T10:54:26","modified_gmt":"2026-04-03T10:54:26","slug":"high-temperature-resistance-100-micron-water-mesh-filter-stainless-steel-cartridge-10-inch","status":"publish","type":"product","link":"https:\/\/lyfilter.com\/tr\/high-temperature-resistance-100-micron-water-mesh-filter-stainless-steel-cartridge-10-inch\/","title":{"rendered":"Y\u00fcksek S\u0131cakl\u0131k Dayan\u0131m\u0131 100 Mikron Su Mesh Filtre Paslanmaz \u00c7elik Kartu\u015f 10 \u0130n\u00e7"},"content":{"rendered":"<p>Filtreleme i\u00e7in \u00fcretilen bu 10 in\u00e7 paslanmaz \u00e7elik su a\u011f\u0131 filtre kartu\u015fu, 100 mikron kontrol ve y\u00fcksek s\u0131cakl\u0131k direnci sunar. Ak\u0131\u015f\u0131n korunmas\u0131na, ekipman\u0131n korunmas\u0131na yard\u0131mc\u0131 olur ve i\u015f g\u00fcnlerinde g\u00fcvenilir su ar\u0131t\u0131m\u0131n\u0131 destekler.<\/p>","protected":false},"excerpt":{"rendered":"<table>\n<thead>\n<tr>\n<th>\u00d6\u011fe<\/th>\n<th>De\u011fer<\/th>\n<th>\u00d6\u011fe<\/th>\n<th>De\u011fer<\/th>\n<\/tr>\n<\/thead>\n<tbody>\n<tr>\n<td>Durum<\/td>\n<td>Yeni<\/td>\n<td>Garanti<\/td>\n<td>6 ay<\/td>\n<\/tr>\n<tr>\n<td>Uygulanabilir Sekt\u00f6rler<\/td>\n<td>Oteller; Konfeksiyon Ma\u011fazalar\u0131; \u0130n\u015faat Malzemesi Ma\u011fazalar\u0131; \u00dcretim Tesisi; Makine Tamir At\u00f6lyeleri; Yiyecek ve \u0130\u00e7ecek Fabrikas\u0131; \u00c7iftlikler; Restoran; Ev Kullan\u0131m\u0131; Perakende; Yiyecek Ma\u011fazas\u0131; Matbaalar; \u0130n\u015faat i\u015fleri; Enerji ve Madencilik; Yiyecek ve \u0130\u00e7ecek Ma\u011fazalar\u0131<\/td>\n<td>Garanti Sonras\u0131 Hizmet<\/td>\n<td>\u00c7evrimi\u00e7i destek<\/td>\n<\/tr>\n<tr>\n<td>Yerel Hizmet Konumu<\/td>\n<td>Hi\u00e7biri<\/td>\n<td>Showroom Konumu<\/td>\n<td>Hi\u00e7biri<\/td>\n<\/tr>\n<tr>\n<td>Video giden-denetim<\/td>\n<td>Sa\u011fland\u0131<\/td>\n<td>Makine Test Raporu<\/td>\n<td>Sa\u011fland\u0131<\/td>\n<\/tr>\n<tr>\n<td>Pazarlama T\u00fcr\u00fc<\/td>\n<td>S\u0131radan \u00dcr\u00fcn<\/td>\n<td>\u00c7ekirdek bile\u015fenlerin garantisi<\/td>\n<td>1 Y\u0131l<\/td>\n<\/tr>\n<tr>\n<td>\u00c7ekirdek Bile\u015fenler<\/td>\n<td>Bas\u0131n\u00e7l\u0131 kap<\/td>\n<td>Men\u015fe Yeri<\/td>\n<td>Guangdong, \u00c7in<\/td>\n<\/tr>\n<tr>\n<td>Marka Ad\u0131<\/td>\n<td>Lvyuan\/OEM<\/td>\n<td>Kullan\u0131m<\/td>\n<td>S\u0131v\u0131 Filtresi; su ar\u0131tma<\/td>\n<\/tr>\n<tr>\n<td>Tip<\/td>\n<td>Filtre Elemanlar\u0131<\/td>\n<td>Malzeme<\/td>\n<td>Metal Elyaf; paslanmaz \u00e7elik has\u0131r<\/td>\n<\/tr>\n<tr>\n<td>\u00d6zellik<\/td>\n<td>iyi ge\u00e7irgenlik<\/td>\n<td>Uzunluk<\/td>\n<td>10\/20\/30\/40 in\u00e7 veya \u00f6zelle\u015ftirilmi\u015f<\/td>\n<\/tr>\n<tr>\n<td>\u015eekil<\/td>\n<td>Silindir<\/td>\n<td>Uygulama<\/td>\n<td>end\u00fcstri<\/td>\n<\/tr>\n<tr>\n<td>Renk<\/td>\n<td>\u015eerit<\/td>\n<td>Paketleme<\/td>\n<td>KA\u011eIT KUTU<\/td>\n<\/tr>\n<tr>\n<td>kald\u0131rma oran\u0131<\/td>\n<td>2 ila200\u03bcm<\/td>\n<td>Avantaj<\/td>\n<td>yeniden kullan\u0131m<\/td>\n<\/tr>\n<tr>\n<td>Tedarik Yetene\u011fi<\/td>\n<td>1000 Adet \/ Adet her Ay<\/td>\n<td><\/td>\n<td><\/td>\n<\/tr>\n<\/tbody>\n<\/table>","protected":false},"featured_media":4120,"comment_status":"open","ping_status":"closed","template":"","meta":{"_gspb_post_css":""},"product_brand":[],"product_cat":[1205],"product_tag":[887,1444,1445,743,1257,1446],"class_list":{"0":"post-4119","1":"product","2":"type-product","3":"status-publish","4":"has-post-thumbnail","6":"product_cat-stainless-steel-sintered-filter-cartridge","7":"product_tag-10-inch-water-filter-cartridge","8":"product_tag-100-micron-water-mesh-filter","9":"product_tag-high-temperature-resistant-filter","10":"product_tag-industrial-water-filter-cartridge","11":"product_tag-stainless-steel-cartridge-filter","12":"product_tag-stainless-steel-mesh-filter","14":"first","15":"instock","16":"shipping-taxable","17":"product-type-simple"},"_links":{"self":[{"href":"https:\/\/lyfilter.com\/tr\/wp-json\/wp\/v2\/product\/4119","targetHints":{"allow":["GET"]}}],"collection":[{"href":"https:\/\/lyfilter.com\/tr\/wp-json\/wp\/v2\/product"}],"about":[{"href":"https:\/\/lyfilter.com\/tr\/wp-json\/wp\/v2\/types\/product"}],"replies":[{"embeddable":true,"href":"https:\/\/lyfilter.com\/tr\/wp-json\/wp\/v2\/comments?post=4119"}],"wp:featuredmedia":[{"embeddable":true,"href":"https:\/\/lyfilter.com\/tr\/wp-json\/wp\/v2\/media\/4120"}],"wp:attachment":[{"href":"https:\/\/lyfilter.com\/tr\/wp-json\/wp\/v2\/media?parent=4119"}],"wp:term":[{"taxonomy":"product_brand","embeddable":true,"href":"https:\/\/lyfilter.com\/tr\/wp-json\/wp\/v2\/product_brand?post=4119"},{"taxonomy":"product_cat","embeddable":true,"href":"https:\/\/lyfilter.com\/tr\/wp-json\/wp\/v2\/product_cat?post=4119"},{"taxonomy":"product_tag","embeddable":true,"href":"https:\/\/lyfilter.com\/tr\/wp-json\/wp\/v2\/product_tag?post=4119"}],"curies":[{"name":"wp","href":"https:\/\/api.w.org\/{rel}","templated":true}]}}