{"id":4113,"date":"2026-04-03T10:20:13","date_gmt":"2026-04-03T10:20:13","guid":{"rendered":"https:\/\/lyfilter.com\/"},"modified":"2026-04-03T10:20:13","modified_gmt":"2026-04-03T10:20:13","slug":"stainless-steel-water-filter-housing-guangzhou-lvyuan-filter","status":"publish","type":"product","link":"https:\/\/lyfilter.com\/tr\/stainless-steel-water-filter-housing-guangzhou-lvyuan-filter\/","title":{"rendered":"Paslanmaz \u00c7elik Su Filtresi Muhafazas\u0131 Guangzhou - - Lvyuan Filtre"},"content":{"rendered":"<p><b>\u00dcr\u00fcn detaylar\u0131\u00a0<a href=\"https:\/\/lyfilter.com\/tr\/stainless-steel-filter-housing.html\/\">paslanmaz \u00e7eli\u0307k su fi\u0307ltre muhafazasi<\/a><\/b><\/p>\n<p>&nbsp;<\/p>\n<p><b>\u00dcr\u00fcn \u00d6zellikleri<\/b><\/p>\n<p>Malzeme Paslanmaz \u00c7elik<\/p>\n<p>&nbsp;<\/p>\n<p><b>\u00dcr\u00fcn A\u00e7\u0131klamas\u0131<\/b><\/p>\n<p>Farkl\u0131 m\u00fc\u015fteri ihtiya\u00e7lar\u0131n\u0131 kar\u015f\u0131lamak i\u00e7in,\u00a0<a href=\"https:\/\/lyfilter.com\/tr\/\">Lvyuan Filtre<\/a>\u00a0paslanmaz \u00e7elik su filtresi muhafazas\u0131 \u00e7e\u015fitli stillerle tasarlanm\u0131\u015ft\u0131r. Uluslararas\u0131 ileri teknoloji ve geli\u015fim trendlerini yak\u0131ndan takip etti\u011fimiz i\u00e7in geli\u015ftirilmi\u015ftir. . \u00c7al\u0131\u015fanlara kar\u015f\u0131l\u0131kl\u0131 sayg\u0131 ile davranarak, Lvyuan Filtre personeli her zaman m\u00fc\u015fteriler i\u00e7in en iyi hizmeti sunar.<\/p>\n<p><strong>Tek Kartu\u015f\u00a0<a href=\"https:\/\/lyfilter.com\/tr\/stainless-steel-filter-housing.html\/\">Paslanmaz \u00c7elik Filtre Muhafazas\u0131<\/a><\/strong><\/p>\n<p>Tek \u00e7ekirdekli filtre iki t\u00fcre ayr\u0131l\u0131r: filtrasyon s\u0131v\u0131s\u0131 ve gaz ve boyut 5 \u2033, 10 \u2033, 20 \u2033, 30 \u2033 ve 40 \u2033 vb. \u00c7al\u0131\u015fma bas\u0131nc\u0131 genellikle 0.1Mpa-0.4Mpa'd\u0131r. Farkl\u0131 g\u00f6zenek boyutlar\u0131 nedeniyle\u00a0<a href=\"https:\/\/lyfilter.com\/tr\/products.html\/\">filtre eleman\u0131<\/a>s, ak\u0131\u015f h\u0131zlar\u0131 da farkl\u0131d\u0131r. \u00d6rne\u011fin, kaotik suyun 0.2um-0.4um filtrasyonu i\u00e7in standart 300-500kg \/ s'dir. 40 in\u00e7 kombinasyonunda, \u00f6rne\u011fin 5 ton\/saat steril suyu filtrelemek i\u00e7in 0,2 um, 30 in\u00e7 7 elemanl\u0131 bir filtre se\u00e7ebilirsiniz. Filtrede \u00e7ok fazla kirlilik varsa ve viskozite varsa, bir \u00f6n filtreleme cihaz\u0131 eklenmelidir. Gaz\u0131n filtrasyonu s\u0131v\u0131lar\u0131n filtrasyonundan biraz farkl\u0131d\u0131r ve filtrasyon hacmi dakikada k\u00fcbik gaz olarak hesaplan\u0131r. 10 in\u00e7 filtre eleman\u0131, g\u00f6zenek \u00e7ap\u0131 \u03c60.22 um, 0.12 Mpa bas\u0131n\u00e7, 0.01 Mpa bas\u0131n\u00e7 fark\u0131, 4-6m3 \/ dak ak\u0131\u015f h\u0131z\u0131, fermantasyon end\u00fcstrisinde yayg\u0131n olarak kullan\u0131lmaktad\u0131r.<\/p>","protected":false},"excerpt":{"rendered":"<table>\n<thead>\n<tr>\n<th>\u00d6\u011fe<\/th>\n<th>De\u011fer<\/th>\n<th>\u00d6\u011fe<\/th>\n<th>De\u011fer<\/th>\n<\/tr>\n<\/thead>\n<tbody>\n<tr>\n<td>Ba\u015flang\u0131\u00e7 Liman\u0131<\/td>\n<td>Guangzhou<\/td>\n<td>\u00dcretim Kapasitesi<\/td>\n<td>10000 adet\/Ay<\/td>\n<\/tr>\n<tr>\n<td>\u00d6deme<\/td>\n<td>T \/ T; Alibaba Ticaret G\u00fcvencesi; paypal<\/td>\n<td>Teslimat S\u00fcresi<\/td>\n<td>7 i\u015f g\u00fcn\u00fc i\u00e7erisinde<\/td>\n<\/tr>\n<\/tbody>\n<\/table>","protected":false},"featured_media":4118,"comment_status":"open","ping_status":"closed","template":"","meta":{"_gspb_post_css":""},"product_brand":[],"product_cat":[15],"product_tag":[1441,1084,1186,1442,1440,1443],"class_list":{"0":"post-4113","1":"product","2":"type-product","3":"status-publish","4":"has-post-thumbnail","6":"product_cat-stainless-steel-filter-housing","7":"product_tag-guangzhou-water-filter-housing","8":"product_tag-industrial-filter-housing","9":"product_tag-lvyuan-filter-housing","10":"product_tag-stainless-steel-filter-vessel","11":"product_tag-stainless-steel-water-filter-housing","12":"product_tag-water-filtration-housing","14":"first","15":"instock","16":"shipping-taxable","17":"product-type-simple"},"_links":{"self":[{"href":"https:\/\/lyfilter.com\/tr\/wp-json\/wp\/v2\/product\/4113","targetHints":{"allow":["GET"]}}],"collection":[{"href":"https:\/\/lyfilter.com\/tr\/wp-json\/wp\/v2\/product"}],"about":[{"href":"https:\/\/lyfilter.com\/tr\/wp-json\/wp\/v2\/types\/product"}],"replies":[{"embeddable":true,"href":"https:\/\/lyfilter.com\/tr\/wp-json\/wp\/v2\/comments?post=4113"}],"wp:featuredmedia":[{"embeddable":true,"href":"https:\/\/lyfilter.com\/tr\/wp-json\/wp\/v2\/media\/4118"}],"wp:attachment":[{"href":"https:\/\/lyfilter.com\/tr\/wp-json\/wp\/v2\/media?parent=4113"}],"wp:term":[{"taxonomy":"product_brand","embeddable":true,"href":"https:\/\/lyfilter.com\/tr\/wp-json\/wp\/v2\/product_brand?post=4113"},{"taxonomy":"product_cat","embeddable":true,"href":"https:\/\/lyfilter.com\/tr\/wp-json\/wp\/v2\/product_cat?post=4113"},{"taxonomy":"product_tag","embeddable":true,"href":"https:\/\/lyfilter.com\/tr\/wp-json\/wp\/v2\/product_tag?post=4113"}],"curies":[{"name":"wp","href":"https:\/\/api.w.org\/{rel}","templated":true}]}}