{"id":4111,"date":"2026-04-03T10:12:31","date_gmt":"2026-04-03T10:12:31","guid":{"rendered":"https:\/\/lyfilter.com\/"},"modified":"2026-04-03T10:12:31","modified_gmt":"2026-04-03T10:12:31","slug":"sintered-filter-cartridge-oem-lvyuan-lvyuan-filter","status":"publish","type":"product","link":"https:\/\/lyfilter.com\/tr\/sintered-filter-cartridge-oem-lvyuan-lvyuan-filter\/","title":{"rendered":"Sinterlenmi\u015f Filtre Kartu\u015fu OEM\/Lvyuan - - Lvyuan Filtre"},"content":{"rendered":"<p><b>\u00dcr\u00fcn \u00d6zellikleri<\/b><\/p>\n<p>Malzeme: pe<\/p>\n<p>&nbsp;<\/p>\n<p><b>\u00dcr\u00fcn Tan\u0131t\u0131m\u0131<\/b><\/p>\n<p>Bizim\u00a0<a href=\"https:\/\/lyfilter.com\/tr\/\">Lvyuan Filtre<\/a>\u00a0sinterlenmi\u015f filtre kartu\u015fu, m\u00fc\u015fterilerin s\u00fcrekli geli\u015fen gereksinimleri do\u011frultusunda tasarlanm\u0131\u015f ve \u00fcretilmi\u015ftir. sinterlenmi\u015f filtre kartu\u015fu end\u00fcstrinin ileri seviyesine ula\u015f\u0131r. Guangzhou Lvyuan Su Ar\u0131tma Equipment Co, Ltd m\u00fc\u015fteri hizmetleri gururunu yutmak ve su\u00e7lama veya olumsuz geribildirim kabul etme yetene\u011fine sahiptir.<\/p>\n<p>&nbsp;<\/p>\n<p><strong><a href=\"https:\/\/lyfilter.com\/tr\/sintered-porous-plastic.html\/\">Sinterlenmi\u015f g\u00f6zenekli plastik<\/a>\u00a0PE PA PTFE PVDF filtre<\/strong><\/p>\n<p>Firmam\u0131z ultra y\u00fcksek molek\u00fcler polietilen sinterlenmi\u015f filtre \u00fcretmektedir, molek\u00fcler a\u011f\u0131rl\u0131\u011f\u0131 3 milyondan fazla sinterleme partik\u00fcl\u00fcd\u00fcr. sinterleme f\u0131r\u0131n\u0131nda bas\u0131nc\u0131 kullanmak i\u00e7in bir kal\u0131p kullan\u0131n. sinterlenmi\u015f filtreler elemanlar\u0131 yayg\u0131n olarak kimya, petrol, metalurji, hava arac\u0131, gaz, elektronik, eczane, pn\u00f6matik, hava reg\u00fclat\u00f6r\u00fc bile\u015fenleri, bas\u0131n\u00e7\u00a0<a href=\"https:\/\/lyfilter.com\/tr\/products.html\/\">filtre eleman\u0131<\/a>s, hava filtreleri ve daha fazla alan.<\/p>","protected":false},"excerpt":{"rendered":"<table>\n<thead>\n<tr>\n<th>\u00d6\u011fe<\/th>\n<th>De\u011fer<\/th>\n<th>\u00d6\u011fe<\/th>\n<th>De\u011fer<\/th>\n<\/tr>\n<\/thead>\n<tbody>\n<tr>\n<td>Ba\u015flang\u0131\u00e7 Liman\u0131<\/td>\n<td>Guangzhou<\/td>\n<td>\u00dcretim Kapasitesi<\/td>\n<td>10000 adet\/Ay<\/td>\n<\/tr>\n<tr>\n<td>\u00d6deme<\/td>\n<td>L \/ C; T \/ T; Western Union; Alibaba Ticaret G\u00fcvencesi; PayPal<\/td>\n<td>Marka<\/td>\n<td>OEM\/Lvyuan<\/td>\n<\/tr>\n<\/tbody>\n<\/table>","protected":false},"featured_media":4112,"comment_status":"open","ping_status":"closed","template":"","meta":{"_gspb_post_css":""},"product_brand":[],"product_cat":[22],"product_tag":[1346,1242,1439,810,1438,1237],"class_list":{"0":"post-4111","1":"product","2":"type-product","3":"status-publish","4":"has-post-thumbnail","6":"product_cat-sintered-filter-cartridge","7":"product_tag-industrial-sintered-filter","8":"product_tag-lvyuan-filter","9":"product_tag-metal-filter-element","10":"product_tag-oem-filter-cartridge","11":"product_tag-reusable-filter-cartridge","12":"product_tag-sintered-filter-cartridge","14":"first","15":"instock","16":"shipping-taxable","17":"product-type-simple"},"_links":{"self":[{"href":"https:\/\/lyfilter.com\/tr\/wp-json\/wp\/v2\/product\/4111","targetHints":{"allow":["GET"]}}],"collection":[{"href":"https:\/\/lyfilter.com\/tr\/wp-json\/wp\/v2\/product"}],"about":[{"href":"https:\/\/lyfilter.com\/tr\/wp-json\/wp\/v2\/types\/product"}],"replies":[{"embeddable":true,"href":"https:\/\/lyfilter.com\/tr\/wp-json\/wp\/v2\/comments?post=4111"}],"wp:featuredmedia":[{"embeddable":true,"href":"https:\/\/lyfilter.com\/tr\/wp-json\/wp\/v2\/media\/4112"}],"wp:attachment":[{"href":"https:\/\/lyfilter.com\/tr\/wp-json\/wp\/v2\/media?parent=4111"}],"wp:term":[{"taxonomy":"product_brand","embeddable":true,"href":"https:\/\/lyfilter.com\/tr\/wp-json\/wp\/v2\/product_brand?post=4111"},{"taxonomy":"product_cat","embeddable":true,"href":"https:\/\/lyfilter.com\/tr\/wp-json\/wp\/v2\/product_cat?post=4111"},{"taxonomy":"product_tag","embeddable":true,"href":"https:\/\/lyfilter.com\/tr\/wp-json\/wp\/v2\/product_tag?post=4111"}],"curies":[{"name":"wp","href":"https:\/\/api.w.org\/{rel}","templated":true}]}}