{"id":4109,"date":"2026-04-03T08:46:53","date_gmt":"2026-04-03T08:46:53","guid":{"rendered":"https:\/\/lyfilter.com\/"},"modified":"2026-04-03T08:46:54","modified_gmt":"2026-04-03T08:46:54","slug":"soe-222-226-227-fin-10-20-30-40-50-inch-20-microns-filter-string-pp-water-filter-cartridge-for-stainless-steel-housing-filter","status":"publish","type":"product","link":"https:\/\/lyfilter.com\/tr\/soe-222-226-227-fin-10-20-30-40-50-inch-20-microns-filter-string-pp-water-filter-cartridge-for-stainless-steel-housing-filter\/","title":{"rendered":"SOE 222 226 227 Fin 10\/20\/30\/40\/50 \u0130n\u00e7 20 Mikron Filtre Dize Paslanmaz \u00c7elik Muhafaza Filtresi \u0130\u00e7in PP Su Filtresi Kartu\u015fu"},"content":{"rendered":"<p>Paslanmaz \u00e7elik muhafaza sistemleri i\u00e7in \u00fcretilen bu SOE PP tel filtre kartu\u015fu, 222, 226 ve 227 kanat se\u00e7enekleriyle 20 mikron filtreleme sa\u011flar. Temiz su ak\u0131\u015f\u0131n\u0131, sabit \u00e7\u0131k\u0131\u015f\u0131 ve 10 ila 50 in\u00e7 aras\u0131nda esnek boyutland\u0131rmay\u0131 destekler.<\/p>","protected":false},"excerpt":{"rendered":"<table>\n<thead>\n<tr>\n<th>\u00d6\u011fe<\/th>\n<th>De\u011fer<\/th>\n<th>\u00d6\u011fe<\/th>\n<th>De\u011fer<\/th>\n<\/tr>\n<\/thead>\n<tbody>\n<tr>\n<td>Ba\u015flang\u0131\u00e7 Liman\u0131<\/td>\n<td>Huangpu\/Nansha<\/td>\n<td>\u00dcretim Kapasitesi<\/td>\n<td>10000 adet\/ay<\/td>\n<\/tr>\n<tr>\n<td>Men\u015fe Yeri<\/td>\n<td>Guangzhou\/Shenzhen<\/td>\n<td>\u00d6deme<\/td>\n<td>T \/ T; Alibaba Ticaret G\u00fcvencesi; paypal<\/td>\n<\/tr>\n<tr>\n<td>ADEDI<\/td>\n<td>1 adet<\/td>\n<td>Teslimat S\u00fcresi<\/td>\n<td>5-10 g\u00fcn<\/td>\n<\/tr>\n<tr>\n<td>Sertifikasyon<\/td>\n<td>SGS<\/td>\n<td>Marka<\/td>\n<td>OEM\/Lvyuan<\/td>\n<\/tr>\n<\/tbody>\n<\/table>","protected":false},"featured_media":4110,"comment_status":"open","ping_status":"closed","template":"","meta":{"_gspb_post_css":""},"product_brand":[],"product_cat":[23],"product_tag":[1437,1435,1436,632,1434,292],"class_list":{"0":"post-4109","1":"product","2":"type-product","3":"status-publish","4":"has-post-thumbnail","6":"product_cat-pp-filter-cartridge","7":"product_tag-10-20-30-40-50-inch-filter","8":"product_tag-20-micron-string-filter","9":"product_tag-222-226-227-fin-filter","10":"product_tag-pp-water-filter-cartridge","11":"product_tag-soe-pp-water-filter-cartridge","12":"product_tag-stainless-steel-housing-filter","14":"first","15":"instock","16":"shipping-taxable","17":"product-type-simple"},"_links":{"self":[{"href":"https:\/\/lyfilter.com\/tr\/wp-json\/wp\/v2\/product\/4109","targetHints":{"allow":["GET"]}}],"collection":[{"href":"https:\/\/lyfilter.com\/tr\/wp-json\/wp\/v2\/product"}],"about":[{"href":"https:\/\/lyfilter.com\/tr\/wp-json\/wp\/v2\/types\/product"}],"replies":[{"embeddable":true,"href":"https:\/\/lyfilter.com\/tr\/wp-json\/wp\/v2\/comments?post=4109"}],"wp:featuredmedia":[{"embeddable":true,"href":"https:\/\/lyfilter.com\/tr\/wp-json\/wp\/v2\/media\/4110"}],"wp:attachment":[{"href":"https:\/\/lyfilter.com\/tr\/wp-json\/wp\/v2\/media?parent=4109"}],"wp:term":[{"taxonomy":"product_brand","embeddable":true,"href":"https:\/\/lyfilter.com\/tr\/wp-json\/wp\/v2\/product_brand?post=4109"},{"taxonomy":"product_cat","embeddable":true,"href":"https:\/\/lyfilter.com\/tr\/wp-json\/wp\/v2\/product_cat?post=4109"},{"taxonomy":"product_tag","embeddable":true,"href":"https:\/\/lyfilter.com\/tr\/wp-json\/wp\/v2\/product_tag?post=4109"}],"curies":[{"name":"wp","href":"https:\/\/api.w.org\/{rel}","templated":true}]}}