{"id":4095,"date":"2026-04-03T08:35:19","date_gmt":"2026-04-03T08:35:19","guid":{"rendered":"https:\/\/lyfilter.com\/"},"modified":"2026-04-03T08:35:19","modified_gmt":"2026-04-03T08:35:19","slug":"222-226-flat-fin-doe-pp-ptfe-pvdf-pleated-cartridge-nitrogen-gas-filter","status":"publish","type":"product","link":"https:\/\/lyfilter.com\/tr\/222-226-flat-fin-doe-pp-ptfe-pvdf-pleated-cartridge-nitrogen-gas-filter\/","title":{"rendered":"222\/226\/D\u00fcz\/Fin\/DOE PP PTFE PVDF Pileli Kartu\u015f Azot Gaz\u0131 Filtresi"},"content":{"rendered":"<h3>222\/226\/D\u00fcz\/Fin\/Doe Ptfe Pvdf Pileli Kartu\u015f Azot Gaz\u0131 Filtresi<\/h3>\n<div id=\"kcc3w\">\n<div id=\"kcc3w\">\nAzot gaz\u0131 filtrelerinin filtrasyon ortam\u0131 hidrofobik PP PTFE PVDF membrand\u0131r. Azot filtre kartu\u015fumuz m\u00fckemmel \u00e7al\u0131\u015fma \u00f6zellikleri ta\u015f\u0131r ve g\u00fcvenlik ve termal kontrol \u00f6zellikleri ABD USP gerekliliklerine uygundur. Her bir nitrojen\u00a0<a href=\"https:\/\/lyfilter.com\/tr\/products.html\/\">filtre eleman\u0131<\/a>\u00a0ABD HIME'nin bakteri tutma gereksinimlerine ula\u015fmay\u0131 sa\u011flamak i\u00e7in kabarc\u0131k noktas\u0131 ve genle\u015fme ak\u0131\u015f\u0131n\u0131n 100% b\u00fct\u00fcnl\u00fck testini ge\u00e7mi\u015ftir.<\/div>\n<div id=\"kcc3w\"><\/div>\n<div id=\"kcc3w\">Azot gaz\u0131 filtrelerinin pileli tasar\u0131m\u0131, filtre y\u00fczey alan\u0131n\u0131 en \u00fcst d\u00fczeye \u00e7\u0131kararak filtrasyon verimlili\u011fini art\u0131r\u0131r ve hizmet \u00f6mr\u00fcn\u00fc uzat\u0131r. Bu filtreler 0,3 mikron kadar k\u00fc\u00e7\u00fck partik\u00fclleri y\u00fcksek verimlilikle temizleyebilir, bu da onlar\u0131 222 filtre kartu\u015fu ve 226 filtre kartu\u015fu gibi ultra ince filtreleme ihtiya\u00e7lar\u0131 i\u00e7in ideal hale getirir. Azot gaz\u0131 safla\u015ft\u0131rmas\u0131 i\u00e7in \u00f6zel olarak tasarlanan bu filtreler, partik\u00fclleri, aerosolleri ve nemi gidermede m\u00fckemmeldir ve elektronik \u00fcretimi, ila\u00e7 ve laboratuvar ortamlar\u0131 gibi end\u00fcstriler i\u00e7in gerekli olan temiz, kuru gaz\u0131n verilmesini sa\u011flar.<\/div>\n<\/div>","protected":false},"excerpt":{"rendered":"<p>Lvyuan Filter d\u00fcz kanatl\u0131 pileli kartu\u015f azot gaz\u0131 filtresi, kritik gaz ar\u0131tma uygulamalar\u0131 i\u00e7in tasarlanm\u0131\u015ft\u0131r. Polipropilen (PP), politetrafloroetilen (PTFE) ve poliviniliden flor\u00fcr (PVDF) gibi malzemelerden \u00fcretilen bu azot filtre elemanlar\u0131, ola\u011fan\u00fcst\u00fc kimyasal diren\u00e7 ve dayan\u0131kl\u0131l\u0131k sunar. Bu pileli nitrojen filtre kartu\u015flar\u0131, farkl\u0131 kurulum gereksinimlerini kar\u015f\u0131lamak ve optimum performans sa\u011flamak i\u00e7in \u00e7e\u015fitli konfig\u00fcrasyonlarda mevcuttur-222 filtre kartu\u015fu, 226 filtre kartu\u015fu, d\u00fcz, kanatl\u0131 ve DOE.<\/p>","protected":false},"featured_media":4099,"comment_status":"open","ping_status":"closed","template":"","meta":{"_gspb_post_css":""},"product_brand":[],"product_cat":[24,26],"product_tag":[1430,1431,1427,1428,1432,1429],"class_list":{"0":"post-4095","1":"product","2":"type-product","3":"status-publish","4":"has-post-thumbnail","6":"product_cat-sintered-porous-plastic","7":"product_cat-plastic-silencer","8":"product_tag-222-226-doe-filter","9":"product_tag-industrial-gas-filter","10":"product_tag-nitrogen-gas-filter","11":"product_tag-pleated-cartridge-filter","12":"product_tag-pleated-membrane-cartridge","13":"product_tag-pp-ptfe-pvdf-filter","15":"first","16":"instock","17":"shipping-taxable","18":"product-type-simple"},"_links":{"self":[{"href":"https:\/\/lyfilter.com\/tr\/wp-json\/wp\/v2\/product\/4095","targetHints":{"allow":["GET"]}}],"collection":[{"href":"https:\/\/lyfilter.com\/tr\/wp-json\/wp\/v2\/product"}],"about":[{"href":"https:\/\/lyfilter.com\/tr\/wp-json\/wp\/v2\/types\/product"}],"replies":[{"embeddable":true,"href":"https:\/\/lyfilter.com\/tr\/wp-json\/wp\/v2\/comments?post=4095"}],"wp:featuredmedia":[{"embeddable":true,"href":"https:\/\/lyfilter.com\/tr\/wp-json\/wp\/v2\/media\/4099"}],"wp:attachment":[{"href":"https:\/\/lyfilter.com\/tr\/wp-json\/wp\/v2\/media?parent=4095"}],"wp:term":[{"taxonomy":"product_brand","embeddable":true,"href":"https:\/\/lyfilter.com\/tr\/wp-json\/wp\/v2\/product_brand?post=4095"},{"taxonomy":"product_cat","embeddable":true,"href":"https:\/\/lyfilter.com\/tr\/wp-json\/wp\/v2\/product_cat?post=4095"},{"taxonomy":"product_tag","embeddable":true,"href":"https:\/\/lyfilter.com\/tr\/wp-json\/wp\/v2\/product_tag?post=4095"}],"curies":[{"name":"wp","href":"https:\/\/api.w.org\/{rel}","templated":true}]}}