{"id":4087,"date":"2026-04-03T08:31:02","date_gmt":"2026-04-03T08:31:02","guid":{"rendered":"https:\/\/lyfilter.com\/"},"modified":"2026-04-03T08:31:02","modified_gmt":"2026-04-03T08:31:02","slug":"stainless-steel-bag-filter-manufacturing-for-beverage-industry","status":"publish","type":"product","link":"https:\/\/lyfilter.com\/tr\/stainless-steel-bag-filter-manufacturing-for-beverage-industry\/","title":{"rendered":"\u0130\u00e7ecek End\u00fcstrisi \u0130\u00e7in Paslanmaz \u00c7elik Torba Filtre \u0130malat\u0131"},"content":{"rendered":"<p data-start=\"361\" data-end=\"628\">\u0130\u00e7ecek i\u015fleme i\u00e7in tasarlanan bu paslanmaz \u00e7elik torba filtre, temiz s\u0131v\u0131 ak\u0131\u015f\u0131n\u0131, g\u00fcvenilir partik\u00fcl yakalamay\u0131 ve sorunsuz g\u00fcnl\u00fck \u00fcretimi destekler. Dayan\u0131kl\u0131 yap\u0131s\u0131, bak\u0131m bas\u0131nc\u0131n\u0131 azalt\u0131rken istikrarl\u0131 filtrelemenin s\u00fcrd\u00fcr\u00fclmesine yard\u0131mc\u0131 olur.<\/p>\n<p data-start=\"630\" data-end=\"902\" data-is-last-node=\"\" data-is-only-node=\"\">","protected":false},"excerpt":{"rendered":"<table>\n<thead>\n<tr>\n<th>\u00d6\u011fe<\/th>\n<th>De\u011fer<\/th>\n<th>\u00d6\u011fe<\/th>\n<th>De\u011fer<\/th>\n<\/tr>\n<\/thead>\n<tbody>\n<tr>\n<td>Men\u015fe Yeri<\/td>\n<td>Guangdong, \u00c7in<\/td>\n<td>Marka Ad\u0131<\/td>\n<td>Lvyuan, OEM, ODM<\/td>\n<\/tr>\n<tr>\n<td>Malzeme<\/td>\n<td>sus304; sus316<\/td>\n<td>A\u011f\u0131rl\u0131k<\/td>\n<td>\u00f6zelle\u015ftirilmi\u015f<\/td>\n<\/tr>\n<tr>\n<td>Boyut<\/td>\n<td>\u00f6zelle\u015ftirilmi\u015f<\/td>\n<td>G\u00fc\u00e7<\/td>\n<td>0<\/td>\n<\/tr>\n<tr>\n<td>Garanti<\/td>\n<td>Kullan\u0131lam\u0131yor<\/td>\n<td>\u00d6zellik<\/td>\n<td>kolayca taksitlendirme<\/td>\n<\/tr>\n<tr>\n<td>Sertifikasyon<\/td>\n<td>SGS<\/td>\n<td>\u015eekil<\/td>\n<td>Silindir<\/td>\n<\/tr>\n<tr>\n<td>Kullan\u0131m<\/td>\n<td>su fi\u0307ltreleme<\/td>\n<td>Uygulama<\/td>\n<td>end\u00fcstri<\/td>\n<\/tr>\n<tr>\n<td>y\u00fczey<\/td>\n<td>Cilal\u0131<\/td>\n<td>Model<\/td>\n<td>BFH-02<\/td>\n<\/tr>\n<tr>\n<td>Hammadde<\/td>\n<td>paslanmaz \u00e7elik<\/td>\n<td>\u00c7al\u0131\u015fma bas\u0131nc\u0131<\/td>\n<td>150Psi<\/td>\n<\/tr>\n<tr>\n<td>filtre torbas\u0131 malzemesi<\/td>\n<td>PE\/paslanmaz \u00e7elik\/pp<\/td>\n<td>Sa\u011flanan Sat\u0131\u015f Sonras\u0131 Hizmet<\/td>\n<td>\u00c7evrimi\u00e7i destek<\/td>\n<\/tr>\n<tr>\n<td>Sat\u0131\u015f Birimleri<\/td>\n<td>Tek \u00fcr\u00fcn<\/td>\n<td>Tek paket boyutu<\/td>\n<td>35X35X70 cm<\/td>\n<\/tr>\n<tr>\n<td>Tek br\u00fct a\u011f\u0131rl\u0131k<\/td>\n<td>18.500 kg<\/td>\n<td>Paket Tipi<\/td>\n<td>ka\u011f\u0131t kutu ve ah\u015fap kasa<\/td>\n<\/tr>\n<tr>\n<td>Teslim S\u00fcresi<\/td>\n<td>1 - 10: 15 g\u00fcn; 11 - 50: 25 g\u00fcn; 51 - 100: 35 g\u00fcn; &gt;100: M\u00fczakere edilecek<\/td>\n<td><\/td>\n<td><\/td>\n<\/tr>\n<\/tbody>\n<\/table>","protected":false},"featured_media":4093,"comment_status":"open","ping_status":"closed","template":"","meta":{"_gspb_post_css":""},"product_brand":[],"product_cat":[1135],"product_tag":[1425,1138,1426,1070,1320,34],"class_list":{"0":"post-4087","1":"product","2":"type-product","3":"status-publish","4":"has-post-thumbnail","6":"product_cat-stainless-steel-bag-filter-housing","7":"product_tag-beverage-industry-filter","8":"product_tag-beverage-processing-filter","9":"product_tag-industrial-bag-filter","10":"product_tag-liquid-filtration-system","11":"product_tag-stainless-steel-bag-filter","12":"product_tag-stainless-steel-filter-housing","14":"first","15":"instock","16":"shipping-taxable","17":"product-type-simple"},"_links":{"self":[{"href":"https:\/\/lyfilter.com\/tr\/wp-json\/wp\/v2\/product\/4087","targetHints":{"allow":["GET"]}}],"collection":[{"href":"https:\/\/lyfilter.com\/tr\/wp-json\/wp\/v2\/product"}],"about":[{"href":"https:\/\/lyfilter.com\/tr\/wp-json\/wp\/v2\/types\/product"}],"replies":[{"embeddable":true,"href":"https:\/\/lyfilter.com\/tr\/wp-json\/wp\/v2\/comments?post=4087"}],"wp:featuredmedia":[{"embeddable":true,"href":"https:\/\/lyfilter.com\/tr\/wp-json\/wp\/v2\/media\/4093"}],"wp:attachment":[{"href":"https:\/\/lyfilter.com\/tr\/wp-json\/wp\/v2\/media?parent=4087"}],"wp:term":[{"taxonomy":"product_brand","embeddable":true,"href":"https:\/\/lyfilter.com\/tr\/wp-json\/wp\/v2\/product_brand?post=4087"},{"taxonomy":"product_cat","embeddable":true,"href":"https:\/\/lyfilter.com\/tr\/wp-json\/wp\/v2\/product_cat?post=4087"},{"taxonomy":"product_tag","embeddable":true,"href":"https:\/\/lyfilter.com\/tr\/wp-json\/wp\/v2\/product_tag?post=4087"}],"curies":[{"name":"wp","href":"https:\/\/api.w.org\/{rel}","templated":true}]}}