{"id":4084,"date":"2026-04-03T08:28:20","date_gmt":"2026-04-03T08:28:20","guid":{"rendered":"https:\/\/lyfilter.com\/"},"modified":"2026-04-24T23:46:15","modified_gmt":"2026-04-24T23:46:15","slug":"sewage-equipment-machine-water-purification-systems","status":"publish","type":"product","link":"https:\/\/lyfilter.com\/tr\/sewage-equipment-machine-water-purification-systems\/","title":{"rendered":"Kanalizasyon Ekipmanlar\u0131 Makinesi \/ Su Ar\u0131tma Sistemleri"},"content":{"rendered":"<p>At\u0131k su ar\u0131tma i\u00e7in tasarlanan bu at\u0131k su ekipman makinesi, daha temiz i\u015fleme, sabit ak\u0131\u015f ve g\u00fcvenilir ar\u0131tmay\u0131 destekler. Tesislerin su kalitesini dayan\u0131kl\u0131 performans ve sahada daha sorunsuz g\u00fcnl\u00fck \u00e7al\u0131\u015fma ile y\u00f6netmesine yard\u0131mc\u0131 olur.<\/p>","protected":false},"excerpt":{"rendered":"<table>\n<thead>\n<tr>\n<th>\u00d6\u011fe<\/th>\n<th>De\u011fer<\/th>\n<th>\u00d6\u011fe<\/th>\n<th>De\u011fer<\/th>\n<\/tr>\n<\/thead>\n<tbody>\n<tr>\n<td>Uygulanabilir Sekt\u00f6rler<\/td>\n<td>Oteller; Yiyecek ve \u0130\u00e7ecek Fabrikas\u0131; \u00c7iftlikler; Restoran; Yiyecek Ma\u011fazas\u0131; Enerji ve Madencilik; Yiyecek ve \u0130\u00e7ecek Ma\u011fazalar\u0131<\/td>\n<td>Garanti Sonras\u0131 Hizmet<\/td>\n<td>Video teknik deste\u011fi<\/td>\n<\/tr>\n<tr>\n<td>Yerel Hizmet Konumu<\/td>\n<td>Hi\u00e7biri<\/td>\n<td>Showroom Konumu<\/td>\n<td>Hi\u00e7biri<\/td>\n<\/tr>\n<tr>\n<td>Video giden-denetim<\/td>\n<td>Sa\u011fland\u0131<\/td>\n<td>Makine Test Raporu<\/td>\n<td>Mevcut de\u011fil<\/td>\n<\/tr>\n<tr>\n<td>Pazarlama T\u00fcr\u00fc<\/td>\n<td>S\u0131cak \u00dcr\u00fcn 2019<\/td>\n<td>\u00c7ekirdek bile\u015fenlerin garantisi<\/td>\n<td>1 Y\u0131l<\/td>\n<\/tr>\n<tr>\n<td>Men\u015fe Yeri<\/td>\n<td>Guangdong, \u00c7in<\/td>\n<td>Marka Ad\u0131<\/td>\n<td>Guangzhou Lvyuan<\/td>\n<\/tr>\n<tr>\n<td>Garanti<\/td>\n<td>1 Y\u0131l<\/td>\n<td>Sa\u011flanan Sat\u0131\u015f Sonras\u0131 Hizmet<\/td>\n<td>Video teknik deste\u011fi<\/td>\n<\/tr>\n<tr>\n<td>\u00d6\u011fe<\/td>\n<td>MBR at\u0131k su ar\u0131tma tesisi<\/td>\n<td>Garanti<\/td>\n<td>Bir y\u0131l boyunca elektrikli par\u00e7a<\/td>\n<\/tr>\n<tr>\n<td>BELGELEND\u0130RME<\/td>\n<td>BV<\/td>\n<td>TEKNOLOJ\u0130 1<\/td>\n<td>membran ayri\u015ftirma teknoloji\u0307si\u0307<\/td>\n<\/tr>\n<tr>\n<td>TEKNOLOJ\u0130 2<\/td>\n<td>biyolojik ar\u0131tma teknolojisi<\/td>\n<td>TEKNOLOJ\u0130 3<\/td>\n<td>Alfa membran mod\u00fcl\u00fc<\/td>\n<\/tr>\n<tr>\n<td>dayan\u0131kl\u0131<\/td>\n<td>Uzun hizmet \u00f6mr\u00fc<\/td>\n<td>operasyon<\/td>\n<td>Basit<\/td>\n<\/tr>\n<tr>\n<td>Bak\u0131m<\/td>\n<td>uygun<\/td>\n<td>Kalite<\/td>\n<td>y\u00fcksek seviye<\/td>\n<\/tr>\n<tr>\n<td>\u00c7ekirdek Bile\u015fenler<\/td>\n<td>Elektronik par\u00e7a<\/td>\n<td>Tedarik Yetene\u011fi<\/td>\n<td>Ay ba\u015f\u0131na 5 Adet \/ Adet<\/td>\n<\/tr>\n<\/tbody>\n<\/table>","protected":false},"featured_media":4086,"comment_status":"open","ping_status":"closed","template":"","meta":{"_gspb_post_css":""},"product_brand":[],"product_cat":[1147],"product_tag":[636,1423,1420,1424,1422,1421],"class_list":{"0":"post-4084","1":"product","2":"type-product","3":"status-publish","4":"has-post-thumbnail","6":"product_cat-waste-water-treatment-plant","7":"product_tag-industrial-water-treatment","8":"product_tag-purification-system-machine","9":"product_tag-sewage-equipment-machine","10":"product_tag-sewage-treatment-machine","11":"product_tag-wastewater-treatment-equipment","12":"product_tag-water-purification-systems","14":"first","15":"instock","16":"shipping-taxable","17":"product-type-simple"},"_links":{"self":[{"href":"https:\/\/lyfilter.com\/tr\/wp-json\/wp\/v2\/product\/4084","targetHints":{"allow":["GET"]}}],"collection":[{"href":"https:\/\/lyfilter.com\/tr\/wp-json\/wp\/v2\/product"}],"about":[{"href":"https:\/\/lyfilter.com\/tr\/wp-json\/wp\/v2\/types\/product"}],"replies":[{"embeddable":true,"href":"https:\/\/lyfilter.com\/tr\/wp-json\/wp\/v2\/comments?post=4084"}],"wp:featuredmedia":[{"embeddable":true,"href":"https:\/\/lyfilter.com\/tr\/wp-json\/wp\/v2\/media\/4086"}],"wp:attachment":[{"href":"https:\/\/lyfilter.com\/tr\/wp-json\/wp\/v2\/media?parent=4084"}],"wp:term":[{"taxonomy":"product_brand","embeddable":true,"href":"https:\/\/lyfilter.com\/tr\/wp-json\/wp\/v2\/product_brand?post=4084"},{"taxonomy":"product_cat","embeddable":true,"href":"https:\/\/lyfilter.com\/tr\/wp-json\/wp\/v2\/product_cat?post=4084"},{"taxonomy":"product_tag","embeddable":true,"href":"https:\/\/lyfilter.com\/tr\/wp-json\/wp\/v2\/product_tag?post=4084"}],"curies":[{"name":"wp","href":"https:\/\/api.w.org\/{rel}","templated":true}]}}