{"id":4070,"date":"2026-04-03T08:20:09","date_gmt":"2026-04-03T08:20:09","guid":{"rendered":"https:\/\/lyfilter.com\/"},"modified":"2026-04-03T08:20:09","modified_gmt":"2026-04-03T08:20:09","slug":"0-2-0-45-1-micron-titanium-filter-cartridge-for-water-filter-plant","status":"publish","type":"product","link":"https:\/\/lyfilter.com\/tr\/0-2-0-45-1-micron-titanium-filter-cartridge-for-water-filter-plant\/","title":{"rendered":"Su Filtresi Tesisi \u0130\u00e7in 0.2 0.45 1 Mikron Titanyum Filtre Kartu\u015fu"},"content":{"rendered":"<p>1. hammadde y\u00fcksek kaliteli titanyum, y\u00fcksek s\u0131cakl\u0131k sinterlenmi\u015f taraf\u0131ndan yap\u0131land\u0131r\u0131lm\u0131\u015f.<\/p>\n<p>2. D\u00fczg\u00fcn yap\u0131, y\u00fcksek g\u00f6zenek yo\u011funlu\u011fu, filtrasyon s\u0131ras\u0131nda d\u00fc\u015f\u00fck diren\u00e7, iyi ge\u00e7irgenlik<\/p>\n<p>3. m\u00fckemmel y\u00fcksek ve d\u00fc\u015f\u00fck s\u0131cakl\u0131k direnci, korozyon direnci, uzun servis \u00f6mr\u00fc, kolay rejenerasyon.<\/p>\n<p>4. g\u00fc\u00e7l\u00fc asit, g\u00fc\u00e7l\u00fc alkali ve y\u00fcksek s\u0131cakl\u0131k dayan\u0131m\u0131.<\/p>","protected":false},"excerpt":{"rendered":"<table>\n<thead>\n<tr>\n<th>\u00d6\u011fe<\/th>\n<th>De\u011fer<\/th>\n<th>\u00d6\u011fe<\/th>\n<th>De\u011fer<\/th>\n<\/tr>\n<\/thead>\n<tbody>\n<tr>\n<td>Filtrasyon Mikron<\/td>\n<td>0,2 - 100um<\/td>\n<td>Uzunluk<\/td>\n<td>5\u201d(125mm); 10\u201d(250mm); 20\u201d(500mm); 30\u201d(750mm); 40\u201d(1000mm)<\/td>\n<\/tr>\n<tr>\n<td>D\u0131\u015f \u00c7ap<\/td>\n<td>50mm; 60mm; 70mm<\/td>\n<td>Konekt\u00f6r Tipi<\/td>\n<td>D\u00fcz tip; 215\/222\/226\/M20\/M30\/M42<\/td>\n<\/tr>\n<tr>\n<td>S\u0131zd\u0131rmazl\u0131k Malzemesi<\/td>\n<td>Silikon kau\u00e7uk; NBR; EPDM; Floro kau\u00e7uk<\/td>\n<td>G\u00f6zeneklilik<\/td>\n<td>28 - 50%<\/td>\n<\/tr>\n<tr>\n<td>D\u0131\u015f \u00e7ap<\/td>\n<td>60mm; 70mm<\/td>\n<td>S\u0131cakl\u0131k Tolerans\u0131<\/td>\n<td>\u2264300\u2103<\/td>\n<\/tr>\n<tr>\n<td>Maksimum \u00c7al\u0131\u015fma Bas\u0131nc\u0131 Diferansiyeli<\/td>\n<td>0.6Mpa<\/td>\n<td>\u00c7ap<\/td>\n<td>\u03a622mm; \u03a630mm; \u03a650mm; \u03a660mm; \u03a680mm; \u03a6100mm; \u03a6120mm<\/td>\n<\/tr>\n<tr>\n<td>Ak\u0131\u015f H\u0131z\u0131 (L\/H)<\/td>\n<td>180; 200; 250; 280; 300; 350; 500; 800; 1000; 1500; 1600<\/td>\n<td><\/td>\n<td><\/td>\n<\/tr>\n<\/tbody>\n<\/table>","protected":false},"featured_media":4071,"comment_status":"open","ping_status":"closed","template":"","meta":{"_gspb_post_css":""},"product_brand":[],"product_cat":[1141],"product_tag":[1414,1415,644,743,1413,1416],"class_list":{"0":"post-4070","1":"product","2":"type-product","3":"status-publish","4":"has-post-thumbnail","6":"product_cat-titanium-filter-cartridge","7":"product_tag-0-2-micron-filter-cartridge","8":"product_tag-0-45-micron-filter-cartridge","9":"product_tag-1-micron-filter-cartridge","10":"product_tag-industrial-water-filter-cartridge","11":"product_tag-titanium-filter-cartridge","12":"product_tag-water-filter-plant-cartridge","14":"first","15":"instock","16":"shipping-taxable","17":"product-type-simple"},"_links":{"self":[{"href":"https:\/\/lyfilter.com\/tr\/wp-json\/wp\/v2\/product\/4070","targetHints":{"allow":["GET"]}}],"collection":[{"href":"https:\/\/lyfilter.com\/tr\/wp-json\/wp\/v2\/product"}],"about":[{"href":"https:\/\/lyfilter.com\/tr\/wp-json\/wp\/v2\/types\/product"}],"replies":[{"embeddable":true,"href":"https:\/\/lyfilter.com\/tr\/wp-json\/wp\/v2\/comments?post=4070"}],"wp:featuredmedia":[{"embeddable":true,"href":"https:\/\/lyfilter.com\/tr\/wp-json\/wp\/v2\/media\/4071"}],"wp:attachment":[{"href":"https:\/\/lyfilter.com\/tr\/wp-json\/wp\/v2\/media?parent=4070"}],"wp:term":[{"taxonomy":"product_brand","embeddable":true,"href":"https:\/\/lyfilter.com\/tr\/wp-json\/wp\/v2\/product_brand?post=4070"},{"taxonomy":"product_cat","embeddable":true,"href":"https:\/\/lyfilter.com\/tr\/wp-json\/wp\/v2\/product_cat?post=4070"},{"taxonomy":"product_tag","embeddable":true,"href":"https:\/\/lyfilter.com\/tr\/wp-json\/wp\/v2\/product_tag?post=4070"}],"curies":[{"name":"wp","href":"https:\/\/api.w.org\/{rel}","templated":true}]}}