{"id":4053,"date":"2026-04-03T08:09:52","date_gmt":"2026-04-03T08:09:52","guid":{"rendered":"https:\/\/lyfilter.com\/"},"modified":"2026-04-24T23:46:37","modified_gmt":"2026-04-24T23:46:37","slug":"sintered-stainless-steel-filter-oem-by-lvyuan-filter","status":"publish","type":"product","link":"https:\/\/lyfilter.com\/tr\/sintered-stainless-steel-filter-oem-by-lvyuan-filter\/","title":{"rendered":"Lvyuan Filtre ile Sinterlenmi\u015f Paslanmaz \u00c7elik Filtre OEM"},"content":{"rendered":"<div class=\"J_module\">\n<div class=\"detail-decorate-json-renderer-container\">\n<div class=\"magic-0\">\n<h3 class=\"magic-1\" data-id=\"title0\">Plastik Sinterlenmi\u015f S\u0131v\u0131 Kartu\u015f Filtre End\u00fcstriyel At\u0131k Su Gaz Hava Ar\u0131tma<\/h3>\n<\/div>\n<\/div>\n<\/div>\n<div class=\"J_module\">\n<div class=\"detail-decorate-json-renderer-container\">\n<div class=\"magic-0\">\n<div class=\"magic-2\">\n<div class=\"magic-3\">\n<div class=\"magic-4\" data-id=\"paragraph0\">Lvyuan geni\u015f \u00fcr\u00fcn yelpazesi \u00fcretir\u00a0<a href=\"https:\/\/lyfilter.com\/tr\/sintered-porous-plastic.html\/\">sinterlenmi\u015f g\u00f6zenekli plastik<\/a>\u00a0g\u00f6zenekli PE, HDPE, PTFE, PVDF, PA, Naylon 6, t\u00fcp, \u00e7ubuk, mum, levha, plaka, disk, \u00e7ubuk vb. \u015fekillerde cam elyaf\u0131 dahil olmak \u00fczere filtre \u00fcr\u00fcnleri. \u00c7e\u015fitli filtrasyon oran\u0131, \u015fekilleri ve \u00f6zellikleri ile sinterlenmi\u015f g\u00f6zenekli plastik filtre kartu\u015flar\u0131, su ar\u0131tma, kimya m\u00fchendisli\u011fi, t\u0131bbi ar\u0131tma, otomobil, \u00e7evre koruma ve ya\u011f su ay\u0131r\u0131c\u0131 ve susturucu, sarho\u015f s\u00fcr\u00fc\u015f test cihaz\u0131, medial tedavi i\u00e7in k\u00f6r tapa, \u015furup ve gres filtre cihaz\u0131, end\u00fcstriyel ak\u00fc i\u00e7in patlama \u00f6nleyici dilimler, otomobil ak\u00fcs\u00fc i\u00e7in aside dayan\u0131kl\u0131 dilimler, at\u0131k su ar\u0131tma, su ar\u0131tma filtre sistemi ve daha fazlas\u0131 gibi di\u011fer end\u00fcstrilerde yayg\u0131n olarak kullan\u0131lmaktad\u0131r. Lvyuan sinterlenmi\u015f g\u00f6zenekli platik filtreler farkl\u0131 m\u00fc\u015fterilerin gereksinimlerini kar\u015f\u0131layabilir. \u00d6zel kal\u0131planm\u0131\u015f \u015eekiller mevcuttur.<\/div>\n<\/div>\n<\/div>\n<\/div>\n<\/div>\n<\/div>\n<p>&nbsp;<\/p>\n<div class=\"J_module\">\n<div id=\"ali-anchor-AliMagic-9dmlpd\" class=\"magic-5\" data-section=\"AliMagic-9dmlpd\" data-section-title=\"Product Feature\">\u00dcr\u00fcn \u00d6zelli\u011fi<\/div>\n<\/div>\n<div class=\"J_module\">\n<div class=\"detail-decorate-json-renderer-container\">\n<div class=\"magic-0\">\n<div class=\"magic-2\">\n<div class=\"magic-3\">\n<div class=\"magic-4\">1. Birim alan ba\u015f\u0131na daha fazla ak\u0131\u015f sa\u011flamak i\u00e7in y\u00fcksek g\u00f6zeneklilik; 2. P\u00fcr\u00fczs\u00fcz d\u0131\u015f y\u00fczey, kirlilikler kolay yap\u0131\u015fmaz, geri y\u0131kama kolay ve kapsaml\u0131; 3. Kirlenme \u00f6nleme yetene\u011fi: filtrenin k\u00fc\u00e7\u00fck boyutu, b\u00f6ylece kirlilikler filtre g\u00f6vdesinde tutulamaz; 4. G\u00fc\u00e7l\u00fc asit, alkali korozyona diren\u00e7, organik \u00e7\u00f6z\u00fcc\u00fclere diren\u00e7; 5. M\u00fckemmel mekanik \u00f6zellikler; 6. Par\u00e7ac\u0131k sal\u0131n\u0131m\u0131 yok. 7. Geni\u015f \u00dcr\u00fcn yelpazesi ve geni\u015f uygulama alan\u0131<\/div>\n<\/div>\n<\/div>\n<\/div>\n<\/div>\n<\/div>","protected":false},"excerpt":{"rendered":"<table>\n<thead>\n<tr>\n<th>\u00d6\u011fe<\/th>\n<th>De\u011fer<\/th>\n<th>\u00d6\u011fe<\/th>\n<th>De\u011fer<\/th>\n<\/tr>\n<\/thead>\n<tbody>\n<tr>\n<td>Ba\u015flang\u0131\u00e7 Liman\u0131<\/td>\n<td>Guangzhou<\/td>\n<td>\u00d6deme<\/td>\n<td>T \/ T; Alibaba Ticaret G\u00fcvencesi; PayPal (<a title=\"Ticaret G\u00fcvencesi Alibaba.com sipari\u015flerinizi korur\" href=\"https:\/\/tradeassurance.alibaba.com\/?utm_source=chatgpt.com\">tradeassurance.alibaba.com<\/a>)<\/td>\n<\/tr>\n<tr>\n<td>Teslimat S\u00fcresi<\/td>\n<td>7 i\u015f g\u00fcn\u00fc i\u00e7erisinde<\/td>\n<td>Marka<\/td>\n<td>OEM\/Lvyuan<\/td>\n<\/tr>\n<\/tbody>\n<\/table>\n<table>\n<thead>\n<tr>\n<th>\u00d6\u011fe<\/th>\n<th>De\u011fer<\/th>\n<th>\u00d6\u011fe<\/th>\n<th>De\u011fer<\/th>\n<\/tr>\n<\/thead>\n<tbody>\n<tr>\n<td>Filtre Ortam\u0131<\/td>\n<td>PE; HDPE; PTFE; PVDF; PA\/Naylon vb.<\/td>\n<td>Mikron oran\u0131<\/td>\n<td>0.2um; 0.5um; 1um; 3um; 5um; 10um; 25um; 30um; 50um; 75um; 100um; vb.<\/td>\n<\/tr>\n<tr>\n<td>Referans boyut (mm)<\/td>\n<td>31x12x1000; 31x20x1000; 38x20x1000; 38x18x1000; 38x20x1200; 38x20x1300; 38x20x150; 38x20x400; 38x20x250; 38x20x200; 38x20x180; 38x20x150; 50x20x1000; 50x31x1000; 50x38x1000; 65x31x1000; 65x38x1000; 64x44x1000; 78x62x750mm; vb.<\/td>\n<td>Konekt\u00f6r tipi<\/td>\n<td>DOE; SOE; D\u00fcz; insert; iplik; 226; 222; 215; M36; M30; M27; M25; M22; M14; M12; veya iste\u011fe ba\u011fl\u0131 olarak<\/td>\n<\/tr>\n<tr>\n<td>Maks. \u00e7al\u0131\u015fma s\u0131cakl\u0131\u011f\u0131<\/td>\n<td>PE \u226482\u2103; PTFE \u2265200\u2103; PA \u2264120\u2103<\/td>\n<td><\/td>\n<td><\/td>\n<\/tr>\n<\/tbody>\n<\/table>","protected":false},"featured_media":4054,"comment_status":"open","ping_status":"closed","template":"","meta":{"_gspb_post_css":""},"product_brand":[],"product_cat":[24],"product_tag":[1071,1402,1399,1401,1403,1400],"class_list":{"0":"post-4053","1":"product","2":"type-product","3":"status-publish","4":"has-post-thumbnail","6":"product_cat-sintered-porous-plastic","7":"product_tag-corrosion-resistant-filter","8":"product_tag-industrial-metal-filter","9":"product_tag-lvyuan-sintered-stainless-steel-filter","10":"product_tag-oem-stainless-steel-filter","11":"product_tag-reusable-filtration-filter","12":"product_tag-sintered-stainless-steel-filter","14":"first","15":"instock","16":"shipping-taxable","17":"product-type-simple"},"_links":{"self":[{"href":"https:\/\/lyfilter.com\/tr\/wp-json\/wp\/v2\/product\/4053","targetHints":{"allow":["GET"]}}],"collection":[{"href":"https:\/\/lyfilter.com\/tr\/wp-json\/wp\/v2\/product"}],"about":[{"href":"https:\/\/lyfilter.com\/tr\/wp-json\/wp\/v2\/types\/product"}],"replies":[{"embeddable":true,"href":"https:\/\/lyfilter.com\/tr\/wp-json\/wp\/v2\/comments?post=4053"}],"wp:featuredmedia":[{"embeddable":true,"href":"https:\/\/lyfilter.com\/tr\/wp-json\/wp\/v2\/media\/4054"}],"wp:attachment":[{"href":"https:\/\/lyfilter.com\/tr\/wp-json\/wp\/v2\/media?parent=4053"}],"wp:term":[{"taxonomy":"product_brand","embeddable":true,"href":"https:\/\/lyfilter.com\/tr\/wp-json\/wp\/v2\/product_brand?post=4053"},{"taxonomy":"product_cat","embeddable":true,"href":"https:\/\/lyfilter.com\/tr\/wp-json\/wp\/v2\/product_cat?post=4053"},{"taxonomy":"product_tag","embeddable":true,"href":"https:\/\/lyfilter.com\/tr\/wp-json\/wp\/v2\/product_tag?post=4053"}],"curies":[{"name":"wp","href":"https:\/\/api.w.org\/{rel}","templated":true}]}}