{"id":4046,"date":"2026-04-03T08:04:43","date_gmt":"2026-04-03T08:04:43","guid":{"rendered":"https:\/\/lyfilter.com\/"},"modified":"2026-04-03T08:04:43","modified_gmt":"2026-04-03T08:04:43","slug":"factory-price-solid-perfume-tablet-car-perfume-tablet-parfum-tablets","status":"publish","type":"product","link":"https:\/\/lyfilter.com\/tr\/factory-price-solid-perfume-tablet-car-perfume-tablet-parfum-tablets\/","title":{"rendered":"Fabrika Fiyat\u0131 Kat\u0131 Parf\u00fcm Tableti Araba Parf\u00fcm Tableti Parf\u00fcm Tabletleri"},"content":{"rendered":"<p>Basit bir koku y\u00fckseltmesi isteyen s\u00fcr\u00fcc\u00fcler i\u00e7in \u00fcretilen bu kat\u0131 parf\u00fcm tabletleri, da\u011f\u0131n\u0131kl\u0131k olmadan ho\u015f bir koku yayar. Arabaya kolayca s\u0131\u011farlar ve g\u00fcnl\u00fck yolculuklarda kabinin ferah, i\u00e7 a\u00e7\u0131c\u0131 ve konforlu hissetmesine yard\u0131mc\u0131 olurlar.<\/p>","protected":false},"excerpt":{"rendered":"<table>\n<thead>\n<tr>\n<th>\u00d6\u011fe<\/th>\n<th>De\u011fer<\/th>\n<th>\u00d6\u011fe<\/th>\n<th>De\u011fer<\/th>\n<\/tr>\n<\/thead>\n<tbody>\n<tr>\n<td>Boyut<\/td>\n<td>\u00d6zel boyut<\/td>\n<td>Tip<\/td>\n<td>Aerosol Sprey<\/td>\n<\/tr>\n<tr>\n<td>Men\u015fe Yeri<\/td>\n<td>Guangdong, \u00c7in<\/td>\n<td>Marka Ad\u0131<\/td>\n<td>OEM<\/td>\n<\/tr>\n<tr>\n<td>Model Numaras\u0131<\/td>\n<td>LV01<\/td>\n<td>\u0130sim<\/td>\n<td>araba hava spreyi<\/td>\n<\/tr>\n<tr>\n<td>Malzeme<\/td>\n<td>Plastik PE<\/td>\n<td>Kullan\u0131m<\/td>\n<td>Hava Tazeleyici<\/td>\n<\/tr>\n<tr>\n<td>Renk<\/td>\n<td>Beyaz<\/td>\n<td>Paketleme<\/td>\n<td>1 adet\/opp \u00c7anta<\/td>\n<\/tr>\n<tr>\n<td>\u00d6zellik<\/td>\n<td>\u00c7evre Dostu Ara\u00e7 Kokusu<\/td>\n<td>Koku<\/td>\n<td>lavanta; okyanus; limon; kolonya; mangetik<\/td>\n<\/tr>\n<tr>\n<td>ADEDI<\/td>\n<td>1 tak\u0131m<\/td>\n<td>\u00d6DEME KO\u015eULLARI<\/td>\n<td>Ticaret g\u00fcvencesi; PayPal; T \/ T<\/td>\n<\/tr>\n<tr>\n<td>Teslim S\u00fcresi<\/td>\n<td>3-10 g\u00fcn<\/td>\n<td>Sat\u0131\u015f Birimleri<\/td>\n<td>Tek \u00fcr\u00fcn<\/td>\n<\/tr>\n<tr>\n<td>Tek paket boyutu<\/td>\n<td>35X15X15 cm<\/td>\n<td>Tek br\u00fct a\u011f\u0131rl\u0131k<\/td>\n<td>2.000 kg<\/td>\n<\/tr>\n<tr>\n<td>Paket Tipi<\/td>\n<td>Son ca \/ p 334 tek oring 131mm \u00e7ap 10 in\u00e7 Jumbo y\u00fcksek ak\u0131\u015fl\u0131 aktif karbon blok su filtresi kartu\u015fu cto filtre poli \u00e7anta ve karton kutu i\u00e7in Sevgili dostum, farkl\u0131 boyutlarda aktif karbon filtre yapabiliriz, l\u00fctfen en iyi fiyat i\u00e7in soru\u015fturma g\u00f6nderin. Te\u015fekk\u00fcrler.<\/td>\n<td>Teslim S\u00fcresi (Paketleme ve Teslimat)<\/td>\n<td>1 - 10000: 15 g\u00fcn; &gt;10000: M\u00fczakere edilecek<\/td>\n<\/tr>\n<tr>\n<td>\u00dcr\u00fcn Ba\u015fl\u0131\u011f\u0131<\/td>\n<td>Fabrika fiyat\u0131 kat\u0131 parf\u00fcm tableti araba parf\u00fcm tableti parf\u00fcm tabletleri<\/td>\n<td><\/td>\n<td><\/td>\n<\/tr>\n<\/tbody>\n<\/table>","protected":false},"featured_media":4052,"comment_status":"open","ping_status":"closed","template":"","meta":{"_gspb_post_css":""},"product_brand":[],"product_cat":[15],"product_tag":[1396,1394,1397,1398,1395,1393],"class_list":{"0":"post-4046","1":"product","2":"type-product","3":"status-publish","4":"has-post-thumbnail","6":"product_cat-stainless-steel-filter-housing","7":"product_tag-car-air-freshener-tablet","8":"product_tag-car-perfume-tablet","9":"product_tag-factory-price-perfume-tablet","10":"product_tag-long-lasting-car-fragrance","11":"product_tag-parfum-tablets","12":"product_tag-solid-perfume-tablet","14":"first","15":"instock","16":"shipping-taxable","17":"product-type-simple"},"_links":{"self":[{"href":"https:\/\/lyfilter.com\/tr\/wp-json\/wp\/v2\/product\/4046","targetHints":{"allow":["GET"]}}],"collection":[{"href":"https:\/\/lyfilter.com\/tr\/wp-json\/wp\/v2\/product"}],"about":[{"href":"https:\/\/lyfilter.com\/tr\/wp-json\/wp\/v2\/types\/product"}],"replies":[{"embeddable":true,"href":"https:\/\/lyfilter.com\/tr\/wp-json\/wp\/v2\/comments?post=4046"}],"wp:featuredmedia":[{"embeddable":true,"href":"https:\/\/lyfilter.com\/tr\/wp-json\/wp\/v2\/media\/4052"}],"wp:attachment":[{"href":"https:\/\/lyfilter.com\/tr\/wp-json\/wp\/v2\/media?parent=4046"}],"wp:term":[{"taxonomy":"product_brand","embeddable":true,"href":"https:\/\/lyfilter.com\/tr\/wp-json\/wp\/v2\/product_brand?post=4046"},{"taxonomy":"product_cat","embeddable":true,"href":"https:\/\/lyfilter.com\/tr\/wp-json\/wp\/v2\/product_cat?post=4046"},{"taxonomy":"product_tag","embeddable":true,"href":"https:\/\/lyfilter.com\/tr\/wp-json\/wp\/v2\/product_tag?post=4046"}],"curies":[{"name":"wp","href":"https:\/\/api.w.org\/{rel}","templated":true}]}}