{"id":4038,"date":"2026-04-03T08:01:10","date_gmt":"2026-04-03T08:01:10","guid":{"rendered":"https:\/\/lyfilter.com\/"},"modified":"2026-04-03T08:01:10","modified_gmt":"2026-04-03T08:01:10","slug":"lvyuan-filter-sintered-mesh-filter-series","status":"publish","type":"product","link":"https:\/\/lyfilter.com\/tr\/lvyuan-filter-sintered-mesh-filter-series\/","title":{"rendered":"Lvyuan Filtre Sinterlenmi\u015f Mesh Filtre Serisi"},"content":{"rendered":"<p>Lvyuan filtre sinterlenmi\u015f a\u011f filtre serisi, zorlu sistemlerde istikrarl\u0131 ve tekrarlanabilir filtreleme i\u00e7in \u00fcretilmi\u015ftir. Dayan\u0131kl\u0131 a\u011f yap\u0131s\u0131, temiz ak\u0131\u015f\u0131, g\u00fcvenilir partik\u00fcl yakalamay\u0131 ve end\u00fcstriyel kullan\u0131mda daha uzun hizmet \u00f6mr\u00fcn\u00fc destekler.<\/p>","protected":false},"excerpt":{"rendered":"<table>\n<thead>\n<tr>\n<th>\u00d6\u011fe<\/th>\n<th>De\u011fer<\/th>\n<th>\u00d6\u011fe<\/th>\n<th>De\u011fer<\/th>\n<\/tr>\n<\/thead>\n<tbody>\n<tr>\n<td>\u00dcr\u00fcn Bilgileri<\/td>\n<td>Sinterlenmi\u015f a\u011f filtrenin genel kalitesi, a\u015fa\u011f\u0131daki ayr\u0131nt\u0131lar\u0131n optimizasyonu ile b\u00fcy\u00fck \u00f6l\u00e7\u00fcde iyile\u015ftirilmi\u015ftir.<\/td>\n<td>Uygulanabilir Sekt\u00f6rler<\/td>\n<td>Oteller; Konfeksiyon Ma\u011fazalar\u0131; \u0130n\u015faat Malzemesi Ma\u011fazalar\u0131; \u00dcretim Tesisi; Makine Tamir At\u00f6lyeleri; Yiyecek ve \u0130\u00e7ecek Fabrikas\u0131; \u00c7iftlikler; Restoran; Ev Kullan\u0131m\u0131; Perakende; Yiyecek Ma\u011fazas\u0131; Matbaalar; \u0130n\u015faat i\u015fleri; Enerji ve Madencilik; Yiyecek ve \u0130\u00e7ecek Ma\u011fazalar\u0131; Reklam \u015eirketi<\/td>\n<\/tr>\n<tr>\n<td>Garanti Sonras\u0131 Hizmet<\/td>\n<td>\u00c7evrimi\u00e7i destek<\/td>\n<td>Yerel Hizmet Konumu<\/td>\n<td>Hi\u00e7biri<\/td>\n<\/tr>\n<tr>\n<td>Showroom Konumu<\/td>\n<td>Hi\u00e7biri<\/td>\n<td>Video giden-denetim<\/td>\n<td>Sa\u011fland\u0131<\/td>\n<\/tr>\n<tr>\n<td>Makine Test Raporu<\/td>\n<td>Sa\u011fland\u0131<\/td>\n<td>Pazarlama T\u00fcr\u00fc<\/td>\n<td>S\u0131radan \u00dcr\u00fcn<\/td>\n<\/tr>\n<tr>\n<td>\u00c7ekirdek bile\u015fenlerin garantisi<\/td>\n<td>1 Y\u0131l<\/td>\n<td>\u00c7ekirdek Bile\u015fenler<\/td>\n<td>Bas\u0131n\u00e7l\u0131 kap<\/td>\n<\/tr>\n<tr>\n<td>Men\u015fe Yeri<\/td>\n<td>Guangdong, \u00c7in<\/td>\n<td>Marka Ad\u0131<\/td>\n<td>Lvyuan\/OEM<\/td>\n<\/tr>\n<tr>\n<td>Garanti<\/td>\n<td>1 Y\u0131l<\/td>\n<td>Sa\u011flanan Sat\u0131\u015f Sonras\u0131 Hizmet<\/td>\n<td>\u00c7evrimi\u00e7i destek<\/td>\n<\/tr>\n<tr>\n<td>Anahtar Kelimeler<\/td>\n<td>sus304 pileli filtre kartu\u015fu<\/td>\n<td>\u00c7ap<\/td>\n<td>M\u00fc\u015fteri talebi<\/td>\n<\/tr>\n<tr>\n<td>Malzeme<\/td>\n<td>paslanmaz \u00e7elik<\/td>\n<td>\u015eekil<\/td>\n<td>Silindir<\/td>\n<\/tr>\n<tr>\n<td>Kullan\u0131m<\/td>\n<td>su ar\u0131tma<\/td>\n<td>Uygulama<\/td>\n<td>end\u00fcstri<\/td>\n<\/tr>\n<tr>\n<td>Renk<\/td>\n<td>\u015eerit<\/td>\n<td>Paketleme<\/td>\n<td>KA\u011eIT KUTU<\/td>\n<\/tr>\n<tr>\n<td>uzunluk<\/td>\n<td>10\/20\/30\/40 in\u00e7<\/td>\n<td>Avantaj<\/td>\n<td>yeniden kullan\u0131m<\/td>\n<\/tr>\n<tr>\n<td>Tedarik Yetene\u011fi<\/td>\n<td>Ay ba\u015f\u0131na 10000 Adet \/ Adet<\/td>\n<td><\/td>\n<td><\/td>\n<\/tr>\n<\/tbody>\n<\/table>","protected":false},"featured_media":4042,"comment_status":"open","ping_status":"closed","template":"","meta":{"_gspb_post_css":""},"product_brand":[],"product_cat":[18],"product_tag":[1390,1392,1388,1391,1389,1159],"class_list":{"0":"post-4038","1":"product","2":"type-product","3":"status-publish","4":"has-post-thumbnail","6":"product_cat-sintered-metal-filters","7":"product_tag-industrial-mesh-filter","8":"product_tag-liquid-and-gas-filtration","9":"product_tag-lvyuan-sintered-mesh-filter","10":"product_tag-reusable-filtration-cartridge","11":"product_tag-sintered-mesh-filter-series","12":"product_tag-stainless-steel-sintered-filter","14":"first","15":"instock","16":"shipping-taxable","17":"product-type-simple"},"_links":{"self":[{"href":"https:\/\/lyfilter.com\/tr\/wp-json\/wp\/v2\/product\/4038","targetHints":{"allow":["GET"]}}],"collection":[{"href":"https:\/\/lyfilter.com\/tr\/wp-json\/wp\/v2\/product"}],"about":[{"href":"https:\/\/lyfilter.com\/tr\/wp-json\/wp\/v2\/types\/product"}],"replies":[{"embeddable":true,"href":"https:\/\/lyfilter.com\/tr\/wp-json\/wp\/v2\/comments?post=4038"}],"wp:featuredmedia":[{"embeddable":true,"href":"https:\/\/lyfilter.com\/tr\/wp-json\/wp\/v2\/media\/4042"}],"wp:attachment":[{"href":"https:\/\/lyfilter.com\/tr\/wp-json\/wp\/v2\/media?parent=4038"}],"wp:term":[{"taxonomy":"product_brand","embeddable":true,"href":"https:\/\/lyfilter.com\/tr\/wp-json\/wp\/v2\/product_brand?post=4038"},{"taxonomy":"product_cat","embeddable":true,"href":"https:\/\/lyfilter.com\/tr\/wp-json\/wp\/v2\/product_cat?post=4038"},{"taxonomy":"product_tag","embeddable":true,"href":"https:\/\/lyfilter.com\/tr\/wp-json\/wp\/v2\/product_tag?post=4038"}],"curies":[{"name":"wp","href":"https:\/\/api.w.org\/{rel}","templated":true}]}}