{"id":4028,"date":"2026-04-03T07:49:31","date_gmt":"2026-04-03T07:49:31","guid":{"rendered":"https:\/\/lyfilter.com\/"},"modified":"2026-04-03T07:49:31","modified_gmt":"2026-04-03T07:49:31","slug":"absolute-microns-pes-material-2-5-5-inch-0-1-micron-filter-cartridge-with-pes-pleated-membrane","status":"publish","type":"product","link":"https:\/\/lyfilter.com\/tr\/absolute-microns-pes-material-2-5-5-inch-0-1-micron-filter-cartridge-with-pes-pleated-membrane\/","title":{"rendered":"Absolute Microns Pes Malzemeli 2.5\/5 \u0130n\u00e7 0.1 Mikron Filtre Kartu\u015fu Pes Pileli Membranl\u0131"},"content":{"rendered":"<p>Hassas filtreleme i\u00e7in tasarlanan bu PES pileli membran kartu\u015f, 2,5 ve 5 in\u00e7 formatlar\u0131nda mutlak 0,1 mikron performans sunar. S\u0131v\u0131 uygulamalar\u0131nda temiz ak\u0131\u015f, g\u00fcvenilir tutma ve istikrarl\u0131 sonu\u00e7lar\u0131n korunmas\u0131na yard\u0131mc\u0131 olur.<\/p>","protected":false},"excerpt":{"rendered":"<table>\n<thead>\n<tr>\n<th>\u00d6\u011fe<\/th>\n<th>De\u011fer<\/th>\n<th>\u00d6\u011fe<\/th>\n<th>De\u011fer<\/th>\n<\/tr>\n<\/thead>\n<tbody>\n<tr>\n<td>Uygulanabilir Sekt\u00f6rler<\/td>\n<td>Oteller; Konfeksiyon Ma\u011fazalar\u0131; \u0130n\u015faat Malzemesi Ma\u011fazalar\u0131; \u00dcretim Tesisi; Makine Tamir At\u00f6lyeleri; Yiyecek ve \u0130\u00e7ecek Fabrikas\u0131; \u00c7iftlikler; Restoran; Ev Kullan\u0131m\u0131; Perakende; Yiyecek Ma\u011fazas\u0131; Matbaalar; \u0130n\u015faat i\u015fleri; Enerji ve Madencilik; Yiyecek ve \u0130\u00e7ecek Ma\u011fazalar\u0131; Reklam \u015eirketi<\/td>\n<td>Men\u015fe Yeri<\/td>\n<td>Guangdong, \u00c7in<\/td>\n<\/tr>\n<tr>\n<td>Marka Ad\u0131<\/td>\n<td>\u00d6zelle\u015ftirilmi\u015f<\/td>\n<td>Malzeme<\/td>\n<td>\u00d6zelle\u015ftirilmi\u015f<\/td>\n<\/tr>\n<tr>\n<td>A\u011f\u0131rl\u0131k<\/td>\n<td>\u00d6zelle\u015ftirilmi\u015f<\/td>\n<td>Boyut<\/td>\n<td>\u00d6zelle\u015ftirilmi\u015f<\/td>\n<\/tr>\n<tr>\n<td>G\u00fc\u00e7<\/td>\n<td>0<\/td>\n<td>Garanti<\/td>\n<td>Kullan\u0131lam\u0131yor<\/td>\n<\/tr>\n<tr>\n<td>\u0130sim<\/td>\n<td>Mutlak mikron PES malzeme 2,5\/5 in\u00e7 0,1 mikron filtre kartu\u015fu<\/td>\n<td>Filtre membran malzemesi<\/td>\n<td>PP\/PVDF\/PTFE\/PES\/Naylon<\/td>\n<\/tr>\n<tr>\n<td>Uzunluk<\/td>\n<td>5 \/ 10 \/ 20 \/ 30 \/ 40 \/ 50 \/ 60 in\u00e7<\/td>\n<td>Konekt\u00f6r<\/td>\n<td>Fin\/222\/226\/215\/DOE\/Thread<\/td>\n<\/tr>\n<tr>\n<td>Micron<\/td>\n<td>0.22\/0.5\/1\/3\/5\/10\/25\/50\/75\/100\/150<\/td>\n<td>O-ring malzemesi<\/td>\n<td>EPDM\/Viton\/Silikon\/Te-flon<\/td>\n<\/tr>\n<tr>\n<td>S\u0131zd\u0131rmazl\u0131k y\u00f6ntemi<\/td>\n<td>S\u0131cak eritme kayna\u011f\u0131<\/td>\n<td>\u00c7ap<\/td>\n<td>70mm\/OEM<\/td>\n<\/tr>\n<tr>\n<td>\u0130\u00e7 \u00c7ekirdek<\/td>\n<td>PP\/SS\/OEM<\/td>\n<td>ADEDI<\/td>\n<td>\u015eu anda s\u0131n\u0131rl\u0131 de\u011fil<\/td>\n<\/tr>\n<tr>\n<td>Sa\u011flanan Sat\u0131\u015f Sonras\u0131 Hizmet<\/td>\n<td>\u00c7evrimi\u00e7i destek<\/td>\n<td>Sat\u0131\u015f Birimleri<\/td>\n<td>Tek \u00fcr\u00fcn<\/td>\n<\/tr>\n<tr>\n<td>Tek paket boyutu<\/td>\n<td>68X40X40 cm<\/td>\n<td>Tek br\u00fct a\u011f\u0131rl\u0131k<\/td>\n<td>23.000 kg<\/td>\n<\/tr>\n<tr>\n<td>Paket Tipi<\/td>\n<td>Mutlak mikron PES malzeme 2,5\/5 in\u00e7 0,1 mikron PES pileli membranl\u0131 filtre kartu\u015fu: 10\u2033 50PCS\/CTN, 20\u2033 25PCS\/CTN, 30\u2033 25PCS\/CTN, 40\u2033 25PCS\/CTN.<\/td>\n<td>Teslim S\u00fcresi<\/td>\n<td>1 - 100: 2 g\u00fcn; 101 - 500: 5 g\u00fcn; 501 - 1000: 7 g\u00fcn; &gt;1000: M\u00fczakere edilecek<\/td>\n<\/tr>\n<\/tbody>\n<\/table>","protected":false},"featured_media":4030,"comment_status":"open","ping_status":"closed","template":"","meta":{"_gspb_post_css":""},"product_brand":[],"product_cat":[21],"product_tag":[1380,1383,1384,1382,1379,1381],"class_list":{"0":"post-4028","1":"product","2":"type-product","3":"status-publish","4":"has-post-thumbnail","6":"product_cat-pleated-filter-cartridge","7":"product_tag-0-1-micron-filter-cartridge","8":"product_tag-2-5-inch-filter-cartridge","9":"product_tag-5-inch-filter-cartridge","10":"product_tag-absolute-micron-filter","11":"product_tag-pes-filter-cartridge","12":"product_tag-pes-pleated-membrane","14":"first","15":"instock","16":"shipping-taxable","17":"product-type-simple"},"_links":{"self":[{"href":"https:\/\/lyfilter.com\/tr\/wp-json\/wp\/v2\/product\/4028","targetHints":{"allow":["GET"]}}],"collection":[{"href":"https:\/\/lyfilter.com\/tr\/wp-json\/wp\/v2\/product"}],"about":[{"href":"https:\/\/lyfilter.com\/tr\/wp-json\/wp\/v2\/types\/product"}],"replies":[{"embeddable":true,"href":"https:\/\/lyfilter.com\/tr\/wp-json\/wp\/v2\/comments?post=4028"}],"wp:featuredmedia":[{"embeddable":true,"href":"https:\/\/lyfilter.com\/tr\/wp-json\/wp\/v2\/media\/4030"}],"wp:attachment":[{"href":"https:\/\/lyfilter.com\/tr\/wp-json\/wp\/v2\/media?parent=4028"}],"wp:term":[{"taxonomy":"product_brand","embeddable":true,"href":"https:\/\/lyfilter.com\/tr\/wp-json\/wp\/v2\/product_brand?post=4028"},{"taxonomy":"product_cat","embeddable":true,"href":"https:\/\/lyfilter.com\/tr\/wp-json\/wp\/v2\/product_cat?post=4028"},{"taxonomy":"product_tag","embeddable":true,"href":"https:\/\/lyfilter.com\/tr\/wp-json\/wp\/v2\/product_tag?post=4028"}],"curies":[{"name":"wp","href":"https:\/\/api.w.org\/{rel}","templated":true}]}}