{"id":4022,"date":"2026-04-03T07:45:41","date_gmt":"2026-04-03T07:45:41","guid":{"rendered":"https:\/\/lyfilter.com\/"},"modified":"2026-04-03T07:45:41","modified_gmt":"2026-04-03T07:45:41","slug":"factory-supply-large-capacity-ss304-ss316-stainless-steel-liquid-cartridge-filter-housing-filter-water","status":"publish","type":"product","link":"https:\/\/lyfilter.com\/tr\/factory-supply-large-capacity-ss304-ss316-stainless-steel-liquid-cartridge-filter-housing-filter-water\/","title":{"rendered":"Fabrika Kayna\u011f\u0131 B\u00fcy\u00fck Kapasiteli SS304 SS316 Paslanmaz \u00c7elik S\u0131v\u0131 Kartu\u015f Filtre Muhafazas\u0131 Filtre Su"},"content":{"rendered":"<p>G\u00fcvenilir su filtrasyonu i\u00e7in \u00fcretilen bu b\u00fcy\u00fck kapasiteli paslanmaz \u00e7elik kartu\u015f filtre muhafazas\u0131, zorlu end\u00fcstriyel ortamlarda temiz ak\u0131\u015f\u0131, uzun hizmet \u00f6mr\u00fcn\u00fc ve istikrarl\u0131 performans\u0131 desteklemek i\u00e7in SS304 ve SS316 yap\u0131 kullan\u0131r.<\/p>","protected":false},"excerpt":{"rendered":"<table>\n<thead>\n<tr>\n<th>\u00d6\u011fe<\/th>\n<th>De\u011fer<\/th>\n<th>\u00d6\u011fe<\/th>\n<th>De\u011fer<\/th>\n<\/tr>\n<\/thead>\n<tbody>\n<tr>\n<td>Uygulanabilir Sekt\u00f6rler<\/td>\n<td>\u00dcretim Tesisi; Yiyecek ve \u0130\u00e7ecek Fabrikas\u0131; su ar\u0131tma<\/td>\n<td>Men\u015fe Yeri<\/td>\n<td>Guangdong, \u00c7in<\/td>\n<\/tr>\n<tr>\n<td>Marka Ad\u0131<\/td>\n<td>Lvyuan, OEM, ODM<\/td>\n<td>Malzeme<\/td>\n<td>paslanmaz \u00e7elik 304\/316<\/td>\n<\/tr>\n<tr>\n<td>A\u011f\u0131rl\u0131k<\/td>\n<td>\u00f6zelle\u015ftirilmi\u015f<\/td>\n<td>Boyut<\/td>\n<td>\u00f6zelle\u015ftirilmi\u015f; 10\u201d; 20\u201d; 30\u201d; 40\u201d<\/td>\n<\/tr>\n<tr>\n<td>G\u00fc\u00e7<\/td>\n<td>0<\/td>\n<td>Garanti<\/td>\n<td>Kullan\u0131lam\u0131yor<\/td>\n<\/tr>\n<tr>\n<td>\u00d6zellik<\/td>\n<td>kolayca taksitlendirme<\/td>\n<td>Sertifikasyon<\/td>\n<td>SGS<\/td>\n<\/tr>\n<tr>\n<td>malzeme<\/td>\n<td>SS304\/SS316<\/td>\n<td>Kullan\u0131m<\/td>\n<td>su fi\u0307ltreleme<\/td>\n<\/tr>\n<tr>\n<td>Uygulama<\/td>\n<td>end\u00fcstri<\/td>\n<td>y\u00fczey<\/td>\n<td>Cilal\u0131<\/td>\n<\/tr>\n<tr>\n<td>Model<\/td>\n<td>LY02<\/td>\n<td>Hammadde<\/td>\n<td>paslanmaz \u00e7elik<\/td>\n<\/tr>\n<tr>\n<td>\u00c7al\u0131\u015fma bas\u0131nc\u0131<\/td>\n<td>150Psi<\/td>\n<td>Sa\u011flanan Sat\u0131\u015f Sonras\u0131 Hizmet<\/td>\n<td>\u00c7evrimi\u00e7i destek<\/td>\n<\/tr>\n<\/tbody>\n<\/table>","protected":false},"featured_media":4023,"comment_status":"open","ping_status":"closed","template":"","meta":{"_gspb_post_css":""},"product_brand":[],"product_cat":[15],"product_tag":[1378,1264,1377,681,1376,34],"class_list":{"0":"post-4022","1":"product","2":"type-product","3":"status-publish","4":"has-post-thumbnail","6":"product_cat-stainless-steel-filter-housing","7":"product_tag-factory-supply-water-filter","8":"product_tag-industrial-water-filter-housing","9":"product_tag-large-capacity-filter-housing","10":"product_tag-liquid-cartridge-filter","11":"product_tag-ss304-ss316-filter-housing","12":"product_tag-stainless-steel-filter-housing","14":"first","15":"instock","16":"shipping-taxable","17":"product-type-simple"},"_links":{"self":[{"href":"https:\/\/lyfilter.com\/tr\/wp-json\/wp\/v2\/product\/4022","targetHints":{"allow":["GET"]}}],"collection":[{"href":"https:\/\/lyfilter.com\/tr\/wp-json\/wp\/v2\/product"}],"about":[{"href":"https:\/\/lyfilter.com\/tr\/wp-json\/wp\/v2\/types\/product"}],"replies":[{"embeddable":true,"href":"https:\/\/lyfilter.com\/tr\/wp-json\/wp\/v2\/comments?post=4022"}],"wp:featuredmedia":[{"embeddable":true,"href":"https:\/\/lyfilter.com\/tr\/wp-json\/wp\/v2\/media\/4023"}],"wp:attachment":[{"href":"https:\/\/lyfilter.com\/tr\/wp-json\/wp\/v2\/media?parent=4022"}],"wp:term":[{"taxonomy":"product_brand","embeddable":true,"href":"https:\/\/lyfilter.com\/tr\/wp-json\/wp\/v2\/product_brand?post=4022"},{"taxonomy":"product_cat","embeddable":true,"href":"https:\/\/lyfilter.com\/tr\/wp-json\/wp\/v2\/product_cat?post=4022"},{"taxonomy":"product_tag","embeddable":true,"href":"https:\/\/lyfilter.com\/tr\/wp-json\/wp\/v2\/product_tag?post=4022"}],"curies":[{"name":"wp","href":"https:\/\/api.w.org\/{rel}","templated":true}]}}