{"id":4019,"date":"2026-04-03T07:41:22","date_gmt":"2026-04-03T07:41:22","guid":{"rendered":"https:\/\/lyfilter.com\/"},"modified":"2026-04-03T07:41:22","modified_gmt":"2026-04-03T07:41:22","slug":"5-10-micron-sus304-40-inch-single-cartridge-filter-housing","status":"publish","type":"product","link":"https:\/\/lyfilter.com\/tr\/5-10-micron-sus304-40-inch-single-cartridge-filter-housing\/","title":{"rendered":"5 10 Mikron SUS304 40 \u0130n\u00e7 Tek Kartu\u015flu Filtre Muhafazas\u0131"},"content":{"rendered":"<div class=\"icbu-pc-images magic-1\">\n<div class=\"flex-layout-v\">\n<div class=\"flex-layout-h magic-1\">\n<div class=\"magic-2\"><strong>SS paslanmaz \u00e7elik 304 316L 10 20 30 40 in\u00e7 tek kartu\u015flu filtre muhafazas\u0131<\/strong><\/div>\n<div class=\"magic-2\"><\/div>\n<div class=\"magic-2\">SS paslanmaz \u00e7elik 304 316L 10 20 30 40 in\u00e7 tekli filtre muhafazas\u0131, tel sar\u0131ml\u0131 kartu\u015f filtre 5 10 mikron<\/div>\n<\/div>\n<\/div>\n<\/div>\n<div class=\"detail-decorate-json-renderer-container\">\n<div class=\"magic-4\">\n<div class=\"magic-8\">\n<div class=\"magic-9\">\n<div class=\"magic-10\">\n<p class=\"magic-11\">LVYUAN paslanmaz \u00e7elik kartu\u015f filtre muhafazas\u0131, \u00e7ok \u00e7e\u015fitli ak\u0131\u015f kapasiteleri ve kirletici tutma kapasiteleri sunar.<\/p>\n<p class=\"magic-11\">Kartu\u015f filtreler normalde neredeyse t\u00fcm proses end\u00fcstrilerinde parlatma filtresi olarak kullan\u0131l\u0131r. Kartu\u015f filtre, filtre muhafazas\u0131ndan yap\u0131lm\u0131\u015ft\u0131r,<\/p>\n<p class=\"magic-11\">filtre kartu\u015flar\u0131, t\u00fcp levha, kartu\u015f tipine ve u\u00e7 ba\u011flant\u0131 se\u00e7imine ba\u011fl\u0131 olarak kartu\u015f i\u00e7in pozitif s\u0131zd\u0131rmazl\u0131k d\u00fczenlemesi. Kartu\u015f filtre i\u00e7in pozitif s\u0131zd\u0131rmazl\u0131k d\u00fczenlemesi, y\u00fcksek diferansiyel bas\u0131n\u00e7lardan sonra bile partik\u00fcl g\u00f6\u00e7\u00fc veya elyaf g\u00f6\u00e7\u00fc olmamas\u0131n\u0131 sa\u011flar.<\/p>\n<\/div>\n<\/div>\n<\/div>\n<\/div>\n<\/div>\n<div class=\"detail-decorate-json-renderer-container\">\n<div class=\"magic-4\">\n<h3 class=\"magic-26\">\u00d6zellikler:<\/h3>\n<div class=\"magic-8\">\n<div class=\"magic-9\">\n<div class=\"magic-10\">\n<p class=\"magic-11\">1. Giri\u015f ve \u00e7\u0131k\u0131\u015f boyutu 1\/2 \u2033, 3\/4 \u2033. Kolay kurulum i\u00e7in 1 \u2033.<\/p>\n<p class=\"magic-11\">2. \u00c7al\u0131\u015fma bas\u0131nc\u0131 8kg\/0.8Mpa, 10kg\/1Mpa desteklenmektedir.<\/p>\n<p class=\"magic-11\">3. G\u00fc\u00e7 sa\u011flamak i\u00e7in musluk suyu bas\u0131nc\u0131n\u0131 kullan\u0131n, g\u00fc\u00e7 t\u00fcketimi yok.<\/p>\n<p class=\"magic-11\">4. Duvara monte, tezgah \u00fcst\u00fc, \u00e7ok basit kurulum.<\/p>\n<p class=\"magic-11\">5. Su mater anahtar\u0131nda, \u00f6n filtreleme sistemi ve RO sistemi korumas\u0131 i\u00e7in kullan\u0131ma uygundur.<\/p>\n<p class=\"magic-11\">6. G\u00fc\u00e7l\u00fc asit ve alkalilere kar\u015f\u0131 diren\u00e7.<\/p>\n<p class=\"magic-11\">7. D\u00fc\u015f\u00fck maliyetli, farkl\u0131 t\u00fcrde\u00a0<a href=\"https:\/\/lyfilter.com\/tr\/products.html\/\">filtre eleman\u0131<\/a>s.<\/p>\n<\/div>\n<\/div>\n<\/div>\n<\/div>\n<\/div>","protected":false},"excerpt":{"rendered":"<table>\n<thead>\n<tr>\n<th>\u00d6\u011fe<\/th>\n<th>De\u011fer<\/th>\n<th>\u00d6\u011fe<\/th>\n<th>De\u011fer<\/th>\n<\/tr>\n<\/thead>\n<tbody>\n<tr>\n<td>Ba\u015flang\u0131\u00e7 Liman\u0131<\/td>\n<td>Guangzhou<\/td>\n<td>Men\u015fe Yeri<\/td>\n<td>Guangdong, \u00c7in<\/td>\n<\/tr>\n<tr>\n<td>\u00d6deme<\/td>\n<td>T \/ T, Alibaba Ticaret G\u00fcvencesi<\/td>\n<td>ADEDI<\/td>\n<td>1 adet<\/td>\n<\/tr>\n<tr>\n<td>Model<\/td>\n<td>LY-HFPL<\/td>\n<td>Teslimat S\u00fcresi<\/td>\n<td>7 i\u015f g\u00fcn\u00fc i\u00e7erisinde<\/td>\n<\/tr>\n<tr>\n<td>Sertifikasyon<\/td>\n<td>ISO 9001<\/td>\n<td>Marka<\/td>\n<td>OEM\/Lvyuan<\/td>\n<\/tr>\n<\/tbody>\n<\/table>","protected":false},"featured_media":4021,"comment_status":"open","ping_status":"closed","template":"","meta":{"_gspb_post_css":""},"product_brand":[],"product_cat":[15],"product_tag":[1372,1374,42,1375,1373,1257],"class_list":{"0":"post-4019","1":"product","2":"type-product","3":"status-publish","4":"has-post-thumbnail","6":"product_cat-stainless-steel-filter-housing","7":"product_tag-50-micron-cartridge-filter","8":"product_tag-glue-liquid-filter","9":"product_tag-industrial-liquid-filtration","10":"product_tag-ss-pneumatic-diaphragm-pump","11":"product_tag-ss304-316l-filter-machine","12":"product_tag-stainless-steel-cartridge-filter","14":"first","15":"instock","16":"shipping-taxable","17":"product-type-simple"},"_links":{"self":[{"href":"https:\/\/lyfilter.com\/tr\/wp-json\/wp\/v2\/product\/4019","targetHints":{"allow":["GET"]}}],"collection":[{"href":"https:\/\/lyfilter.com\/tr\/wp-json\/wp\/v2\/product"}],"about":[{"href":"https:\/\/lyfilter.com\/tr\/wp-json\/wp\/v2\/types\/product"}],"replies":[{"embeddable":true,"href":"https:\/\/lyfilter.com\/tr\/wp-json\/wp\/v2\/comments?post=4019"}],"wp:featuredmedia":[{"embeddable":true,"href":"https:\/\/lyfilter.com\/tr\/wp-json\/wp\/v2\/media\/4021"}],"wp:attachment":[{"href":"https:\/\/lyfilter.com\/tr\/wp-json\/wp\/v2\/media?parent=4019"}],"wp:term":[{"taxonomy":"product_brand","embeddable":true,"href":"https:\/\/lyfilter.com\/tr\/wp-json\/wp\/v2\/product_brand?post=4019"},{"taxonomy":"product_cat","embeddable":true,"href":"https:\/\/lyfilter.com\/tr\/wp-json\/wp\/v2\/product_cat?post=4019"},{"taxonomy":"product_tag","embeddable":true,"href":"https:\/\/lyfilter.com\/tr\/wp-json\/wp\/v2\/product_tag?post=4019"}],"curies":[{"name":"wp","href":"https:\/\/api.w.org\/{rel}","templated":true}]}}