{"id":4013,"date":"2026-04-03T07:38:19","date_gmt":"2026-04-03T07:38:19","guid":{"rendered":"https:\/\/lyfilter.com\/"},"modified":"2026-04-03T07:38:19","modified_gmt":"2026-04-03T07:38:19","slug":"50-microns-ss304-316l-industrial-glue-liquid-filter-stainless-steel-cartridge-filter-machine-with-ss-pneumatic-diaphragm-pump","status":"publish","type":"product","link":"https:\/\/lyfilter.com\/tr\/50-microns-ss304-316l-industrial-glue-liquid-filter-stainless-steel-cartridge-filter-machine-with-ss-pneumatic-diaphragm-pump\/","title":{"rendered":"50 Mikron SS304 316L End\u00fcstriyel Tutkal S\u0131v\u0131 Filtresi Ss Pn\u00f6matik Diyaframl\u0131 Pompal\u0131 Paslanmaz \u00c7elik Kartu\u015f Filtre Makinesi"},"content":{"rendered":"<p>Tutkal ve s\u0131v\u0131 filtrasyonu i\u00e7in tasarlanan bu 50 mikron kartu\u015f filtre makinesi, her vardiyada sabit ak\u0131\u015f, daha temiz i\u015fleme ve g\u00fcvenilir end\u00fcstriyel performans sa\u011flamak i\u00e7in SS pn\u00f6matik diyaframl\u0131 pompa ile SS304 ve 316L kullan\u0131r.<\/p>","protected":false},"excerpt":{"rendered":"<table>\n<thead>\n<tr>\n<th>\u00d6\u011fe<\/th>\n<th>De\u011fer<\/th>\n<th>\u00d6\u011fe<\/th>\n<th>De\u011fer<\/th>\n<\/tr>\n<\/thead>\n<tbody>\n<tr>\n<td>Uygulanabilir Sekt\u00f6rler<\/td>\n<td>Oteller; Konfeksiyon Ma\u011fazalar\u0131; \u0130n\u015faat Malzemesi Ma\u011fazalar\u0131; \u00dcretim Tesisi; Makine Tamir At\u00f6lyeleri; Yiyecek ve \u0130\u00e7ecek Fabrikas\u0131; \u00c7iftlikler; Restoran; Ev Kullan\u0131m\u0131; Perakende; Yiyecek Ma\u011fazas\u0131; Matbaalar; \u0130n\u015faat i\u015fleri; Enerji ve Madencilik; Yiyecek ve \u0130\u00e7ecek Ma\u011fazalar\u0131; Reklam \u015eirketi<\/td>\n<td>Men\u015fe Yeri<\/td>\n<td>Guangdong, \u00c7in<\/td>\n<\/tr>\n<tr>\n<td>Marka Ad\u0131<\/td>\n<td>LVYUAN\/OEM<\/td>\n<td>Garanti<\/td>\n<td>1 Y\u0131l<\/td>\n<\/tr>\n<tr>\n<td>Sa\u011flanan Sat\u0131\u015f Sonras\u0131 Hizmet<\/td>\n<td>\u00c7evrimi\u00e7i destek<\/td>\n<td>\u00dcr\u00fcn Ad\u0131<\/td>\n<td>End\u00fcstriyel 1 2 3 4 5 a\u015famal\u0131 filtre kartu\u015fu muhafazas\u0131 ar\u0131tma<\/td>\n<\/tr>\n<tr>\n<td>Malzeme<\/td>\n<td>SS304 \/ SS316L<\/td>\n<td>Filtre torbas\u0131 malzemesi<\/td>\n<td>PE \u00c7ANTA\/PP \u00c7ANTA<\/td>\n<\/tr>\n<tr>\n<td>Torba filtre miktar\u0131<\/td>\n<td>Tek torba filtre muhafazas\u0131<\/td>\n<td>Y\u00fczey i\u015fleme<\/td>\n<td>Cilal\u0131 &amp; Kumlama<\/td>\n<\/tr>\n<tr>\n<td>Conta o-ringi<\/td>\n<td>Silastik\/NBR\/EPDM\/Viton<\/td>\n<td>\u00dcst kapak tak\u0131l\u0131 tip<\/td>\n<td>Kelep\u00e7e tipi\/C\u0131vata tipi<\/td>\n<\/tr>\n<tr>\n<td>Giri\u015f ve \u00c7\u0131k\u0131\u015f tipi<\/td>\n<td>\u0130\u00e7 di\u015fli\/Flan\u015f<\/td>\n<td>Konekt\u00f6r tipi<\/td>\n<td>222\/226\/DOE<\/td>\n<\/tr>\n<tr>\n<td>Paketleme y\u00f6ntemi<\/td>\n<td>\u0130hracat standart kutusu<\/td>\n<td>Sat\u0131\u015f Birimleri<\/td>\n<td>Tek \u00fcr\u00fcn<\/td>\n<\/tr>\n<tr>\n<td>Tek paket boyutu<\/td>\n<td>75X50X75 cm<\/td>\n<td>Tek br\u00fct a\u011f\u0131rl\u0131k<\/td>\n<td>30.000 kg<\/td>\n<\/tr>\n<tr>\n<td>Paket Tipi<\/td>\n<td>50 mikron SS304 316L end\u00fcstriyel tutkal s\u0131v\u0131 filtresi SS pn\u00f6matik diyafram pompal\u0131 paslanmaz \u00e7elik kartu\u015f filtre makinesi: Paketleme: \u0130hracat standart kutu \/ Gerekti\u011fi gibi<\/td>\n<td>Teslim S\u00fcresi<\/td>\n<td>1 - 10: 5 g\u00fcn; 11 - 100: 10 g\u00fcn; &gt;100: M\u00fczakere edilecek<\/td>\n<\/tr>\n<\/tbody>\n<\/table>","protected":false},"featured_media":4016,"comment_status":"open","ping_status":"closed","template":"","meta":{"_gspb_post_css":""},"product_brand":[],"product_cat":[1205],"product_tag":[1372,1374,42,1375,1373,1257],"class_list":{"0":"post-4013","1":"product","2":"type-product","3":"status-publish","4":"has-post-thumbnail","6":"product_cat-stainless-steel-sintered-filter-cartridge","7":"product_tag-50-micron-cartridge-filter","8":"product_tag-glue-liquid-filter","9":"product_tag-industrial-liquid-filtration","10":"product_tag-ss-pneumatic-diaphragm-pump","11":"product_tag-ss304-316l-filter-machine","12":"product_tag-stainless-steel-cartridge-filter","14":"first","15":"instock","16":"shipping-taxable","17":"product-type-simple"},"_links":{"self":[{"href":"https:\/\/lyfilter.com\/tr\/wp-json\/wp\/v2\/product\/4013","targetHints":{"allow":["GET"]}}],"collection":[{"href":"https:\/\/lyfilter.com\/tr\/wp-json\/wp\/v2\/product"}],"about":[{"href":"https:\/\/lyfilter.com\/tr\/wp-json\/wp\/v2\/types\/product"}],"replies":[{"embeddable":true,"href":"https:\/\/lyfilter.com\/tr\/wp-json\/wp\/v2\/comments?post=4013"}],"wp:featuredmedia":[{"embeddable":true,"href":"https:\/\/lyfilter.com\/tr\/wp-json\/wp\/v2\/media\/4016"}],"wp:attachment":[{"href":"https:\/\/lyfilter.com\/tr\/wp-json\/wp\/v2\/media?parent=4013"}],"wp:term":[{"taxonomy":"product_brand","embeddable":true,"href":"https:\/\/lyfilter.com\/tr\/wp-json\/wp\/v2\/product_brand?post=4013"},{"taxonomy":"product_cat","embeddable":true,"href":"https:\/\/lyfilter.com\/tr\/wp-json\/wp\/v2\/product_cat?post=4013"},{"taxonomy":"product_tag","embeddable":true,"href":"https:\/\/lyfilter.com\/tr\/wp-json\/wp\/v2\/product_tag?post=4013"}],"curies":[{"name":"wp","href":"https:\/\/api.w.org\/{rel}","templated":true}]}}