{"id":4011,"date":"2026-04-03T07:34:57","date_gmt":"2026-04-03T07:34:57","guid":{"rendered":"https:\/\/lyfilter.com\/"},"modified":"2026-04-03T07:34:57","modified_gmt":"2026-04-03T07:34:57","slug":"lvyuan-wound-filter-cartridge-wholesaler-for-industry","status":"publish","type":"product","link":"https:\/\/lyfilter.com\/tr\/lvyuan-wound-filter-cartridge-wholesaler-for-industry\/","title":{"rendered":"End\u00fcstri \u0130\u00e7in Lvyuan Yara Filtre Kartu\u015fu Toptanc\u0131s\u0131"},"content":{"rendered":"<p>End\u00fcstriyel filtreleme i\u00e7in tasarlanan Lvyuan sarg\u0131l\u0131 filtre kartu\u015fu, sabit ak\u0131\u015f\u0131 desteklerken tortu ve ince partik\u00fclleri yakalar. G\u00fcnden g\u00fcne g\u00fcvenilir performansa ihtiya\u00e7 duyan fabrikalar i\u00e7in pratik bir toptan sat\u0131\u015f se\u00e7imidir.<\/p>","protected":false},"excerpt":{"rendered":"<table>\n<thead>\n<tr>\n<th>\u00d6\u011fe<\/th>\n<th>De\u011fer<\/th>\n<th>\u00d6\u011fe<\/th>\n<th>De\u011fer<\/th>\n<\/tr>\n<\/thead>\n<tbody>\n<tr>\n<td>Durum<\/td>\n<td>Yeni<\/td>\n<td>Uygulanabilir Sekt\u00f6rler<\/td>\n<td>Oteller; Konfeksiyon Ma\u011fazalar\u0131; \u0130n\u015faat Malzemesi Ma\u011fazalar\u0131; \u00dcretim Tesisi; Makine Tamir At\u00f6lyeleri; Yiyecek ve \u0130\u00e7ecek Fabrikas\u0131; \u00c7iftlikler; Restoran; Ev Kullan\u0131m\u0131; Perakende; Yiyecek Ma\u011fazas\u0131; Matbaalar; \u0130n\u015faat i\u015fleri; Enerji ve Madencilik; Yiyecek ve \u0130\u00e7ecek Ma\u011fazalar\u0131; Reklam \u015eirketi<\/td>\n<\/tr>\n<tr>\n<td>Men\u015fe Yeri<\/td>\n<td>Guangdong, \u00c7in<\/td>\n<td>Marka Ad\u0131<\/td>\n<td>\u00d6zelle\u015ftirilmi\u015f<\/td>\n<\/tr>\n<tr>\n<td>Malzeme<\/td>\n<td>\u00d6zelle\u015ftirilmi\u015f; polipropilen elyaf; emici pamuk; cam elyaf<\/td>\n<td>A\u011f\u0131rl\u0131k<\/td>\n<td>\u00d6zelle\u015ftirilmi\u015f<\/td>\n<\/tr>\n<tr>\n<td>Boyut<\/td>\n<td>\u00d6zelle\u015ftirilmi\u015f<\/td>\n<td>G\u00fc\u00e7<\/td>\n<td>0<\/td>\n<\/tr>\n<tr>\n<td>Garanti<\/td>\n<td>Kullan\u0131lam\u0131yor<\/td>\n<td>\u00d6\u011fe<\/td>\n<td>Elektronik ekipman i\u00e7in 10 mikron pp iplik sarg\u0131l\u0131 filtre kartu\u015fu<\/td>\n<\/tr>\n<tr>\n<td>\u00c7ekirdek<\/td>\n<td>PP\/SS<\/td>\n<td>Micron<\/td>\n<td>1\/5\/10\/20\/30\/50\/75\/100<\/td>\n<\/tr>\n<tr>\n<td>\u0130\u00e7 \u00c7ap<\/td>\n<td>28mm \/ 30mm \/ OEM<\/td>\n<td>Uzunluk<\/td>\n<td>5\u2033 \/ 10\u2033 \/ 20\u2033 \/ 30\u2033 \/ 40\u2033 \/ 50\u2033 \/ 60\u2033<\/td>\n<\/tr>\n<tr>\n<td>PP sarg\u0131l\u0131 filtre+PP \u00e7ekirdek<\/td>\n<td>60\u2103<\/td>\n<td>PP sarg\u0131l\u0131 filtre+SS<\/td>\n<td>100\u2103<\/td>\n<\/tr>\n<tr>\n<td>Pamuk filtre+SS<\/td>\n<td>120\u2103<\/td>\n<td>Cam elyaf+SS<\/td>\n<td>180 - 300\u2103<\/td>\n<\/tr>\n<tr>\n<td>Sa\u011flanan Sat\u0131\u015f Sonras\u0131 Hizmet<\/td>\n<td>\u00c7evrimi\u00e7i destek<\/td>\n<td>Sat\u0131\u015f Birimleri<\/td>\n<td>Tek \u00fcr\u00fcn<\/td>\n<\/tr>\n<tr>\n<td>Tek paket boyutu<\/td>\n<td>104X5X5 cm<\/td>\n<td>Tek br\u00fct a\u011f\u0131rl\u0131k<\/td>\n<td>0.200 kg<\/td>\n<\/tr>\n<tr>\n<td>Paket Tipi<\/td>\n<td>\u00c7in saf polipropilen iplik filtresi elektronik ekipman fabrikas\u0131 i\u00e7in 10 mikron pp iplik sarg\u0131l\u0131 filtre kartu\u015fu: 51x31x33cm- 10 \u2033 25 adet \/ 20 \u2033 25 adet<\/td>\n<td>Teslim S\u00fcresi<\/td>\n<td>1 - 500: 2 g\u00fcn; 501 - 1000: 5 g\u00fcn; 1001 - 5000: 7 g\u00fcn; &gt;5000: M\u00fczakere edilecek<\/td>\n<\/tr>\n<\/tbody>\n<\/table>","protected":false},"featured_media":4012,"comment_status":"open","ping_status":"closed","template":"","meta":{"_gspb_post_css":""},"product_brand":[],"product_cat":[1095],"product_tag":[1371,743,1370,1369,325,1098],"class_list":{"0":"post-4011","1":"product","2":"type-product","3":"status-publish","4":"has-post-thumbnail","6":"product_cat-string-wound-filter-cartridge","7":"product_tag-filter-cartridge-wholesaler","8":"product_tag-industrial-water-filter-cartridge","9":"product_tag-industrial-wound-filter","10":"product_tag-lvyuan-wound-filter-cartridge","11":"product_tag-sediment-filter-cartridge","12":"product_tag-string-wound-filter-cartridge","14":"first","15":"instock","16":"shipping-taxable","17":"product-type-simple"},"_links":{"self":[{"href":"https:\/\/lyfilter.com\/tr\/wp-json\/wp\/v2\/product\/4011","targetHints":{"allow":["GET"]}}],"collection":[{"href":"https:\/\/lyfilter.com\/tr\/wp-json\/wp\/v2\/product"}],"about":[{"href":"https:\/\/lyfilter.com\/tr\/wp-json\/wp\/v2\/types\/product"}],"replies":[{"embeddable":true,"href":"https:\/\/lyfilter.com\/tr\/wp-json\/wp\/v2\/comments?post=4011"}],"wp:featuredmedia":[{"embeddable":true,"href":"https:\/\/lyfilter.com\/tr\/wp-json\/wp\/v2\/media\/4012"}],"wp:attachment":[{"href":"https:\/\/lyfilter.com\/tr\/wp-json\/wp\/v2\/media?parent=4011"}],"wp:term":[{"taxonomy":"product_brand","embeddable":true,"href":"https:\/\/lyfilter.com\/tr\/wp-json\/wp\/v2\/product_brand?post=4011"},{"taxonomy":"product_cat","embeddable":true,"href":"https:\/\/lyfilter.com\/tr\/wp-json\/wp\/v2\/product_cat?post=4011"},{"taxonomy":"product_tag","embeddable":true,"href":"https:\/\/lyfilter.com\/tr\/wp-json\/wp\/v2\/product_tag?post=4011"}],"curies":[{"name":"wp","href":"https:\/\/api.w.org\/{rel}","templated":true}]}}