{"id":4000,"date":"2026-04-03T07:25:15","date_gmt":"2026-04-03T07:25:15","guid":{"rendered":"https:\/\/lyfilter.com\/"},"modified":"2026-04-03T07:25:15","modified_gmt":"2026-04-03T07:25:15","slug":"standard-carbon-filter-manufacturers-for-purify","status":"publish","type":"product","link":"https:\/\/lyfilter.com\/tr\/standard-carbon-filter-manufacturers-for-purify\/","title":{"rendered":"Ar\u0131nd\u0131rmak \u0130\u00e7in Standart Karbon Filtre \u00dcreticileri"},"content":{"rendered":"<p>Pratik ar\u0131tma ihtiya\u00e7lar\u0131 i\u00e7in tasarlanan bu standart karbon filtre, ak\u0131\u015f\u0131 sabit tutarken istenmeyen kirleri azaltmaya yard\u0131mc\u0131 olur. G\u00fcvenilir yap\u0131s\u0131 daha temiz \u00e7\u0131kt\u0131, basit de\u011fi\u015ftirme ve g\u00fcvenilir g\u00fcnl\u00fck performans\u0131 destekler.<\/p>","protected":false},"excerpt":{"rendered":"<table>\n<thead>\n<tr>\n<th>Saha<\/th>\n<th>De\u011fer<\/th>\n<\/tr>\n<\/thead>\n<tbody>\n<tr>\n<td>Tip<\/td>\n<td>Su Filtresi Par\u00e7alar\u0131<\/td>\n<\/tr>\n<tr>\n<td>Sa\u011flanan Sat\u0131\u015f Sonras\u0131 Hizmet<\/td>\n<td>Yurtd\u0131\u015f\u0131 \u00c7a\u011fr\u0131 Merkezleri<\/td>\n<\/tr>\n<tr>\n<td>Garanti<\/td>\n<td>Hi\u00e7biri<\/td>\n<\/tr>\n<tr>\n<td>Uygulama<\/td>\n<td>Araba, Karavan, D\u0131\u015f Mekan, Otel, Garaj, Ticari, Ev<\/td>\n<\/tr>\n<tr>\n<td>G\u00fc\u00e7 Kayna\u011f\u0131<\/td>\n<td>El Kitab\u0131<\/td>\n<\/tr>\n<tr>\n<td>Men\u015fe Yeri<\/td>\n<td>Guangdong, \u00c7in<\/td>\n<\/tr>\n<tr>\n<td>Marka Ad\u0131<\/td>\n<td>Lvyuan \/ OEM<\/td>\n<\/tr>\n<tr>\n<td>Model Numaras\u0131<\/td>\n<td>LY-AC-DF<\/td>\n<\/tr>\n<tr>\n<td>\u00dcr\u00fcn ad\u0131<\/td>\n<td>karbon disk \u015fi\u015fe filtresi<\/td>\n<\/tr>\n<tr>\n<td>Boyut<\/td>\n<td>\u00d6zelle\u015ftirilmi\u015f<\/td>\n<\/tr>\n<tr>\n<td>Mikron Oran\u0131<\/td>\n<td>1, 3, 5, 10, 20, 50, 100um<\/td>\n<\/tr>\n<tr>\n<td>Malzeme<\/td>\n<td>aktif karbon, hindistan cevizi kabu\u011fu<\/td>\n<\/tr>\n<tr>\n<td>Uzunluk<\/td>\n<td>OEM, 5\u2033, 10\u2033, 20\u2033, 30\u2033, 40\u2033<\/td>\n<\/tr>\n<tr>\n<td>D\u0131\u015f \u00e7ap<\/td>\n<td>OEM, 50, 60, 70, 80mm<\/td>\n<\/tr>\n<tr>\n<td>U\u00e7 kapa\u011f\u0131<\/td>\n<td>DOE, SOE, 222, 226, 215, M36, M24, M22, M20 di\u015fli aray\u00fcz\u00fc<\/td>\n<\/tr>\n<tr>\n<td>Sertifikasyon<\/td>\n<td>SGS\/ISO9001<\/td>\n<\/tr>\n<tr>\n<td>Kullan\u0131m<\/td>\n<td>Hava veya Su Ar\u0131tma<\/td>\n<\/tr>\n<tr>\n<td>\u00c7al\u0131\u015fma bas\u0131nc\u0131<\/td>\n<td>0,1 ila 30Mpa<\/td>\n<\/tr>\n<tr>\n<td>Tedarik Yetene\u011fi<\/td>\n<td>G\u00fcnde 5000 Adet \/ Adet karbon filtre plakas\u0131<\/td>\n<\/tr>\n<tr>\n<td>A\u00e7\u0131klama<\/td>\n<td>\u00c7in \u00dcretimi Filtre su ar\u0131tma i\u00e7in y\u00fcksek kaliteli Aktif Karbon disk karbon filtre su \u015fi\u015fesi<\/td>\n<\/tr>\n<\/tbody>\n<\/table>","protected":false},"featured_media":4002,"comment_status":"open","ping_status":"closed","template":"","meta":{"_gspb_post_css":""},"product_brand":[],"product_cat":[1339],"product_tag":[1360,1363,1362,1359,1136,1361],"class_list":{"0":"post-4000","1":"product","2":"type-product","3":"status-publish","4":"has-post-thumbnail","6":"product_cat-carbon-filter","7":"product_tag-carbon-filter-for-purification","8":"product_tag-filtration-carbon-element","9":"product_tag-replacement-carbon-filter","10":"product_tag-standard-carbon-filter","11":"product_tag-water-filter-locks","12":"product_tag-water-treatment-carbon-filter","14":"first","15":"instock","16":"shipping-taxable","17":"product-type-simple"},"_links":{"self":[{"href":"https:\/\/lyfilter.com\/tr\/wp-json\/wp\/v2\/product\/4000","targetHints":{"allow":["GET"]}}],"collection":[{"href":"https:\/\/lyfilter.com\/tr\/wp-json\/wp\/v2\/product"}],"about":[{"href":"https:\/\/lyfilter.com\/tr\/wp-json\/wp\/v2\/types\/product"}],"replies":[{"embeddable":true,"href":"https:\/\/lyfilter.com\/tr\/wp-json\/wp\/v2\/comments?post=4000"}],"wp:featuredmedia":[{"embeddable":true,"href":"https:\/\/lyfilter.com\/tr\/wp-json\/wp\/v2\/media\/4002"}],"wp:attachment":[{"href":"https:\/\/lyfilter.com\/tr\/wp-json\/wp\/v2\/media?parent=4000"}],"wp:term":[{"taxonomy":"product_brand","embeddable":true,"href":"https:\/\/lyfilter.com\/tr\/wp-json\/wp\/v2\/product_brand?post=4000"},{"taxonomy":"product_cat","embeddable":true,"href":"https:\/\/lyfilter.com\/tr\/wp-json\/wp\/v2\/product_cat?post=4000"},{"taxonomy":"product_tag","embeddable":true,"href":"https:\/\/lyfilter.com\/tr\/wp-json\/wp\/v2\/product_tag?post=4000"}],"curies":[{"name":"wp","href":"https:\/\/api.w.org\/{rel}","templated":true}]}}