{"id":3994,"date":"2026-04-03T07:21:05","date_gmt":"2026-04-03T07:21:05","guid":{"rendered":"https:\/\/lyfilter.com\/"},"modified":"2026-05-08T01:28:01","modified_gmt":"2026-05-08T01:28:01","slug":"swing-bolts-single-bag-basket-type-industrial-water-filter-housing-with-stainless-steel-304-316l-material","status":"publish","type":"product","link":"https:\/\/lyfilter.com\/tr\/swing-bolts-single-bag-basket-type-industrial-water-filter-housing-with-stainless-steel-304-316l-material\/","title":{"rendered":"Paslanmaz \u00c7elik 304 316L Malzeme ile Sal\u0131ncak C\u0131vatalar\u0131 Tek Torba Sepet Tipi End\u00fcstriyel Su Filtresi Muhafazas\u0131"},"content":{"rendered":"<p>End\u00fcstriyel s\u0131v\u0131 filtrasyonu i\u00e7in \u00fcretilen bu tek torbal\u0131 sepet tipi su filtresi muhafazas\u0131, g\u00fc\u00e7, sabit ak\u0131\u015f ve kolay servis i\u00e7in d\u00f6ner c\u0131vatalar ve 304 veya 316L Paslanmaz \u00c7elik kullan\u0131r. Zorlu sistemlerde g\u00fcvenilir g\u00fcnl\u00fck kullan\u0131m\u0131 destekler.<\/p>","protected":false},"excerpt":{"rendered":"<table>\n<thead>\n<tr>\n<th>Saha<\/th>\n<th>De\u011fer<\/th>\n<\/tr>\n<\/thead>\n<tbody>\n<tr>\n<td>Uygulanabilir Sekt\u00f6rler<\/td>\n<td>Oteller, Konfeksiyon Ma\u011fazalar\u0131, \u0130n\u015faat Malzemesi Ma\u011fazalar\u0131, \u00dcretim Tesisi, Makine Tamir At\u00f6lyeleri, Yiyecek ve \u0130\u00e7ecek Fabrikas\u0131, \u00c7iftlikler, Restoran, Ev Kullan\u0131m\u0131, Perakende, Yiyecek Ma\u011fazas\u0131, Matbaalar, \u0130n\u015faat i\u015fleri, Enerji ve Madencilik, Yiyecek ve \u0130\u00e7ecek Ma\u011fazalar\u0131, Reklam \u015eirketi<\/td>\n<\/tr>\n<tr>\n<td>Garanti Sonras\u0131 Hizmet<\/td>\n<td>\u00c7evrimi\u00e7i destek<\/td>\n<\/tr>\n<tr>\n<td>Yerel Hizmet Konumu<\/td>\n<td>Hi\u00e7biri<\/td>\n<\/tr>\n<tr>\n<td>Showroom Konumu<\/td>\n<td>Hi\u00e7biri<\/td>\n<\/tr>\n<tr>\n<td>Men\u015fe Yeri<\/td>\n<td>Guangdong, \u00c7in<\/td>\n<\/tr>\n<tr>\n<td>Marka Ad\u0131<\/td>\n<td>\u00d6zelle\u015ftirilmi\u015f<\/td>\n<\/tr>\n<tr>\n<td>Malzeme<\/td>\n<td>\u00d6zelle\u015ftirilmi\u015f, SS304 \/ SS316L<\/td>\n<\/tr>\n<tr>\n<td>A\u011f\u0131rl\u0131k<\/td>\n<td>\u00d6zelle\u015ftirilmi\u015f<\/td>\n<\/tr>\n<tr>\n<td>Boyut<\/td>\n<td>\u00d6zelle\u015ftirilmi\u015f<\/td>\n<\/tr>\n<tr>\n<td>G\u00fc\u00e7<\/td>\n<td>0<\/td>\n<\/tr>\n<tr>\n<td>Garanti<\/td>\n<td>1 Y\u0131l<\/td>\n<\/tr>\n<tr>\n<td>Sa\u011flanan Sat\u0131\u015f Sonras\u0131 Hizmet<\/td>\n<td>\u00c7evrimi\u00e7i destek<\/td>\n<\/tr>\n<tr>\n<td>\u00dcr\u00fcn Ad\u0131<\/td>\n<td>Tek torba sepet tipi end\u00fcstriyel su filtresi muhafazas\u0131<\/td>\n<\/tr>\n<tr>\n<td>Filtre torbas\u0131 malzemesi<\/td>\n<td>PE TORBA \/ PP TORBA<\/td>\n<\/tr>\n<tr>\n<td>Torba filtre miktar\u0131<\/td>\n<td>Tek torba filtre muhafazas\u0131<\/td>\n<\/tr>\n<tr>\n<td>Y\u00fczey i\u015fleme<\/td>\n<td>Cilal\u0131 &amp; Kumlama<\/td>\n<\/tr>\n<tr>\n<td>Conta o-ringi<\/td>\n<td>Silastik \/ NBR \/ EPDM \/ Viton<\/td>\n<\/tr>\n<tr>\n<td>\u00dcst kapak tak\u0131l\u0131 tip<\/td>\n<td>Kelep\u00e7e tipi \/ C\u0131vata tipi<\/td>\n<\/tr>\n<tr>\n<td>Giri\u015f ve \u00c7\u0131k\u0131\u015f tipi<\/td>\n<td>\u0130\u00e7 di\u015fli \/ Flan\u015f<\/td>\n<\/tr>\n<tr>\n<td>Konekt\u00f6r tipi<\/td>\n<td>222 \/ 226 \/ DOE<\/td>\n<\/tr>\n<tr>\n<td>Paketleme y\u00f6ntemi<\/td>\n<td>\u0130hracat standart kutusu<\/td>\n<\/tr>\n<tr>\n<td>Sat\u0131\u015f Birimleri<\/td>\n<td>Tek \u00fcr\u00fcn<\/td>\n<\/tr>\n<tr>\n<td>Tek paket boyutu<\/td>\n<td>88X38X68 cm<\/td>\n<\/tr>\n<tr>\n<td>Tek br\u00fct a\u011f\u0131rl\u0131k<\/td>\n<td>68.000 kg<\/td>\n<\/tr>\n<tr>\n<td>Paket Tipi<\/td>\n<td>Paslanmaz \u00e7elik 304 316L malzeme ile sal\u0131ncak c\u0131vatalar\u0131 tek torba sepet tipi end\u00fcstriyel su filtresi muhafazas\u0131: Paketleme: \u0130hracat standart kutu \/ Gerekti\u011fi gibi<\/td>\n<\/tr>\n<tr>\n<td>Teslim S\u00fcresi<\/td>\n<td>Miktar (Adet): 1 - 10, Tahmini Zaman (g\u00fcn): 5; Miktar (Adet): 11 - 100, Tahmini Zaman (g\u00fcn): 10; Miktar (Adet): &gt;100'den fazla, Tahmini Zaman (g\u00fcn): M\u00fczakere edilecek<\/td>\n<\/tr>\n<\/tbody>\n<\/table>","protected":false},"featured_media":3999,"comment_status":"open","ping_status":"closed","template":"","meta":{"_gspb_post_css":""},"product_brand":[],"product_cat":[15],"product_tag":[1357,1355,1354,1356,1358,1136],"class_list":{"0":"post-3994","1":"product","2":"type-product","3":"status-publish","4":"has-post-thumbnail","6":"product_cat-stainless-steel-filter-housing","7":"product_tag-316l-industrial-water-filter","8":"product_tag-basket-type-filter-housing","9":"product_tag-single-bag-filter-housing","10":"product_tag-stainless-steel-304-filter-housing","11":"product_tag-swing-bolts-filter-housing","12":"product_tag-water-filter-locks","14":"first","15":"instock","16":"shipping-taxable","17":"product-type-simple"},"_links":{"self":[{"href":"https:\/\/lyfilter.com\/tr\/wp-json\/wp\/v2\/product\/3994","targetHints":{"allow":["GET"]}}],"collection":[{"href":"https:\/\/lyfilter.com\/tr\/wp-json\/wp\/v2\/product"}],"about":[{"href":"https:\/\/lyfilter.com\/tr\/wp-json\/wp\/v2\/types\/product"}],"replies":[{"embeddable":true,"href":"https:\/\/lyfilter.com\/tr\/wp-json\/wp\/v2\/comments?post=3994"}],"wp:featuredmedia":[{"embeddable":true,"href":"https:\/\/lyfilter.com\/tr\/wp-json\/wp\/v2\/media\/3999"}],"wp:attachment":[{"href":"https:\/\/lyfilter.com\/tr\/wp-json\/wp\/v2\/media?parent=3994"}],"wp:term":[{"taxonomy":"product_brand","embeddable":true,"href":"https:\/\/lyfilter.com\/tr\/wp-json\/wp\/v2\/product_brand?post=3994"},{"taxonomy":"product_cat","embeddable":true,"href":"https:\/\/lyfilter.com\/tr\/wp-json\/wp\/v2\/product_cat?post=3994"},{"taxonomy":"product_tag","embeddable":true,"href":"https:\/\/lyfilter.com\/tr\/wp-json\/wp\/v2\/product_tag?post=3994"}],"curies":[{"name":"wp","href":"https:\/\/api.w.org\/{rel}","templated":true}]}}