{"id":3985,"date":"2026-04-03T07:18:19","date_gmt":"2026-04-03T07:18:19","guid":{"rendered":"https:\/\/lyfilter.com\/"},"modified":"2026-04-03T07:18:19","modified_gmt":"2026-04-03T07:18:19","slug":"20-inch-5-micron-jumbo-pp-membrane-pleated-water-filter-cartridge-with-net-end-code-connection-227-fin-flat-doe","status":"publish","type":"product","link":"https:\/\/lyfilter.com\/tr\/20-inch-5-micron-jumbo-pp-membrane-pleated-water-filter-cartridge-with-net-end-code-connection-227-fin-flat-doe\/","title":{"rendered":"20 \u0130n\u00e7 5 Mikron Jumbo PP Membran Pileli Su Filtresi Kartu\u015fu Net U\u00e7 Kod Ba\u011flant\u0131l\u0131 227\/Fin\/Flat\/Doe"},"content":{"rendered":"<p>G\u00fcvenilir su filtrasyonu i\u00e7in \u00fcretilen bu 20 in\u00e7 jumbo PP membran pileli kartu\u015f, ince partik\u00fclleri 5 mikron hassasiyetinde yakalar. 227, kanatl\u0131, d\u00fcz ve DOE ba\u011flant\u0131 se\u00e7enekleri esnek montaj\u0131 ve istikrarl\u0131 g\u00fcnl\u00fck performans\u0131 destekler.<\/p>","protected":false},"excerpt":{"rendered":"<table>\n<thead>\n<tr>\n<th>Saha<\/th>\n<th>De\u011fer<\/th>\n<\/tr>\n<\/thead>\n<tbody>\n<tr>\n<td>Durum<\/td>\n<td>Yeni<\/td>\n<\/tr>\n<tr>\n<td>Uygulanabilir Sekt\u00f6rler<\/td>\n<td>Oteller, Konfeksiyon Ma\u011fazalar\u0131, \u0130n\u015faat Malzemesi Ma\u011fazalar\u0131, \u00dcretim Tesisi, Makine Tamir At\u00f6lyeleri, Yiyecek ve \u0130\u00e7ecek Fabrikas\u0131, \u00c7iftlikler, Restoran, Ev Kullan\u0131m\u0131, Perakende, Yiyecek Ma\u011fazas\u0131, Matbaalar, \u0130n\u015faat i\u015fleri, Enerji ve Madencilik, Yiyecek ve \u0130\u00e7ecek Ma\u011fazalar\u0131, Reklam \u015eirketi<\/td>\n<\/tr>\n<tr>\n<td>Garanti Sonras\u0131 Hizmet<\/td>\n<td>\u00c7evrimi\u00e7i destek<\/td>\n<\/tr>\n<tr>\n<td>Yerel Hizmet Konumu<\/td>\n<td>Hi\u00e7biri<\/td>\n<\/tr>\n<tr>\n<td>Showroom Konumu<\/td>\n<td>Hi\u00e7biri<\/td>\n<\/tr>\n<tr>\n<td>Video giden-denetim<\/td>\n<td>Sa\u011fland\u0131<\/td>\n<\/tr>\n<tr>\n<td>Makine Test Raporu<\/td>\n<td>Mevcut de\u011fil<\/td>\n<\/tr>\n<tr>\n<td>Pazarlama T\u00fcr\u00fc<\/td>\n<td>S\u0131radan \u00dcr\u00fcn<\/td>\n<\/tr>\n<tr>\n<td>\u00c7ekirdek bile\u015fenlerin garantisi<\/td>\n<td>Mevcut de\u011fil<\/td>\n<\/tr>\n<tr>\n<td>Men\u015fe Yeri<\/td>\n<td>Guangdong, \u00c7in<\/td>\n<\/tr>\n<tr>\n<td>Marka Ad\u0131<\/td>\n<td>Lvyuan \/ OEM<\/td>\n<\/tr>\n<tr>\n<td>Malzeme<\/td>\n<td>Pileli Filtre Eleman\u0131<\/td>\n<\/tr>\n<tr>\n<td>A\u011f\u0131rl\u0131k<\/td>\n<td>ba\u011fl\u0131d\u0131r<\/td>\n<\/tr>\n<tr>\n<td>Boyut<\/td>\n<td>standart, \u00f6zelle\u015fti\u0307rme<\/td>\n<\/tr>\n<tr>\n<td>G\u00fc\u00e7<\/td>\n<td>0<\/td>\n<\/tr>\n<tr>\n<td>Garanti<\/td>\n<td>Kullan\u0131lam\u0131yor<\/td>\n<\/tr>\n<tr>\n<td>\u00dcr\u00fcn ad\u0131<\/td>\n<td>pp fi\u0307ltre kartu\u015fu<\/td>\n<\/tr>\n<tr>\n<td>Mikron Oran\u0131<\/td>\n<td>0.1, 0.5, 1, 5, 10 ~60um<\/td>\n<\/tr>\n<tr>\n<td>Pileli kartu\u015f Malzemesi<\/td>\n<td>PP\/PTFE\/PES \/Naylon 6 \/PVDF<\/td>\n<\/tr>\n<tr>\n<td>Uzunluk<\/td>\n<td>5\u2033, 10\u2033, 20\u2033, 30\u2033, 40\u2033, OEM<\/td>\n<\/tr>\n<tr>\n<td>Filtre Ortam\u0131<\/td>\n<td>Polipropilen membran<\/td>\n<\/tr>\n<tr>\n<td>U\u00e7 Kapa\u011f\u0131<\/td>\n<td>DOE, 222+Fin, 222+Flat, 226+Fin, 226+Flat<\/td>\n<\/tr>\n<tr>\n<td>Conta\/O halka malzemesi<\/td>\n<td>Silikon\/EPDM\/NBR\/Viton\/Telfon<\/td>\n<\/tr>\n<tr>\n<td>Kullan\u0131m<\/td>\n<td>s\u0131v\u0131 filtre elemanlar\u0131, su filtresi par\u00e7alar\u0131<\/td>\n<\/tr>\n<tr>\n<td>\u0130\u00e7 \u00e7ekirdek<\/td>\n<td>PP \/ paslanmaz \u00e7elik<\/td>\n<\/tr>\n<tr>\n<td>Sertifikasyon<\/td>\n<td>SG\/S\/ISO9001<\/td>\n<\/tr>\n<tr>\n<td>\u00c7ekirdek Bile\u015fenler<\/td>\n<td>s\u0131v\u0131 filtre kartu\u015flar\u0131<\/td>\n<\/tr>\n<tr>\n<td>Tedarik Yetene\u011fi<\/td>\n<td>G\u00fcnde 5000 Adet \/ Adet 5 mikron pp filtre<\/td>\n<\/tr>\n<\/tbody>\n<\/table>","protected":false},"featured_media":3989,"comment_status":"open","ping_status":"closed","template":"","meta":{"_gspb_post_css":""},"product_brand":[],"product_cat":[1339],"product_tag":[691,1353,1351,1352,1350,1136],"class_list":{"0":"post-3985","1":"product","2":"type-product","3":"status-publish","4":"has-post-thumbnail","6":"product_cat-carbon-filter","7":"product_tag-20-inch-water-filter-cartridge","8":"product_tag-227-fin-flat-connection-filter","9":"product_tag-5-micron-pleated-filter","10":"product_tag-doe-end-code-filter","11":"product_tag-jumbo-pp-pleated-filter-cartridge","12":"product_tag-water-filter-locks","14":"first","15":"instock","16":"shipping-taxable","17":"product-type-simple"},"_links":{"self":[{"href":"https:\/\/lyfilter.com\/tr\/wp-json\/wp\/v2\/product\/3985","targetHints":{"allow":["GET"]}}],"collection":[{"href":"https:\/\/lyfilter.com\/tr\/wp-json\/wp\/v2\/product"}],"about":[{"href":"https:\/\/lyfilter.com\/tr\/wp-json\/wp\/v2\/types\/product"}],"replies":[{"embeddable":true,"href":"https:\/\/lyfilter.com\/tr\/wp-json\/wp\/v2\/comments?post=3985"}],"wp:featuredmedia":[{"embeddable":true,"href":"https:\/\/lyfilter.com\/tr\/wp-json\/wp\/v2\/media\/3989"}],"wp:attachment":[{"href":"https:\/\/lyfilter.com\/tr\/wp-json\/wp\/v2\/media?parent=3985"}],"wp:term":[{"taxonomy":"product_brand","embeddable":true,"href":"https:\/\/lyfilter.com\/tr\/wp-json\/wp\/v2\/product_brand?post=3985"},{"taxonomy":"product_cat","embeddable":true,"href":"https:\/\/lyfilter.com\/tr\/wp-json\/wp\/v2\/product_cat?post=3985"},{"taxonomy":"product_tag","embeddable":true,"href":"https:\/\/lyfilter.com\/tr\/wp-json\/wp\/v2\/product_tag?post=3985"}],"curies":[{"name":"wp","href":"https:\/\/api.w.org\/{rel}","templated":true}]}}