{"id":3960,"date":"2026-04-03T07:06:43","date_gmt":"2026-04-03T07:06:43","guid":{"rendered":"https:\/\/lyfilter.com\/"},"modified":"2026-04-03T07:06:43","modified_gmt":"2026-04-03T07:06:43","slug":"factory-customization-4-5-8-sintered-activated-carbon-filter-for-refrigerator-spare-parts-filter-element","status":"publish","type":"product","link":"https:\/\/lyfilter.com\/tr\/factory-customization-4-5-8-sintered-activated-carbon-filter-for-refrigerator-spare-parts-filter-element\/","title":{"rendered":"Fabrika \u00d6zelle\u015ftirme 4 \u2033 5 \u2033 8 \u2033 Buzdolab\u0131 Yedek Par\u00e7alar\u0131 \u0130\u00e7in Sinterlenmi\u015f Aktif Karbon Filtre Filtre Eleman\u0131"},"content":{"rendered":"<p>Buzdolab\u0131 filtrasyonu i\u00e7in \u00fcretilen bu sinterlenmi\u015f aktif karbon filtre eleman\u0131, suyu taze tutarken koku ve kirleri azaltmaya yard\u0131mc\u0131 olur. 4 in\u00e7, 5 in\u00e7 ve 8 in\u00e7 se\u00e7enekleri ile kolay de\u011fi\u015ftirme i\u00e7in pratik bir uyum sunar.<\/p>","protected":false},"excerpt":{"rendered":"<table>\n<thead>\n<tr>\n<th>Saha<\/th>\n<th>De\u011fer<\/th>\n<\/tr>\n<\/thead>\n<tbody>\n<tr>\n<td>Men\u015fe Yeri<\/td>\n<td>Guangdong, \u00c7in<\/td>\n<\/tr>\n<tr>\n<td>Marka Ad\u0131<\/td>\n<td>OEM\/LVYUAN<\/td>\n<\/tr>\n<tr>\n<td>Malzeme<\/td>\n<td>KARBON, Sinterlenmi\u015f aktif hindistan cevizi karbonu<\/td>\n<\/tr>\n<tr>\n<td>A\u011f\u0131rl\u0131k<\/td>\n<td>200<\/td>\n<\/tr>\n<tr>\n<td>Boyut<\/td>\n<td>68x28x250mm<\/td>\n<\/tr>\n<tr>\n<td>G\u00fc\u00e7<\/td>\n<td>0<\/td>\n<\/tr>\n<tr>\n<td>Garanti<\/td>\n<td>Kullan\u0131lam\u0131yor<\/td>\n<\/tr>\n<tr>\n<td>\u00dcr\u00fcn ad\u0131<\/td>\n<td>Fabrika \u00f6zelle\u015ftirme sinterlenmi\u015f aktif karbon filtre<\/td>\n<\/tr>\n<tr>\n<td>Sa\u011flanan Sat\u0131\u015f Sonras\u0131 Hizmet<\/td>\n<td>\u00c7evrimi\u00e7i destek, \u00c7evrimi\u00e7i destek<\/td>\n<\/tr>\n<tr>\n<td>Sertifikasyon<\/td>\n<td>SGS\/ISO<\/td>\n<\/tr>\n<tr>\n<td>Uzunluk<\/td>\n<td>10-1050mm<\/td>\n<\/tr>\n<tr>\n<td>OD<\/td>\n<td>14-121mm<\/td>\n<\/tr>\n<tr>\n<td>KIMLIK<\/td>\n<td>6-50mm<\/td>\n<\/tr>\n<tr>\n<td>Mikron oran\u0131<\/td>\n<td>0,5-20um<\/td>\n<\/tr>\n<tr>\n<td>\u0130yot de\u011feri<\/td>\n<td>1000'e kadar<\/td>\n<\/tr>\n<tr>\n<td>Ak\u0131\u015f h\u0131z\u0131<\/td>\n<td>\u2264300L\/saat<\/td>\n<\/tr>\n<tr>\n<td>Sat\u0131\u015f Birimleri<\/td>\n<td>Tek \u00fcr\u00fcn<\/td>\n<\/tr>\n<tr>\n<td>Tek paket boyutu<\/td>\n<td>6.5X2.8X25 cm<\/td>\n<\/tr>\n<tr>\n<td>Tek br\u00fct a\u011f\u0131rl\u0131k<\/td>\n<td>0.200 kg<\/td>\n<\/tr>\n<tr>\n<td>Paket Tipi<\/td>\n<td>53x33x33cm, 64x33x33cm<\/td>\n<\/tr>\n<tr>\n<td>Teslim S\u00fcresi<\/td>\n<td>Miktar (Adet): 1 - 100, Tahmini Zaman (g\u00fcn): 3; Miktar (Adet): 101 - 500, Tahmini Zaman (g\u00fcn): 5; Miktar (Adet): 501 - 1000, Tahmini Zaman (g\u00fcn): 7; Miktar (Adet): &gt;1000'den fazla, Tahmini Zaman (g\u00fcn): M\u00fczakere edilecek<\/td>\n<\/tr>\n<\/tbody>\n<\/table>","protected":false},"featured_media":3965,"comment_status":"open","ping_status":"closed","template":"","meta":{"_gspb_post_css":""},"product_brand":[],"product_cat":[1339],"product_tag":[1343,1342,1341,1162,1340,1136],"class_list":{"0":"post-3960","1":"product","2":"type-product","3":"status-publish","4":"has-post-thumbnail","6":"product_cat-carbon-filter","7":"product_tag-custom-carbon-filter","8":"product_tag-refrigerator-filter-element","9":"product_tag-refrigerator-spare-parts-filter","10":"product_tag-replacement-water-filter","11":"product_tag-sintered-activated-carbon-filter","12":"product_tag-water-filter-locks","14":"first","15":"instock","16":"shipping-taxable","17":"product-type-simple"},"_links":{"self":[{"href":"https:\/\/lyfilter.com\/tr\/wp-json\/wp\/v2\/product\/3960","targetHints":{"allow":["GET"]}}],"collection":[{"href":"https:\/\/lyfilter.com\/tr\/wp-json\/wp\/v2\/product"}],"about":[{"href":"https:\/\/lyfilter.com\/tr\/wp-json\/wp\/v2\/types\/product"}],"replies":[{"embeddable":true,"href":"https:\/\/lyfilter.com\/tr\/wp-json\/wp\/v2\/comments?post=3960"}],"wp:featuredmedia":[{"embeddable":true,"href":"https:\/\/lyfilter.com\/tr\/wp-json\/wp\/v2\/media\/3965"}],"wp:attachment":[{"href":"https:\/\/lyfilter.com\/tr\/wp-json\/wp\/v2\/media?parent=3960"}],"wp:term":[{"taxonomy":"product_brand","embeddable":true,"href":"https:\/\/lyfilter.com\/tr\/wp-json\/wp\/v2\/product_brand?post=3960"},{"taxonomy":"product_cat","embeddable":true,"href":"https:\/\/lyfilter.com\/tr\/wp-json\/wp\/v2\/product_cat?post=3960"},{"taxonomy":"product_tag","embeddable":true,"href":"https:\/\/lyfilter.com\/tr\/wp-json\/wp\/v2\/product_tag?post=3960"}],"curies":[{"name":"wp","href":"https:\/\/api.w.org\/{rel}","templated":true}]}}