{"id":3949,"date":"2026-04-03T07:00:04","date_gmt":"2026-04-03T07:00:04","guid":{"rendered":"https:\/\/lyfilter.com\/"},"modified":"2026-04-03T07:00:04","modified_gmt":"2026-04-03T07:00:04","slug":"20-30-inch-100-polypropylene-pp-yarn-wire-wound-water-filter-for-water-treatment-5-micron-cartridge-filter-replaced","status":"publish","type":"product","link":"https:\/\/lyfilter.com\/tr\/20-30-inch-100-polypropylene-pp-yarn-wire-wound-water-filter-for-water-treatment-5-micron-cartridge-filter-replaced\/","title":{"rendered":"20 30 \u0130n\u00e7 100% Polipropilen PP \u0130plik Tel Yara Su Filtresi Su Ar\u0131tma \u0130\u00e7in 5 Mikron Kartu\u015f Filtre De\u011fi\u015ftirildi"},"content":{"rendered":"<p>Su ar\u0131tma i\u00e7in \u00fcretilen bu 100% Polipropilen PP iplik tel sar\u0131ml\u0131 filtre, tortuyu 5 mikron hassasiyetle yakalamaya yard\u0131mc\u0131 olur. 20 ve 30 in\u00e7 se\u00e7enekleri sabit ak\u0131\u015f\u0131, g\u00fcvenilir filtrelemeyi ve pratik g\u00fcnl\u00fck de\u011fi\u015ftirme kullan\u0131m\u0131n\u0131 destekler.<\/p>","protected":false},"excerpt":{"rendered":"<table>\n<thead>\n<tr>\n<th>Saha<\/th>\n<th>De\u011fer<\/th>\n<\/tr>\n<\/thead>\n<tbody>\n<tr>\n<td>Uygulanabilir Sekt\u00f6rler<\/td>\n<td>Yiyecek ve \u0130\u00e7ecek Fabrikas\u0131, Restoran, Ev Kullan\u0131m\u0131, Yiyecek D\u00fckkan\u0131, Matbaalar, \u0130n\u015faat i\u015fleri, Enerji ve Madencilik, Yiyecek ve \u0130\u00e7ecek Ma\u011fazalar\u0131, Reklam \u015eirketi<\/td>\n<\/tr>\n<tr>\n<td>Men\u015fe Yeri<\/td>\n<td>Guangdong, \u00c7in<\/td>\n<\/tr>\n<tr>\n<td>Marka Ad\u0131<\/td>\n<td>LVYUAN\/OEM<\/td>\n<\/tr>\n<tr>\n<td>Malzeme<\/td>\n<td>Polipropilen\/Fiberglas\/Pamuk, polipropilen elyaf, emici pamuk, cam elyaf<\/td>\n<\/tr>\n<tr>\n<td>A\u011f\u0131rl\u0131k<\/td>\n<td>Referans<\/td>\n<\/tr>\n<tr>\n<td>Boyut<\/td>\n<td>10\u2033\/20\u2033\/30\u2033\/40\u2033\/50\u2033<\/td>\n<\/tr>\n<tr>\n<td>G\u00fc\u00e7<\/td>\n<td>0<\/td>\n<\/tr>\n<tr>\n<td>Garanti<\/td>\n<td>Kullan\u0131lam\u0131yor<\/td>\n<\/tr>\n<tr>\n<td>\u00d6\u011fe<\/td>\n<td>10 20 30 in\u00e7 100% polipropilen PP iplik tel sarg\u0131l\u0131 su filtresi<\/td>\n<\/tr>\n<tr>\n<td>\u00c7ekirdek<\/td>\n<td>PP\/SS<\/td>\n<\/tr>\n<tr>\n<td>Micron<\/td>\n<td>1\/5\/10\/20\/30\/50\/75\/100<\/td>\n<\/tr>\n<tr>\n<td>\u0130\u00e7 \u00c7ap<\/td>\n<td>28mm \/ 30mm \/ OEM<\/td>\n<\/tr>\n<tr>\n<td>Uzunluk<\/td>\n<td>5\u2033 \/ 10\u2033 \/ 20\u2033 \/ 30\u2033 \/ 40\u2033 \/ 50\u2033 \/ 60\u2033<\/td>\n<\/tr>\n<tr>\n<td>PP sarg\u0131l\u0131 filtre+PP \u00e7ekirdek<\/td>\n<td>65\u2103<\/td>\n<\/tr>\n<tr>\n<td>PP sarg\u0131l\u0131 filtre+SS<\/td>\n<td>120\u2103<\/td>\n<\/tr>\n<tr>\n<td>Pamuk filtre+SS<\/td>\n<td>180\u2103<\/td>\n<\/tr>\n<tr>\n<td>Cam elyaf+SS<\/td>\n<td>180 - 300\u2103<\/td>\n<\/tr>\n<tr>\n<td>Sa\u011flanan Sat\u0131\u015f Sonras\u0131 Hizmet<\/td>\n<td>\u00c7evrimi\u00e7i destek<\/td>\n<\/tr>\n<tr>\n<td>Tedarik Yetene\u011fi<\/td>\n<td>G\u00fcnde 1000 Adet \/ Adet<\/td>\n<\/tr>\n<\/tbody>\n<\/table>","protected":false},"featured_media":3953,"comment_status":"open","ping_status":"closed","template":"","meta":{"_gspb_post_css":""},"product_brand":[],"product_cat":[1095],"product_tag":[1172,1333,1296,1136,878,1334],"class_list":{"0":"post-3949","1":"product","2":"type-product","3":"status-publish","4":"has-post-thumbnail","6":"product_cat-string-wound-filter-cartridge","7":"product_tag-5-micron-cartridge-filter","8":"product_tag-polypropylene-pp-yarn-filter","9":"product_tag-sediment-water-filter","10":"product_tag-water-filter-locks","11":"product_tag-water-treatment-filter-cartridge","12":"product_tag-wire-wound-water-filter","14":"first","15":"instock","16":"shipping-taxable","17":"product-type-simple"},"_links":{"self":[{"href":"https:\/\/lyfilter.com\/tr\/wp-json\/wp\/v2\/product\/3949","targetHints":{"allow":["GET"]}}],"collection":[{"href":"https:\/\/lyfilter.com\/tr\/wp-json\/wp\/v2\/product"}],"about":[{"href":"https:\/\/lyfilter.com\/tr\/wp-json\/wp\/v2\/types\/product"}],"replies":[{"embeddable":true,"href":"https:\/\/lyfilter.com\/tr\/wp-json\/wp\/v2\/comments?post=3949"}],"wp:featuredmedia":[{"embeddable":true,"href":"https:\/\/lyfilter.com\/tr\/wp-json\/wp\/v2\/media\/3953"}],"wp:attachment":[{"href":"https:\/\/lyfilter.com\/tr\/wp-json\/wp\/v2\/media?parent=3949"}],"wp:term":[{"taxonomy":"product_brand","embeddable":true,"href":"https:\/\/lyfilter.com\/tr\/wp-json\/wp\/v2\/product_brand?post=3949"},{"taxonomy":"product_cat","embeddable":true,"href":"https:\/\/lyfilter.com\/tr\/wp-json\/wp\/v2\/product_cat?post=3949"},{"taxonomy":"product_tag","embeddable":true,"href":"https:\/\/lyfilter.com\/tr\/wp-json\/wp\/v2\/product_tag?post=3949"}],"curies":[{"name":"wp","href":"https:\/\/api.w.org\/{rel}","templated":true}]}}