{"id":3920,"date":"2026-04-03T06:36:02","date_gmt":"2026-04-03T06:36:02","guid":{"rendered":"https:\/\/lyfilter.com\/"},"modified":"2026-04-03T06:36:03","modified_gmt":"2026-04-03T06:36:03","slug":"ss-single-bag-filter-housing-316-stainless-steel-filter-strainer-for-industrial-liquid-filtration","status":"publish","type":"product","link":"https:\/\/lyfilter.com\/tr\/ss-single-bag-filter-housing-316-stainless-steel-filter-strainer-for-industrial-liquid-filtration\/","title":{"rendered":"End\u00fcstriyel S\u0131v\u0131 Filtrasyonu \u0130\u00e7in SS Tek Torba Filtre Muhafazas\u0131 \/ 316 Paslanmaz \u00c7elik Filtre S\u00fczgeci"},"content":{"rendered":"<p>End\u00fcstriyel s\u0131v\u0131 filtrasyonu i\u00e7in \u00fcretilen bu SS tek torba filtre muhafazas\u0131, dayan\u0131kl\u0131 s\u00fczme, sabit ak\u0131\u015f ve kolay bak\u0131m\u0131 desteklemek i\u00e7in 316 paslanmaz \u00e7elik kullan\u0131r. G\u00fc\u00e7l\u00fc tasar\u0131m\u0131, verimlili\u011fi ve g\u00fcvenilir g\u00fcnl\u00fck \u00e7al\u0131\u015fmay\u0131 art\u0131rmaya yard\u0131mc\u0131 olur.<\/p>","protected":false},"excerpt":{"rendered":"<table>\n<thead>\n<tr>\n<th>Saha<\/th>\n<th>De\u011fer<\/th>\n<\/tr>\n<\/thead>\n<tbody>\n<tr>\n<td>Uygulanabilir Sekt\u00f6rler<\/td>\n<td>\u00dcretim Tesisi, Yiyecek ve \u0130\u00e7ecek Fabrikas\u0131, su ar\u0131tma<\/td>\n<\/tr>\n<tr>\n<td>Men\u015fe Yeri<\/td>\n<td>Guangdong, \u00c7in<\/td>\n<\/tr>\n<tr>\n<td>Marka Ad\u0131<\/td>\n<td>Lvyuan, OEM, ODM<\/td>\n<\/tr>\n<tr>\n<td>Malzeme<\/td>\n<td>staniless \u00e7elik 304<\/td>\n<\/tr>\n<tr>\n<td>A\u011f\u0131rl\u0131k<\/td>\n<td>\u00f6zelle\u015ftirilmi\u015f<\/td>\n<\/tr>\n<tr>\n<td>Boyut<\/td>\n<td>\u00f6zelle\u015ftirilmi\u015f<\/td>\n<\/tr>\n<tr>\n<td>G\u00fc\u00e7<\/td>\n<td>0<\/td>\n<\/tr>\n<tr>\n<td>Garanti<\/td>\n<td>1 Y\u0131l<\/td>\n<\/tr>\n<tr>\n<td>Sa\u011flanan Sat\u0131\u015f Sonras\u0131 Hizmet<\/td>\n<td>\u00c7evrimi\u00e7i destek<\/td>\n<\/tr>\n<tr>\n<td>\u00d6zellik<\/td>\n<td>\u0130yi s\u0131zd\u0131rmazl\u0131k<\/td>\n<\/tr>\n<tr>\n<td>filtre torbas\u0131 boyutu<\/td>\n<td>180*810mm<\/td>\n<\/tr>\n<tr>\n<td>Sertifikasyon<\/td>\n<td>SGS<\/td>\n<\/tr>\n<tr>\n<td>Kullan\u0131m<\/td>\n<td>su fi\u0307ltreleme<\/td>\n<\/tr>\n<tr>\n<td>Uygulama<\/td>\n<td>end\u00fcstri<\/td>\n<\/tr>\n<tr>\n<td>y\u00fczey<\/td>\n<td>cilal\u0131\/ayna<\/td>\n<\/tr>\n<tr>\n<td>Hammadde<\/td>\n<td>paslanmaz \u00e7elik<\/td>\n<\/tr>\n<tr>\n<td>\u00c7al\u0131\u015fma bas\u0131nc\u0131<\/td>\n<td>300Psi<\/td>\n<\/tr>\n<tr>\n<td>Anahtar Kelimeler<\/td>\n<td>torba filtre<\/td>\n<\/tr>\n<tr>\n<td>Filtre Ortam\u0131<\/td>\n<td>PP\/PE\/SS<\/td>\n<\/tr>\n<tr>\n<td>Sat\u0131\u015f Birimleri<\/td>\n<td>Tek \u00fcr\u00fcn<\/td>\n<\/tr>\n<tr>\n<td>Tek paket boyutu<\/td>\n<td>150X40X45 cm<\/td>\n<\/tr>\n<tr>\n<td>Tek br\u00fct a\u011f\u0131rl\u0131k<\/td>\n<td>26.000 kg<\/td>\n<\/tr>\n<tr>\n<td>Teslim S\u00fcresi<\/td>\n<td>Miktar (Adet): 1 - 500, Tahmini Zaman (g\u00fcn): 7; Miktar (Adet): &gt;500'den fazla, Tahmini Zaman (g\u00fcn): M\u00fczakere edilecek<\/td>\n<\/tr>\n<\/tbody>\n<\/table>","protected":false},"featured_media":3926,"comment_status":"open","ping_status":"closed","template":"","meta":{"_gspb_post_css":""},"product_brand":[],"product_cat":[15],"product_tag":[1319,42,68,1318,1320,1136],"class_list":{"0":"post-3920","1":"product","2":"type-product","3":"status-publish","4":"has-post-thumbnail","6":"product_cat-stainless-steel-filter-housing","7":"product_tag-316-stainless-steel-filter-strainer","8":"product_tag-industrial-liquid-filtration","9":"product_tag-liquid-filter-housing","10":"product_tag-ss-single-bag-filter-housing","11":"product_tag-stainless-steel-bag-filter","12":"product_tag-water-filter-locks","14":"first","15":"instock","16":"shipping-taxable","17":"product-type-simple"},"_links":{"self":[{"href":"https:\/\/lyfilter.com\/tr\/wp-json\/wp\/v2\/product\/3920","targetHints":{"allow":["GET"]}}],"collection":[{"href":"https:\/\/lyfilter.com\/tr\/wp-json\/wp\/v2\/product"}],"about":[{"href":"https:\/\/lyfilter.com\/tr\/wp-json\/wp\/v2\/types\/product"}],"replies":[{"embeddable":true,"href":"https:\/\/lyfilter.com\/tr\/wp-json\/wp\/v2\/comments?post=3920"}],"wp:featuredmedia":[{"embeddable":true,"href":"https:\/\/lyfilter.com\/tr\/wp-json\/wp\/v2\/media\/3926"}],"wp:attachment":[{"href":"https:\/\/lyfilter.com\/tr\/wp-json\/wp\/v2\/media?parent=3920"}],"wp:term":[{"taxonomy":"product_brand","embeddable":true,"href":"https:\/\/lyfilter.com\/tr\/wp-json\/wp\/v2\/product_brand?post=3920"},{"taxonomy":"product_cat","embeddable":true,"href":"https:\/\/lyfilter.com\/tr\/wp-json\/wp\/v2\/product_cat?post=3920"},{"taxonomy":"product_tag","embeddable":true,"href":"https:\/\/lyfilter.com\/tr\/wp-json\/wp\/v2\/product_tag?post=3920"}],"curies":[{"name":"wp","href":"https:\/\/api.w.org\/{rel}","templated":true}]}}