{"id":3915,"date":"2026-04-03T06:26:10","date_gmt":"2026-04-03T06:26:10","guid":{"rendered":"https:\/\/lyfilter.com\/"},"modified":"2026-05-08T01:22:03","modified_gmt":"2026-05-08T01:22:03","slug":"lvyuan-hot-sale-commercial-ro-plant-supplier-wholesale-for-industry","status":"publish","type":"product","link":"https:\/\/lyfilter.com\/tr\/lvyuan-hot-sale-commercial-ro-plant-supplier-wholesale-for-industry\/","title":{"rendered":"Lvyuan S\u0131cak Sat\u0131\u015f Ticari RO Tesisi Tedarik\u00e7i Sanayi \u0130\u00e7in Toptan Sat\u0131\u015f"},"content":{"rendered":"<p>1.Tekstil, kimya end\u00fcstrisi, proses suyu \/ kimyasal geri d\u00f6n\u00fc\u015ft\u00fcr\u00fclm\u00fc\u015f su, kimyasal \u00fcr\u00fcnler<\/p>\n<p>&nbsp;<\/p>\n<p>imalat ar\u0131tma ve su haz\u0131rlama; ;<\/p>\n<p>&nbsp;<\/p>\n<p>2. Yiyecek ve i\u00e7ecek end\u00fcstriyel suyu, ar\u0131t\u0131lm\u0131\u015f i\u00e7me suyu, i\u00e7ecekler, bira,<\/p>\n<p>&nbsp;<\/p>\n<p>lik\u00f6r, su ar\u0131tma ve su haz\u0131rlama gibi sa\u011fl\u0131k bak\u0131m \u00fcr\u00fcnleri;<\/p>\n<p>&nbsp;<\/p>\n<p>3. Deniz suyu, ac\u0131 su tuzdan ar\u0131nd\u0131rma adalar\u0131, gemiler, a\u00e7\u0131k deniz sondaj platformlar\u0131,<\/p>\n<p>&nbsp;<\/p>\n<p>ac\u0131 su alanlar\u0131<\/p>\n<p>&nbsp;<\/p>\n<p>4. Daha b\u00fcy\u00fck topluluk, emlak, okullar, fabrikalar, hastaneler ve restoranlar,<\/p>\n<p>&nbsp;<\/p>\n<p>oteller, g\u00fczellik salonlar\u0131, kantinler ve di\u011fer \u00e7e\u015fitli i\u015fletme ve kurumlar.<\/p>\n<p>&nbsp;<\/p>\n<p>5. Entegre devreler, silikon gofretler, ekran t\u00fcpleri ve di\u011fer elektronik bile\u015fenler<\/p>\n<p>&nbsp;<\/p>\n<p>elektronik end\u00fcstriyel su durulama suyu<\/p>\n<p>&nbsp;<\/p>\n<p>6. Su \u015fi\u015felenmi\u015f su, maden suyu ve di\u011fer haz\u0131rl\u0131k i\u015flerini doldurmak i\u00e7in kullan\u0131labilir<\/p>\n<p>&nbsp;<\/p>","protected":false},"excerpt":{"rendered":"<table>\n<thead>\n<tr>\n<th>Saha<\/th>\n<th>De\u011fer<\/th>\n<\/tr>\n<\/thead>\n<tbody>\n<tr>\n<td>Uygulanabilir Sekt\u00f6rler<\/td>\n<td>\u00c7iftlikler, \u0130n\u015faat i\u015fleri, Yiyecek ve \u0130\u00e7ecek D\u00fckkanlar\u0131<\/td>\n<\/tr>\n<tr>\n<td>Garanti Sonras\u0131 Hizmet<\/td>\n<td>\u00c7evrimi\u00e7i destek<\/td>\n<\/tr>\n<tr>\n<td>Yerel Hizmet Konumu<\/td>\n<td>Hi\u00e7biri<\/td>\n<\/tr>\n<tr>\n<td>Showroom Konumu<\/td>\n<td>Hi\u00e7biri<\/td>\n<\/tr>\n<tr>\n<td>Video giden-denetim<\/td>\n<td>Sa\u011fland\u0131<\/td>\n<\/tr>\n<tr>\n<td>Makine Test Raporu<\/td>\n<td>Mevcut de\u011fil<\/td>\n<\/tr>\n<tr>\n<td>Pazarlama T\u00fcr\u00fc<\/td>\n<td>S\u0131radan \u00dcr\u00fcn<\/td>\n<\/tr>\n<tr>\n<td>\u00c7ekirdek bile\u015fenlerin garantisi<\/td>\n<td>1 Y\u0131l<\/td>\n<\/tr>\n<tr>\n<td>\u00c7ekirdek Bile\u015fenler<\/td>\n<td>Bas\u0131n\u00e7l\u0131 kap, Pompa, Motor<\/td>\n<\/tr>\n<tr>\n<td>Men\u015fe Yeri<\/td>\n<td>Guangdong, \u00c7in<\/td>\n<\/tr>\n<tr>\n<td>Marka Ad\u0131<\/td>\n<td>Guangzhou Lvyuan<\/td>\n<\/tr>\n<tr>\n<td>Garanti<\/td>\n<td>1 Y\u0131l<\/td>\n<\/tr>\n<tr>\n<td>Sa\u011flanan Sat\u0131\u015f Sonras\u0131 Hizmet<\/td>\n<td>\u00c7evrimi\u00e7i destek<\/td>\n<\/tr>\n<tr>\n<td>Madde 1<\/td>\n<td>deni\u0307z suyu aritma si\u0307stemi\u0307<\/td>\n<\/tr>\n<tr>\n<td>Madde 2<\/td>\n<td>Otomatik veya manuel kontrol vanas\u0131<\/td>\n<\/tr>\n<tr>\n<td>Madde 3<\/td>\n<td>FRP veya paslanmaz \u00e7elik tank<\/td>\n<\/tr>\n<tr>\n<td>Madde 4<\/td>\n<td>\u0130yi kalitede RO membran\u0131<\/td>\n<\/tr>\n<tr>\n<td>Madde 5<\/td>\n<td>Ak\u0131\u015f h\u0131z\u0131 1000LPH<\/td>\n<\/tr>\n<tr>\n<td>Madde 6<\/td>\n<td>i\u0307\u00e7me suyu aritma tesi\u0307si\u0307<\/td>\n<\/tr>\n<tr>\n<td>Madde 7<\/td>\n<td>UV lambas\u0131<\/td>\n<\/tr>\n<tr>\n<td>Madde 8<\/td>\n<td>EDI sistemi<\/td>\n<\/tr>\n<tr>\n<td>Madde 9<\/td>\n<td>Boru malzemesi paslanmaz \u00e7elik<\/td>\n<\/tr>\n<tr>\n<td>paket<\/td>\n<td>ah\u015fap kutu veya ah\u015fap \u00e7er\u00e7eve<\/td>\n<\/tr>\n<tr>\n<td>Tedarik Yetene\u011fi<\/td>\n<td>Ay ba\u015f\u0131na 5 Adet \/ Adet<\/td>\n<\/tr>\n<\/tbody>\n<\/table>","protected":false},"featured_media":3916,"comment_status":"open","ping_status":"closed","template":"","meta":{"_gspb_post_css":""},"product_brand":[],"product_cat":[15],"product_tag":[1312,1310,1309,1313,1136,1311],"class_list":{"0":"post-3915","1":"product","2":"type-product","3":"status-publish","4":"has-post-thumbnail","6":"product_cat-stainless-steel-filter-housing","7":"product_tag-commercial-water-purification-plant","8":"product_tag-industrial-ro-water-system","9":"product_tag-lvyuan-commercial-ro-plant","10":"product_tag-reverse-osmosis-treatment-system","11":"product_tag-water-filter-locks","12":"product_tag-wholesale-ro-plant-supplier","14":"first","15":"instock","16":"shipping-taxable","17":"product-type-simple"},"_links":{"self":[{"href":"https:\/\/lyfilter.com\/tr\/wp-json\/wp\/v2\/product\/3915","targetHints":{"allow":["GET"]}}],"collection":[{"href":"https:\/\/lyfilter.com\/tr\/wp-json\/wp\/v2\/product"}],"about":[{"href":"https:\/\/lyfilter.com\/tr\/wp-json\/wp\/v2\/types\/product"}],"replies":[{"embeddable":true,"href":"https:\/\/lyfilter.com\/tr\/wp-json\/wp\/v2\/comments?post=3915"}],"wp:featuredmedia":[{"embeddable":true,"href":"https:\/\/lyfilter.com\/tr\/wp-json\/wp\/v2\/media\/3916"}],"wp:attachment":[{"href":"https:\/\/lyfilter.com\/tr\/wp-json\/wp\/v2\/media?parent=3915"}],"wp:term":[{"taxonomy":"product_brand","embeddable":true,"href":"https:\/\/lyfilter.com\/tr\/wp-json\/wp\/v2\/product_brand?post=3915"},{"taxonomy":"product_cat","embeddable":true,"href":"https:\/\/lyfilter.com\/tr\/wp-json\/wp\/v2\/product_cat?post=3915"},{"taxonomy":"product_tag","embeddable":true,"href":"https:\/\/lyfilter.com\/tr\/wp-json\/wp\/v2\/product_tag?post=3915"}],"curies":[{"name":"wp","href":"https:\/\/api.w.org\/{rel}","templated":true}]}}