{"id":3892,"date":"2026-04-03T06:15:10","date_gmt":"2026-04-03T06:15:10","guid":{"rendered":"https:\/\/lyfilter.com\/"},"modified":"2026-04-03T06:15:10","modified_gmt":"2026-04-03T06:15:10","slug":"doe-m30-m20-washable-sintering-stainless-steel-sus-316l-metal-powder-0-22-micron-filter-cartridge-for-oil-filtration-system","status":"publish","type":"product","link":"https:\/\/lyfilter.com\/tr\/doe-m30-m20-washable-sintering-stainless-steel-sus-316l-metal-powder-0-22-micron-filter-cartridge-for-oil-filtration-system\/","title":{"rendered":"Ya\u011f Filtrasyon Sistemi i\u00e7in DOE M30 M20 Y\u0131kanabilir Sinterleme Paslanmaz \u00c7elik Sus 316L Metal Tozu 0.22 Mikron Filtre Kartu\u015fu"},"content":{"rendered":"<p>Filtreleme i\u00e7in \u00fcretilen bu DOE M30 M20 kartu\u015f, zorlu sistemlerde sorunsuz ak\u0131\u015f, dayan\u0131kl\u0131l\u0131k ve g\u00fcvenilir uzun vadeli performans\u0131 desteklemek i\u00e7in y\u0131kanabilir sinterlenmi\u015f SUS 316L paslanmaz \u00e7elik metal tozu ve 0,22 mikron hassasiyet kullan\u0131r.<\/p>","protected":false},"excerpt":{"rendered":"<table>\n<thead>\n<tr>\n<th>Saha<\/th>\n<th>De\u011fer<\/th>\n<\/tr>\n<\/thead>\n<tbody>\n<tr>\n<td>Durum<\/td>\n<td>Yeni<\/td>\n<\/tr>\n<tr>\n<td>Uygulanabilir Sekt\u00f6rler<\/td>\n<td>Oteller, Konfeksiyon Ma\u011fazalar\u0131, \u0130n\u015faat Malzemesi Ma\u011fazalar\u0131, \u00dcretim Tesisi, Makine Tamir At\u00f6lyeleri, Yiyecek ve \u0130\u00e7ecek Fabrikas\u0131, \u00c7iftlikler, Restoran, Ev Kullan\u0131m\u0131, Perakende, Yiyecek Ma\u011fazas\u0131, Matbaalar, \u0130n\u015faat i\u015fleri, Enerji ve Madencilik, Yiyecek ve \u0130\u00e7ecek Ma\u011fazalar\u0131<\/td>\n<\/tr>\n<tr>\n<td>Garanti Sonras\u0131 Hizmet<\/td>\n<td>\u00c7evrimi\u00e7i destek<\/td>\n<\/tr>\n<tr>\n<td>Yerel Hizmet Konumu<\/td>\n<td>Hi\u00e7biri<\/td>\n<\/tr>\n<tr>\n<td>Showroom Konumu<\/td>\n<td>Hi\u00e7biri<\/td>\n<\/tr>\n<tr>\n<td>Video giden-denetim<\/td>\n<td>Sa\u011fland\u0131<\/td>\n<\/tr>\n<tr>\n<td>Makine Test Raporu<\/td>\n<td>Sa\u011fland\u0131<\/td>\n<\/tr>\n<tr>\n<td>Pazarlama T\u00fcr\u00fc<\/td>\n<td>S\u0131radan \u00dcr\u00fcn<\/td>\n<\/tr>\n<tr>\n<td>\u00c7ekirdek bile\u015fenlerin garantisi<\/td>\n<td>1 Y\u0131l<\/td>\n<\/tr>\n<tr>\n<td>\u00c7ekirdek Bile\u015fenler<\/td>\n<td>Bas\u0131n\u00e7l\u0131 kap<\/td>\n<\/tr>\n<tr>\n<td>Men\u015fe Yeri<\/td>\n<td>Guangdong, \u00c7in<\/td>\n<\/tr>\n<tr>\n<td>Marka Ad\u0131<\/td>\n<td>Lvyuan\/OEM<\/td>\n<\/tr>\n<tr>\n<td>Garanti<\/td>\n<td>1 Y\u0131l<\/td>\n<\/tr>\n<tr>\n<td>Sa\u011flanan Sat\u0131\u015f Sonras\u0131 Hizmet<\/td>\n<td>\u00c7evrimi\u00e7i destek<\/td>\n<\/tr>\n<tr>\n<td>\u00dcr\u00fcn ad\u0131<\/td>\n<td>0,22 mikron filtre<\/td>\n<\/tr>\n<tr>\n<td>Mikron Oran\u0131<\/td>\n<td>0,1 ila 300 mikron<\/td>\n<\/tr>\n<tr>\n<td>OEM boyut<\/td>\n<td>Mevcut<\/td>\n<\/tr>\n<tr>\n<td>Uzunluk<\/td>\n<td>5\u2033, 10\u2033, 20\u2033, 30\u2033, 40\u2033, 50\u201d, 60\u201d in\u00e7<\/td>\n<\/tr>\n<tr>\n<td>Paslanmaz \u00e7elik Malzeme<\/td>\n<td>304, 316, 316L<\/td>\n<\/tr>\n<tr>\n<td>Aray\u00fcz formu<\/td>\n<td>222, 226, 215, M36, M24, M22, M20 di\u015fli aray\u00fcz\u00fc<\/td>\n<\/tr>\n<tr>\n<td>Katman<\/td>\n<td>pileli\/mesh kartu\u015f filtre<\/td>\n<\/tr>\n<tr>\n<td>Kullan\u0131m<\/td>\n<td>gaz, s\u0131v\u0131 filtrasyonu<\/td>\n<\/tr>\n<tr>\n<td>Is\u0131 direnci<\/td>\n<td>-200 - 500 derece<\/td>\n<\/tr>\n<tr>\n<td>\u00c7al\u0131\u015fma bas\u0131nc\u0131<\/td>\n<td>0,1 ila 30Mpa<\/td>\n<\/tr>\n<tr>\n<td>Tedarik Yetene\u011fi<\/td>\n<td>G\u00fcnde 5000 Adet \/ Adet ya\u011f filtresi kartu\u015fu<\/td>\n<\/tr>\n<\/tbody>\n<\/table>","protected":false},"featured_media":3893,"comment_status":"open","ping_status":"closed","template":"","meta":{"_gspb_post_css":""},"product_brand":[],"product_cat":[18],"product_tag":[1299,1297,1301,1298,1300,1136],"class_list":{"0":"post-3892","1":"product","2":"type-product","3":"status-publish","4":"has-post-thumbnail","6":"product_cat-sintered-metal-filters","7":"product_tag-0-22-micron-oil-filter","8":"product_tag-doe-m30-m20-filter-cartridge","9":"product_tag-stainless-steel-oil-filtration-filter","10":"product_tag-sus-316l-metal-powder-filter","11":"product_tag-washable-sintered-filter-cartridge","12":"product_tag-water-filter-locks","14":"first","15":"instock","16":"shipping-taxable","17":"product-type-simple"},"_links":{"self":[{"href":"https:\/\/lyfilter.com\/tr\/wp-json\/wp\/v2\/product\/3892","targetHints":{"allow":["GET"]}}],"collection":[{"href":"https:\/\/lyfilter.com\/tr\/wp-json\/wp\/v2\/product"}],"about":[{"href":"https:\/\/lyfilter.com\/tr\/wp-json\/wp\/v2\/types\/product"}],"replies":[{"embeddable":true,"href":"https:\/\/lyfilter.com\/tr\/wp-json\/wp\/v2\/comments?post=3892"}],"wp:featuredmedia":[{"embeddable":true,"href":"https:\/\/lyfilter.com\/tr\/wp-json\/wp\/v2\/media\/3893"}],"wp:attachment":[{"href":"https:\/\/lyfilter.com\/tr\/wp-json\/wp\/v2\/media?parent=3892"}],"wp:term":[{"taxonomy":"product_brand","embeddable":true,"href":"https:\/\/lyfilter.com\/tr\/wp-json\/wp\/v2\/product_brand?post=3892"},{"taxonomy":"product_cat","embeddable":true,"href":"https:\/\/lyfilter.com\/tr\/wp-json\/wp\/v2\/product_cat?post=3892"},{"taxonomy":"product_tag","embeddable":true,"href":"https:\/\/lyfilter.com\/tr\/wp-json\/wp\/v2\/product_tag?post=3892"}],"curies":[{"name":"wp","href":"https:\/\/api.w.org\/{rel}","templated":true}]}}