{"id":3882,"date":"2026-04-03T06:03:47","date_gmt":"2026-04-03T06:03:47","guid":{"rendered":"https:\/\/lyfilter.com\/"},"modified":"2026-04-03T06:03:47","modified_gmt":"2026-04-03T06:03:47","slug":"lvyuan-filter-activated-carbon-block-filter-made-in-china-for-sea-water","status":"publish","type":"product","link":"https:\/\/lyfilter.com\/tr\/lvyuan-filter-activated-carbon-block-filter-made-in-china-for-sea-water\/","title":{"rendered":"Lvyuan Filtre Deniz Suyu \u0130\u00e7in \u00c7in'de \u00dcretilen Aktif Karbon Blok Filtre"},"content":{"rendered":"<p><b>\u015eirket Avantajlar\u0131<\/b><br \/>\n<b>1.<\/b>\u00a0<a href=\"https:\/\/lyfilter.com\/tr\/\">Lvyuan Filtre<\/a>\u00a0kaliteli malzemelerden yap\u0131lm\u0131\u015f ve kalifiye i\u015f\u00e7iler taraf\u0131ndan g\u00fczelce i\u015flenmi\u015ftir. End\u00fcstriyel, kimyasal proses, yiyecek ve i\u00e7ecek, kozmetik ve su gibi \u00e7e\u015fitli uygulama alanlar\u0131 bulmu\u015ftur.<br \/>\n<b>2.<\/b> Lvyuan Standartla\u015ft\u0131r\u0131lm\u0131\u015f \u00fcretim, ulusal standartlara s\u0131k\u0131 s\u0131k\u0131ya ba\u011fl\u0131 olarak ger\u00e7ekle\u015ftirilir ve fabrikadan \u00e7\u0131kan nihai aktif karbon blok filtrenin ulusal standartlar\u0131 kar\u015f\u0131layan y\u00fcksek kaliteli \u00fcr\u00fcnler olmas\u0131n\u0131 sa\u011flamak i\u00e7in \u00fcr\u00fcn \u00fcretiminin t\u00fcm \u00f6nemli ba\u011flant\u0131lar\u0131nda s\u0131k\u0131 kalite denetimi ve testi yapmak i\u00e7in eksiksiz bir kalite kontrol sistemi kurulmu\u015ftur Aksesuar \u00fcr\u00fcnleri.<br \/>\n<b>3.<\/b>\u00a0\u00dcr\u00fcn ya\u015flanma direnci avantaj\u0131na sahiptir. Termal oksidasyon ya\u015flanma problemleri, \u00e7e\u015fitli modifiye ediciler ve \u015fekillendirme proses ajanlar\u0131 kullan\u0131larak \u00e7\u00f6z\u00fclm\u00fc\u015ft\u00fcr. Hassas iyon kromatografi uygulamalar\u0131 i\u00e7in do\u011fru analiz ve sonu\u00e7lar sa\u011flayabilir.<\/p>\n<div class=\"pro_aliData\">\n<div class=\"detail-box\">\n<div class=\"scc-wrapper detail-module module-cspu\" data-module=\"cspu\"><\/div>\n<div class=\"scc-wrapper detail-module module-productPackagingAndQuickDetail\" data-spm=\"prilinga1e\">\n<div class=\"widget-detail-overview\">\n<div class=\"do-title\">Genel Bak\u0131\u015f<\/div>\n<div id=\"car-parts-model\"><\/div>\n<div class=\"do-content\">\n<div class=\"do-overview\">\n<div class=\"do-entry do-entry-separate\">\n<div class=\"do-entry-title\">H\u0131zl\u0131 Ayr\u0131nt\u0131lar<\/div>\n<div class=\"do-entry-list\">\n<dl id=\"224439040\" class=\"do-entry-item\">\n<dt class=\"do-entry-item\"><span class=\"attr-name J-attr-name\" title=\"Uygulanabilir Sekt\u00f6rler\">Uygulanabilir End\u00fcstriler:<\/span><\/dt>\n<dd class=\"do-entry-item-val\">\n<div class=\"ellipsis\" title=\"Oteller, Konfeksiyon Ma\u011fazalar\u0131, \u0130n\u015faat Malzemesi Ma\u011fazalar\u0131, \u00dcretim Tesisi, Makine Tamir At\u00f6lyeleri, Yiyecek ve \u0130\u00e7ecek Fabrikas\u0131, \u00c7iftlikler, Restoran, Ev Kullan\u0131m\u0131, Perakende, Yiyecek Ma\u011fazas\u0131, Matbaalar, \u0130n\u015faat i\u015fleri, Enerji ve Madencilik, Yiyecek ve \u0130\u00e7ecek Ma\u011fazalar\u0131, Reklam \u015eirketi\">Oteller, Konfeksiyon Ma\u011fazalar\u0131, \u0130n\u015faat Malzemesi Ma\u011fazalar\u0131, \u00dcretim Tesisi, Makine Tamir At\u00f6lyeleri, Yiyecek ve \u0130\u00e7ecek Fabrikas\u0131, \u00c7iftlikler, Restoran, Ev Kullan\u0131m\u0131, Perakende, Yiyecek Ma\u011fazas\u0131, Matbaalar, \u0130n\u015faat i\u015fleri, Enerji ve Madencilik, Yiyecek ve \u0130\u00e7ecek Ma\u011fazalar\u0131, Reklam \u015eirketi<\/div>\n<\/dd>\n<\/dl>\n<\/div>\n<\/div>\n<\/div>\n<\/div>\n<\/div>\n<\/div>\n<\/div>\n<\/div>","protected":false},"excerpt":{"rendered":"<table>\n<thead>\n<tr>\n<th>Men\u015fe Yeri<\/th>\n<th>Guangdong, \u00c7in<\/th>\n<\/tr>\n<\/thead>\n<tbody>\n<tr>\n<td>Marka Ad\u0131<\/td>\n<td>LVYUAN\/OEM<\/td>\n<\/tr>\n<tr>\n<td>Malzeme<\/td>\n<td>Sinterlenmi\u015f, Sinterlenmi\u015f aktif hindistan cevizi karbonu<\/td>\n<\/tr>\n<tr>\n<td>A\u011f\u0131rl\u0131k<\/td>\n<td>OEM<\/td>\n<\/tr>\n<tr>\n<td>Boyut<\/td>\n<td>OEM<\/td>\n<\/tr>\n<tr>\n<td>G\u00fc\u00e7<\/td>\n<td>0<\/td>\n<\/tr>\n<tr>\n<td>Garanti<\/td>\n<td>Kullan\u0131lam\u0131yor<\/td>\n<\/tr>\n<tr>\n<td>\u00dcr\u00fcn ad\u0131<\/td>\n<td>En iyi fiyat s\u0131k\u0131\u015ft\u0131r\u0131lm\u0131\u015f sinterleme 5 mikron karbon su filtre kartu\u015fu<\/td>\n<\/tr>\n<tr>\n<td>Sertifikasyon<\/td>\n<td>SGS<\/td>\n<\/tr>\n<tr>\n<td>Uzunluk<\/td>\n<td>10-1050mm<\/td>\n<\/tr>\n<tr>\n<td>OD<\/td>\n<td>14-121mm<\/td>\n<\/tr>\n<tr>\n<td>KIMLIK<\/td>\n<td>6-50mm<\/td>\n<\/tr>\n<tr>\n<td>Mikron oran\u0131<\/td>\n<td>0,5-20um<\/td>\n<\/tr>\n<tr>\n<td>\u0130yot de\u011feri<\/td>\n<td>1000'e kadar<\/td>\n<\/tr>\n<tr>\n<td>Ak\u0131\u015f h\u0131z\u0131<\/td>\n<td>\u2264300L\/saat<\/td>\n<\/tr>\n<tr>\n<td>Sa\u011flanan Sat\u0131\u015f Sonras\u0131 Hizmet<\/td>\n<td>\u00c7evrimi\u00e7i destek<\/td>\n<\/tr>\n<tr>\n<td>Sat\u0131\u015f Birimleri<\/td>\n<td>Tek \u00fcr\u00fcn<\/td>\n<\/tr>\n<tr>\n<td>Tek paket boyutu<\/td>\n<td>30X5X5 cm<\/td>\n<\/tr>\n<tr>\n<td>Tek br\u00fct a\u011f\u0131rl\u0131k<\/td>\n<td>2.000 kg<\/td>\n<\/tr>\n<tr>\n<td>Paket Tipi<\/td>\n<td>53x33x33cm, 64x33x33cm<\/td>\n<\/tr>\n<tr>\n<td>Teslim S\u00fcresi<\/td>\n<td>1 - 100 Adet: 3 g\u00fcn; 101 - 500 Adet: 5 g\u00fcn; 501 - 1000 Adet: 7 g\u00fcn; &gt;1000 Adet: M\u00fczakere edilecek<\/td>\n<\/tr>\n<\/tbody>\n<\/table>","protected":false},"featured_media":3883,"comment_status":"open","ping_status":"closed","template":"","meta":{"_gspb_post_css":""},"product_brand":[],"product_cat":[17],"product_tag":[1292,1294,1295,1291,1293,1136],"class_list":{"0":"post-3882","1":"product","2":"type-product","3":"status-publish","4":"has-post-thumbnail","6":"product_cat-sediment-filter","7":"product_tag-activated-carbon-water-filter","8":"product_tag-china-made-water-filter","9":"product_tag-desalination-filter-element","10":"product_tag-lvyuan-carbon-block-filter","11":"product_tag-sea-water-filter-cartridge","12":"product_tag-water-filter-locks","14":"first","15":"instock","16":"shipping-taxable","17":"product-type-simple"},"_links":{"self":[{"href":"https:\/\/lyfilter.com\/tr\/wp-json\/wp\/v2\/product\/3882","targetHints":{"allow":["GET"]}}],"collection":[{"href":"https:\/\/lyfilter.com\/tr\/wp-json\/wp\/v2\/product"}],"about":[{"href":"https:\/\/lyfilter.com\/tr\/wp-json\/wp\/v2\/types\/product"}],"replies":[{"embeddable":true,"href":"https:\/\/lyfilter.com\/tr\/wp-json\/wp\/v2\/comments?post=3882"}],"wp:featuredmedia":[{"embeddable":true,"href":"https:\/\/lyfilter.com\/tr\/wp-json\/wp\/v2\/media\/3883"}],"wp:attachment":[{"href":"https:\/\/lyfilter.com\/tr\/wp-json\/wp\/v2\/media?parent=3882"}],"wp:term":[{"taxonomy":"product_brand","embeddable":true,"href":"https:\/\/lyfilter.com\/tr\/wp-json\/wp\/v2\/product_brand?post=3882"},{"taxonomy":"product_cat","embeddable":true,"href":"https:\/\/lyfilter.com\/tr\/wp-json\/wp\/v2\/product_cat?post=3882"},{"taxonomy":"product_tag","embeddable":true,"href":"https:\/\/lyfilter.com\/tr\/wp-json\/wp\/v2\/product_tag?post=3882"}],"curies":[{"name":"wp","href":"https:\/\/api.w.org\/{rel}","templated":true}]}}