{"id":3872,"date":"2026-04-03T04:02:47","date_gmt":"2026-04-03T04:02:47","guid":{"rendered":"https:\/\/lyfilter.com\/"},"modified":"2026-04-03T04:02:47","modified_gmt":"2026-04-03T04:02:47","slug":"safe-ro-water-filtration-plant-wholesale-for-water-purification","status":"publish","type":"product","link":"https:\/\/lyfilter.com\/tr\/safe-ro-water-filtration-plant-wholesale-for-water-purification\/","title":{"rendered":"Su Ar\u0131tma i\u00e7in G\u00fcvenli Ro Su Filtrasyon Tesisi Toptan Sat\u0131\u015f"},"content":{"rendered":"<p><b>\u015eirket Avantajlar\u0131<\/b><br \/>\n<b>1.<\/b>\u00a0ro su filtrasyon tesisi, zengin end\u00fcstri deneyimine sahip profesyonel tasar\u0131mc\u0131lar taraf\u0131ndan tasarlanm\u0131\u015ft\u0131r. T\u00fcm elemanlar\u0131 g\u0131da ve i\u00e7ecek temas\u0131 i\u00e7in FDA uyumlu malzemeden yap\u0131lm\u0131\u015ft\u0131r.<br \/>\n<b>2.<\/b>\u00a0Lvyuan olarak fiyatlar\u0131m\u0131z\u0131 m\u00fcmk\u00fcn oldu\u011funca d\u00fc\u015f\u00fck tutmaya \u00e7al\u0131\u015f\u0131yoruz. Standart ve tam ak\u0131\u015fl\u0131 muhafazalar i\u00e7in geni\u015f bir uzunluk yelpazesi ile birlikte gelir<br \/>\n<b>3.<\/b>\u00a0\u00dcr\u00fcn etkili s\u0131zd\u0131rmazl\u0131\u011fa sahiptir. Hidrolik conta ve di\u011fer yayl\u0131 conta, hava ge\u00e7irmezli\u011fi art\u0131rmak i\u00e7in birlikte etkili bir \u015fekilde \u00e7al\u0131\u015f\u0131r. Ayr\u0131ca partik\u00fclleri, mikrobiyal organizmalar\u0131, ferrik oksidi ve di\u011fer safs\u0131zl\u0131klar\u0131 filtreleyebilir<br \/>\n<b>4.<\/b>\u00a0\u00dcr\u00fcn kal\u0131c\u0131 deformasyona kar\u015f\u0131 hassas de\u011fildir. Sa\u011flam metal yap\u0131s\u0131, y\u00fcksek hassasiyetli mekanik hareket nedeniyle deforme olmamas\u0131n\u0131 garanti eder. Filtre medyas\u0131, tutarl\u0131 ak\u0131\u015f h\u0131zlar\u0131 sa\u011flarken elyaf sal\u0131n\u0131m\u0131n\u0131 \u00f6nlemek i\u00e7in termal olarak ba\u011flanm\u0131\u015ft\u0131r<br \/>\n<b>5.<\/b>\u00a0\u00dcr\u00fcn belirli a\u015f\u0131nma ve y\u0131pranmaya dayanabilir. Mekanik etkisi y\u00fczeyden kolayca malzeme kayb\u0131na yol a\u00e7maz. \u00d6zel gereksinimlere uyacak \u015fekilde \u00f6zelle\u015ftirilmi\u015f u\u00e7 kapak konfig\u00fcrasyonlar\u0131 mevcuttur<\/p>\n<div class=\"pro_aliData\">\n<div class=\"detail-box\">\n<div class=\"scc-wrapper detail-module module-cspu\" data-module=\"cspu\"><\/div>\n<\/div>\n<\/div>","protected":false},"excerpt":{"rendered":"<table>\n<thead>\n<tr>\n<th>Tip<\/th>\n<th>Dolum Makinesi, S\u0131v\u0131 paketleme makinesi<\/th>\n<\/tr>\n<\/thead>\n<tbody>\n<tr>\n<td>Durum<\/td>\n<td>Yeni<\/td>\n<\/tr>\n<tr>\n<td>Uygulama<\/td>\n<td>\u0130\u00e7ecek, Su<\/td>\n<\/tr>\n<tr>\n<td>Ambalaj T\u00fcr\u00fc<\/td>\n<td>Torba, Kese, film po\u015feti<\/td>\n<\/tr>\n<tr>\n<td>Ambalaj Malzemesi<\/td>\n<td>plastik<\/td>\n<\/tr>\n<tr>\n<td>Otomatik S\u0131n\u0131f<\/td>\n<td>Otomatik<\/td>\n<\/tr>\n<tr>\n<td>Tahrikli Tip<\/td>\n<td>Elektrik<\/td>\n<\/tr>\n<tr>\n<td>Gerilim<\/td>\n<td>220V\/50Hz<\/td>\n<\/tr>\n<tr>\n<td>Men\u015fe Yeri<\/td>\n<td>Guangdong, \u00c7in<\/td>\n<\/tr>\n<tr>\n<td>Marka Ad\u0131<\/td>\n<td>OEM\/Lvyuan<\/td>\n<\/tr>\n<tr>\n<td>Boyut (L<em>W<\/em>H)<\/td>\n<td>ba\u011fl\u0131d\u0131r<\/td>\n<\/tr>\n<tr>\n<td>A\u011f\u0131rl\u0131k<\/td>\n<td>ba\u011fl\u0131d\u0131r<\/td>\n<\/tr>\n<tr>\n<td>Sertifikasyon<\/td>\n<td>ISO9001, CE<\/td>\n<\/tr>\n<tr>\n<td>Garanti<\/td>\n<td>1 Y\u0131l<\/td>\n<\/tr>\n<tr>\n<td>Sa\u011flanan Sat\u0131\u015f Sonras\u0131 Hizmet<\/td>\n<td>\u00c7evrimi\u00e7i destek<\/td>\n<\/tr>\n<tr>\n<td>\u00dcr\u00fcn ad\u0131<\/td>\n<td>su po\u015feti paketleme makinesi fiyat\u0131<\/td>\n<\/tr>\n<tr>\n<td>Dolum hacmi<\/td>\n<td>100 - 6000ml, \u0130ste\u011fe G\u00f6re<\/td>\n<\/tr>\n<tr>\n<td>Fonksiyon<\/td>\n<td>Doldurma S\u0131zd\u0131rmazl\u0131k \u015eekillendirme<\/td>\n<\/tr>\n<tr>\n<td>RO saf su sistemi<\/td>\n<td>se\u00e7enek i\u00e7in mevcut<\/td>\n<\/tr>\n<tr>\n<td>g\u00fc\u00e7<\/td>\n<td>360W<\/td>\n<\/tr>\n<tr>\n<td>Makine malzemesi<\/td>\n<td>Paslanmaz \u00c7elik<\/td>\n<\/tr>\n<tr>\n<td>\u00dcretim Kapasitesi<\/td>\n<td>Saat Ba\u015f\u0131na 300- 2200 Torba<\/td>\n<\/tr>\n<tr>\n<td>\u00d6zelle\u015ftirme<\/td>\n<td>Kabul et<\/td>\n<\/tr>\n<tr>\n<td>Plastik torba malzemesi<\/td>\n<td>PE film<\/td>\n<\/tr>\n<tr>\n<td>Tedarik Yetene\u011fi<\/td>\n<td>100 Adet \/ Adet her Ay po\u015fet su dolum paketleme makinesi<\/td>\n<\/tr>\n<\/tbody>\n<\/table>","protected":false},"featured_media":3874,"comment_status":"open","ping_status":"closed","template":"","meta":{"_gspb_post_css":""},"product_brand":[],"product_cat":[1284],"product_tag":[636,1288,1285,1136,1286,1287],"class_list":{"0":"post-3872","1":"product","2":"type-product","3":"status-publish","4":"has-post-thumbnail","6":"product_cat-dust-cover-ro-water-purifier","7":"product_tag-industrial-water-treatment","8":"product_tag-reverse-osmosis-filtration","9":"product_tag-ro-water-filtration-plant","10":"product_tag-water-filter-locks","11":"product_tag-water-purification-system","12":"product_tag-wholesale-water-filter-plant","14":"first","15":"instock","16":"shipping-taxable","17":"product-type-simple"},"_links":{"self":[{"href":"https:\/\/lyfilter.com\/tr\/wp-json\/wp\/v2\/product\/3872","targetHints":{"allow":["GET"]}}],"collection":[{"href":"https:\/\/lyfilter.com\/tr\/wp-json\/wp\/v2\/product"}],"about":[{"href":"https:\/\/lyfilter.com\/tr\/wp-json\/wp\/v2\/types\/product"}],"replies":[{"embeddable":true,"href":"https:\/\/lyfilter.com\/tr\/wp-json\/wp\/v2\/comments?post=3872"}],"wp:featuredmedia":[{"embeddable":true,"href":"https:\/\/lyfilter.com\/tr\/wp-json\/wp\/v2\/media\/3874"}],"wp:attachment":[{"href":"https:\/\/lyfilter.com\/tr\/wp-json\/wp\/v2\/media?parent=3872"}],"wp:term":[{"taxonomy":"product_brand","embeddable":true,"href":"https:\/\/lyfilter.com\/tr\/wp-json\/wp\/v2\/product_brand?post=3872"},{"taxonomy":"product_cat","embeddable":true,"href":"https:\/\/lyfilter.com\/tr\/wp-json\/wp\/v2\/product_cat?post=3872"},{"taxonomy":"product_tag","embeddable":true,"href":"https:\/\/lyfilter.com\/tr\/wp-json\/wp\/v2\/product_tag?post=3872"}],"curies":[{"name":"wp","href":"https:\/\/api.w.org\/{rel}","templated":true}]}}