{"id":3845,"date":"2026-04-03T03:44:29","date_gmt":"2026-04-03T03:44:29","guid":{"rendered":"https:\/\/lyfilter.com\/"},"modified":"2026-04-03T03:44:29","modified_gmt":"2026-04-03T03:44:29","slug":"lvyuan-filter-fine-quality-seawater-reverse-osmosis-plant-manufacturers-for-desalination","status":"publish","type":"product","link":"https:\/\/lyfilter.com\/tr\/lvyuan-filter-fine-quality-seawater-reverse-osmosis-plant-manufacturers-for-desalination\/","title":{"rendered":"Tuzdan Ar\u0131nd\u0131rma i\u00e7in Lvyuan Filtre \u0130nce Kalite Deniz Suyu Ters Osmoz Tesisi \u00dcreticileri"},"content":{"rendered":"<p>Deniz suyunun tuzdan ar\u0131nd\u0131r\u0131lmas\u0131 i\u00e7in tasarlanan bu Lvyuan ters osmoz tesisi, \u00e7\u0131kt\u0131y\u0131 desteklerken tuz ve safs\u0131zl\u0131klar\u0131 azaltmaya yard\u0131mc\u0131 olur. G\u00fcvenilir filtreleme, verimlilik ve uzun hizmet kullan\u0131m\u0131na ihtiya\u00e7 duyan operasyonlar i\u00e7in pratik bir se\u00e7imdir.<\/p>","protected":false},"excerpt":{"rendered":"<table>\n<thead>\n<tr>\n<th>Men\u015fe Yeri<\/th>\n<th>Guangdong, \u00c7in<\/th>\n<\/tr>\n<\/thead>\n<tbody>\n<tr>\n<td>Marka Ad\u0131<\/td>\n<td>Lvyuan \/ Kang Yang KYsearo<\/td>\n<\/tr>\n<tr>\n<td>Malzeme<\/td>\n<td>ba\u011fl\u0131d\u0131r<\/td>\n<\/tr>\n<tr>\n<td>A\u011f\u0131rl\u0131k<\/td>\n<td>ba\u011fl\u0131d\u0131r<\/td>\n<\/tr>\n<tr>\n<td>Boyut<\/td>\n<td>ba\u011fl\u0131d\u0131r<\/td>\n<\/tr>\n<tr>\n<td>G\u00fc\u00e7<\/td>\n<td>ba\u011fl\u0131d\u0131r<\/td>\n<\/tr>\n<tr>\n<td>Garanti<\/td>\n<td>1 Y\u0131l<\/td>\n<\/tr>\n<tr>\n<td>Sa\u011flanan Sat\u0131\u015f Sonras\u0131 Hizmet<\/td>\n<td>\u00c7evrimi\u00e7i destek<\/td>\n<\/tr>\n<tr>\n<td>\u0130sim<\/td>\n<td>k\u00fc\u00e7\u00fck tuzdan ar\u0131nd\u0131rma tesisi<\/td>\n<\/tr>\n<tr>\n<td>Gerilim<\/td>\n<td>220V\/50Hz<\/td>\n<\/tr>\n<tr>\n<td>Kapasite<\/td>\n<td>G\u00fcnde 1000, 2000, 3000 Litre<\/td>\n<\/tr>\n<tr>\n<td>RO Membran markas\u0131<\/td>\n<td>DOW<\/td>\n<\/tr>\n<tr>\n<td>HP pompa<\/td>\n<td>\u0130talya AR, CNP, Danfoss<\/td>\n<\/tr>\n<tr>\n<td>Besleme suyu TDS<\/td>\n<td>&lt;45000ppm<\/td>\n<\/tr>\n<tr>\n<td>Tatl\u0131 su TDS<\/td>\n<td>&lt;600 ppm<\/td>\n<\/tr>\n<tr>\n<td>\u00c7er\u00e7eve<\/td>\n<td>Paslanmaz \u00e7elik<\/td>\n<\/tr>\n<tr>\n<td>Mobil tekerlek<\/td>\n<td>Evet.<\/td>\n<\/tr>\n<tr>\n<td>Uygulama<\/td>\n<td>deniz suyu tuzdan ar\u0131nd\u0131rma<\/td>\n<\/tr>\n<tr>\n<td>Sat\u0131\u015f Birimleri<\/td>\n<td>Tek \u00fcr\u00fcn<\/td>\n<\/tr>\n<tr>\n<td>Tek paket boyutu<\/td>\n<td>75X65X75 cm<\/td>\n<\/tr>\n<tr>\n<td>Tek br\u00fct a\u011f\u0131rl\u0131k<\/td>\n<td>82.000 kg<\/td>\n<\/tr>\n<tr>\n<td>Paket Tipi<\/td>\n<td>G\u00fcnde 1000 litre ro deniz suyu tuzdan ar\u0131nd\u0131rma tesisi. ihracat ah\u015fap kutu<\/td>\n<\/tr>\n<tr>\n<td>Resim \u00d6rne\u011fi<\/td>\n<td>paket-img<\/td>\n<\/tr>\n<tr>\n<td>Teslim S\u00fcresi<\/td>\n<td>1 - 20 Set: 25 g\u00fcn; &gt;20 Set: M\u00fczakere edilecek<\/td>\n<\/tr>\n<\/tbody>\n<\/table>","protected":false},"featured_media":3846,"comment_status":"open","ping_status":"closed","template":"","meta":{"_gspb_post_css":""},"product_brand":[],"product_cat":[1202],"product_tag":[1271,1268,1270,1269,1272,1136],"class_list":{"0":"post-3845","1":"product","2":"type-product","3":"status-publish","4":"has-post-thumbnail","6":"product_cat-filter-cartridge","7":"product_tag-industrial-desalination-plant","8":"product_tag-lvyuan-reverse-osmosis-plant","9":"product_tag-reverse-osmosis-water-treatment","10":"product_tag-seawater-desalination-system","11":"product_tag-seawater-filtration-equipment","12":"product_tag-water-filter-locks","14":"first","15":"instock","16":"shipping-taxable","17":"product-type-simple"},"_links":{"self":[{"href":"https:\/\/lyfilter.com\/tr\/wp-json\/wp\/v2\/product\/3845","targetHints":{"allow":["GET"]}}],"collection":[{"href":"https:\/\/lyfilter.com\/tr\/wp-json\/wp\/v2\/product"}],"about":[{"href":"https:\/\/lyfilter.com\/tr\/wp-json\/wp\/v2\/types\/product"}],"replies":[{"embeddable":true,"href":"https:\/\/lyfilter.com\/tr\/wp-json\/wp\/v2\/comments?post=3845"}],"wp:featuredmedia":[{"embeddable":true,"href":"https:\/\/lyfilter.com\/tr\/wp-json\/wp\/v2\/media\/3846"}],"wp:attachment":[{"href":"https:\/\/lyfilter.com\/tr\/wp-json\/wp\/v2\/media?parent=3845"}],"wp:term":[{"taxonomy":"product_brand","embeddable":true,"href":"https:\/\/lyfilter.com\/tr\/wp-json\/wp\/v2\/product_brand?post=3845"},{"taxonomy":"product_cat","embeddable":true,"href":"https:\/\/lyfilter.com\/tr\/wp-json\/wp\/v2\/product_cat?post=3845"},{"taxonomy":"product_tag","embeddable":true,"href":"https:\/\/lyfilter.com\/tr\/wp-json\/wp\/v2\/product_tag?post=3845"}],"curies":[{"name":"wp","href":"https:\/\/api.w.org\/{rel}","templated":true}]}}