{"id":3837,"date":"2026-04-03T03:41:17","date_gmt":"2026-04-03T03:41:17","guid":{"rendered":"https:\/\/lyfilter.com\/"},"modified":"2026-04-03T03:41:17","modified_gmt":"2026-04-03T03:41:17","slug":"industrial-water-ss304-316l-stainless-steel-liquid-security-filter-housing-with-10-20-30-40-inch-replacement-filter-cartridge","status":"publish","type":"product","link":"https:\/\/lyfilter.com\/tr\/industrial-water-ss304-316l-stainless-steel-liquid-security-filter-housing-with-10-20-30-40-inch-replacement-filter-cartridge\/","title":{"rendered":"End\u00fcstriyel Su Ss304 316L Paslanmaz \u00c7elik S\u0131v\u0131 G\u00fcvenlik Filtresi Muhafazas\u0131, 10\/20\/30\/40 \u0130n\u00e7 Yedek Filtre Kartu\u015fu ile"},"content":{"rendered":"<p>S\u0131v\u0131 filtrasyonu i\u00e7in \u00fcretilen bu SS304 ve 316L paslanmaz \u00e7elik muhafaza, 10, 20, 30 ve 40 in\u00e7lik yedek kartu\u015flar\u0131 destekler. End\u00fcstriyel sistemlerde sabit ak\u0131\u015f, dayan\u0131kl\u0131 performans ve daha temiz i\u015fleme sa\u011flamaya yard\u0131mc\u0131 olur.<\/p>","protected":false},"excerpt":{"rendered":"<table>\n<thead>\n<tr>\n<th>Durum<\/th>\n<th>Yeni<\/th>\n<\/tr>\n<\/thead>\n<tbody>\n<tr>\n<td>Uygulanabilir Sekt\u00f6rler<\/td>\n<td>Oteller, Konfeksiyon Ma\u011fazalar\u0131, \u0130n\u015faat Malzemesi Ma\u011fazalar\u0131, \u00dcretim Tesisi, Makine Tamir At\u00f6lyeleri, Yiyecek ve \u0130\u00e7ecek Fabrikas\u0131, \u00c7iftlikler, Restoran, Ev Kullan\u0131m\u0131, Perakende, Yiyecek Ma\u011fazas\u0131, Matbaalar, \u0130n\u015faat i\u015fleri, Enerji ve Madencilik, Yiyecek ve \u0130\u00e7ecek Ma\u011fazalar\u0131, Reklam \u015eirketi<\/td>\n<\/tr>\n<tr>\n<td>Men\u015fe Yeri<\/td>\n<td>Guangdong, \u00c7in<\/td>\n<\/tr>\n<tr>\n<td>Marka Ad\u0131<\/td>\n<td>\u00d6zelle\u015ftirilmi\u015f<\/td>\n<\/tr>\n<tr>\n<td>Malzeme<\/td>\n<td>\u00d6zelle\u015ftirilmi\u015f, SS304 \/ SS316L<\/td>\n<\/tr>\n<tr>\n<td>A\u011f\u0131rl\u0131k<\/td>\n<td>\u00d6zelle\u015ftirilmi\u015f<\/td>\n<\/tr>\n<tr>\n<td>Boyut<\/td>\n<td>\u00d6zelle\u015ftirilmi\u015f<\/td>\n<\/tr>\n<tr>\n<td>G\u00fc\u00e7<\/td>\n<td>0<\/td>\n<\/tr>\n<tr>\n<td>Garanti<\/td>\n<td>1 Y\u0131l<\/td>\n<\/tr>\n<tr>\n<td>Sa\u011flanan Sat\u0131\u015f Sonras\u0131 Hizmet<\/td>\n<td>\u00c7evrimi\u00e7i destek<\/td>\n<\/tr>\n<tr>\n<td>\u00dcr\u00fcn Ad\u0131<\/td>\n<td>End\u00fcstriyel su paslanmaz \u00e7elik s\u0131v\u0131 g\u00fcvenlik filtre muhafazas\u0131<\/td>\n<\/tr>\n<tr>\n<td>Filtre kartu\u015fu uzunlu\u011fu<\/td>\n<td>10\u2033 20\u2033 30\u2033 40\u2033<\/td>\n<\/tr>\n<tr>\n<td>Kartu\u015f filtre miktar\u0131<\/td>\n<td>Tek \u00e7ekirdek<\/td>\n<\/tr>\n<tr>\n<td>Y\u00fczey i\u015fleme<\/td>\n<td>Cilal\u0131 &amp; Kumlama<\/td>\n<\/tr>\n<tr>\n<td>Conta o-ringi<\/td>\n<td>Silastik\/NBR\/EPDM\/Viton<\/td>\n<\/tr>\n<tr>\n<td>\u00dcst kapak tak\u0131l\u0131 tip<\/td>\n<td>Kelep\u00e7e tipi<\/td>\n<\/tr>\n<tr>\n<td>Giri\u015f ve \u00c7\u0131k\u0131\u015f tipi<\/td>\n<td>\u0130\u00e7 di\u015fli<\/td>\n<\/tr>\n<tr>\n<td>Konekt\u00f6r tipi<\/td>\n<td>222\/226\/DOE<\/td>\n<\/tr>\n<tr>\n<td>Paketleme y\u00f6ntemi<\/td>\n<td>\u0130hracat standart kutusu<\/td>\n<\/tr>\n<tr>\n<td>Sat\u0131\u015f Birimleri<\/td>\n<td>Tek \u00fcr\u00fcn<\/td>\n<\/tr>\n<tr>\n<td>Tek paket boyutu<\/td>\n<td>35X18X25 cm<\/td>\n<\/tr>\n<tr>\n<td>Tek br\u00fct a\u011f\u0131rl\u0131k<\/td>\n<td>3.000 kg<\/td>\n<\/tr>\n<tr>\n<td>Paket Tipi<\/td>\n<td>End\u00fcstriyel su SS304 316L paslanmaz \u00e7elik s\u0131v\u0131 g\u00fcvenlik filtre muhafazas\u0131, 10\/20\/30\/40 in\u00e7 yedek filtre kartu\u015fu ile: Paketleme: \u0130hracat standart kutu \/ Gerekti\u011fi gibi<\/td>\n<\/tr>\n<tr>\n<td>Teslim S\u00fcresi<\/td>\n<td>1 - 10 Adet: 5 g\u00fcn; 11 - 100 Adet: 10 g\u00fcn; &gt;100 Adet: M\u00fczakere edilecek<\/td>\n<\/tr>\n<\/tbody>\n<\/table>","protected":false},"featured_media":3840,"comment_status":"open","ping_status":"closed","template":"","meta":{"_gspb_post_css":""},"product_brand":[],"product_cat":[15],"product_tag":[1266,1264,1267,1215,1265,1136],"class_list":{"0":"post-3837","1":"product","2":"type-product","3":"status-publish","4":"has-post-thumbnail","6":"product_cat-stainless-steel-filter-housing","7":"product_tag-316l-stainless-steel-filter","8":"product_tag-industrial-water-filter-housing","9":"product_tag-liquid-security-filter-housing","10":"product_tag-replacement-filter-cartridge","11":"product_tag-ss304-filter-housing","12":"product_tag-water-filter-locks","14":"first","15":"instock","16":"shipping-taxable","17":"product-type-simple"},"_links":{"self":[{"href":"https:\/\/lyfilter.com\/tr\/wp-json\/wp\/v2\/product\/3837","targetHints":{"allow":["GET"]}}],"collection":[{"href":"https:\/\/lyfilter.com\/tr\/wp-json\/wp\/v2\/product"}],"about":[{"href":"https:\/\/lyfilter.com\/tr\/wp-json\/wp\/v2\/types\/product"}],"replies":[{"embeddable":true,"href":"https:\/\/lyfilter.com\/tr\/wp-json\/wp\/v2\/comments?post=3837"}],"wp:featuredmedia":[{"embeddable":true,"href":"https:\/\/lyfilter.com\/tr\/wp-json\/wp\/v2\/media\/3840"}],"wp:attachment":[{"href":"https:\/\/lyfilter.com\/tr\/wp-json\/wp\/v2\/media?parent=3837"}],"wp:term":[{"taxonomy":"product_brand","embeddable":true,"href":"https:\/\/lyfilter.com\/tr\/wp-json\/wp\/v2\/product_brand?post=3837"},{"taxonomy":"product_cat","embeddable":true,"href":"https:\/\/lyfilter.com\/tr\/wp-json\/wp\/v2\/product_cat?post=3837"},{"taxonomy":"product_tag","embeddable":true,"href":"https:\/\/lyfilter.com\/tr\/wp-json\/wp\/v2\/product_tag?post=3837"}],"curies":[{"name":"wp","href":"https:\/\/api.w.org\/{rel}","templated":true}]}}