{"id":3822,"date":"2026-04-03T03:32:07","date_gmt":"2026-04-03T03:32:07","guid":{"rendered":"https:\/\/lyfilter.com\/"},"modified":"2026-04-03T03:32:07","modified_gmt":"2026-04-03T03:32:07","slug":"lvyuan-carbon-block-filter-cartridge-factory-for-desalination","status":"publish","type":"product","link":"https:\/\/lyfilter.com\/tr\/lvyuan-carbon-block-filter-cartridge-factory-for-desalination\/","title":{"rendered":"Tuzdan Ar\u0131nd\u0131rma i\u00e7in Lvyuan Karbon Blok Filtre Kartu\u015fu Fabrikas\u0131"},"content":{"rendered":"<p><b>\u015eirket Avantajlar\u0131<\/b><br \/>\n<b>1.<\/b>\u00a0Profesyonel teknik ekip taraf\u0131ndan desteklenen karbon blok filtre kartu\u015fumuz, eskisinden \u00e7ok daha fazla itibar g\u00f6rmektedir. Geni\u015f kimyasal uyumlulu\u011fu nedeniyle sulu ve organik \u00e7\u00f6z\u00fcc\u00fc numuneleri ile kullan\u0131ma uygundur.<br \/>\n<b>2.<\/b>\u00a0Metallere kar\u015f\u0131 hassas olan ki\u015filer, tahri\u015f edici olmad\u0131\u011f\u0131 i\u00e7in bu \u00fcr\u00fcnle hi\u00e7bir sorun ya\u015famayacaklar\u0131n\u0131 g\u00f6receklerdir. Filtrasyon hassasiyetini etkili bir \u015fekilde kontrol edebilir<br \/>\n<b>3.<\/b>\u00a0S\u0131k\u0131 bir kalite y\u00f6netim sisteminin uygulanmas\u0131 sonucunda \u00fcr\u00fcn kalitesi iyile\u015ftirilmi\u015ftir. D\u0131\u015f katmanlarda daha b\u00fcy\u00fck partik\u00fclleri yakalar ve derin katmanda daha k\u00fc\u00e7\u00fck partik\u00fclleri yakalar<br \/>\n<b>4.<\/b>\u00a0Bu \u00fcr\u00fcn m\u00fc\u015fterinin ilk tercih etti\u011fi \u00fcr\u00fcnd\u00fcr, hizmet \u00f6mr\u00fc uzundur, pratikli\u011fi g\u00fc\u00e7l\u00fcd\u00fcr. Termal kaynakl\u0131 oldu\u011fundan, kapaklar\u0131 \u00e7atlamaya veya d\u00fc\u015fmeye e\u011filimli de\u011fildir<br \/>\n<b>5.<\/b>\u00a0\u00dcr\u00fcn\u00fcn sekt\u00f6rde uzun vadeli istikrarl\u0131 performans\u0131 b\u00fcy\u00fck bir avantaja sahiptir. Filtre ortam\u0131, uygulamadaki farkl\u0131 su kalitesine g\u00f6re \u00f6zelle\u015ftirilebilir<\/p>","protected":false},"excerpt":{"rendered":"<table>\n<thead>\n<tr>\n<th>Uygulanabilir Sekt\u00f6rler<\/th>\n<th>\u00dcretim Tesisi, Yiyecek ve \u0130\u00e7ecek Fabrikas\u0131, su ar\u0131tma<\/th>\n<\/tr>\n<\/thead>\n<tbody>\n<tr>\n<td>Garanti Sonras\u0131 Hizmet<\/td>\n<td>\u00c7evrimi\u00e7i destek<\/td>\n<\/tr>\n<tr>\n<td>Yerel Hizmet Konumu<\/td>\n<td>Hi\u00e7biri<\/td>\n<\/tr>\n<tr>\n<td>Showroom Konumu<\/td>\n<td>Hi\u00e7biri<\/td>\n<\/tr>\n<tr>\n<td>Men\u015fe Yeri<\/td>\n<td>Guangdong, \u00c7in<\/td>\n<\/tr>\n<tr>\n<td>Marka Ad\u0131<\/td>\n<td>Lvyuan veya OEM \/ ODM<\/td>\n<\/tr>\n<tr>\n<td>Malzeme<\/td>\n<td>hindistan cevizi karbonu, hindistan cevizi karbonu, k\u00f6m\u00fcr karbonu<\/td>\n<\/tr>\n<tr>\n<td>A\u011f\u0131rl\u0131k<\/td>\n<td>\u00f6zelle\u015ftirilmi\u015f<\/td>\n<\/tr>\n<tr>\n<td>Boyut<\/td>\n<td>\u00f6zelle\u015ftirilmi\u015f, \u00f6zelle\u015ftirilmi\u015f<\/td>\n<\/tr>\n<tr>\n<td>G\u00fc\u00e7<\/td>\n<td>0<\/td>\n<\/tr>\n<tr>\n<td>Garanti<\/td>\n<td>Kullan\u0131lam\u0131yor<\/td>\n<\/tr>\n<tr>\n<td>Anahtar Kelimeler<\/td>\n<td>karbon \u00f6n fi\u0307ltre<\/td>\n<\/tr>\n<tr>\n<td>Sa\u011flanan Sat\u0131\u015f Sonras\u0131 Hizmet<\/td>\n<td>\u00c7evrimi\u00e7i destek<\/td>\n<\/tr>\n<tr>\n<td>\u00d6zellik<\/td>\n<td>koku, tortu, koku vb. giderir<\/td>\n<\/tr>\n<tr>\n<td>Uygulama<\/td>\n<td>\u00d6n filtreleme<\/td>\n<\/tr>\n<tr>\n<td>Renk<\/td>\n<td>Siyah\/gri<\/td>\n<\/tr>\n<tr>\n<td>Tip<\/td>\n<td>Su Filtresi Par\u00e7alar\u0131<\/td>\n<\/tr>\n<tr>\n<td>\u00c7ap<\/td>\n<td>\u00f6zelle\u015ftirilmi\u015f<\/td>\n<\/tr>\n<tr>\n<td>mikron oran\u0131<\/td>\n<td>5\/10\/25 mikron<\/td>\n<\/tr>\n<tr>\n<td>Tedarik Yetene\u011fi<\/td>\n<td>500 Adet\/Hafta ba\u015f\u0131na<\/td>\n<\/tr>\n<\/tbody>\n<\/table>","protected":false},"featured_media":3826,"comment_status":"open","ping_status":"closed","template":"","meta":{"_gspb_post_css":""},"product_brand":[],"product_cat":[1202],"product_tag":[1259,1244,1260,1258,1136,1182],"class_list":{"0":"post-3822","1":"product","2":"type-product","3":"status-publish","4":"has-post-thumbnail","6":"product_cat-filter-cartridge","7":"product_tag-carbon-block-water-filter","8":"product_tag-desalination-filter-cartridge","9":"product_tag-factory-direct-filter-cartridge","10":"product_tag-lvyuan-carbon-block-filter-cartridge","11":"product_tag-water-filter-locks","12":"product_tag-water-purification-filter","14":"first","15":"instock","16":"shipping-taxable","17":"product-type-simple"},"_links":{"self":[{"href":"https:\/\/lyfilter.com\/tr\/wp-json\/wp\/v2\/product\/3822","targetHints":{"allow":["GET"]}}],"collection":[{"href":"https:\/\/lyfilter.com\/tr\/wp-json\/wp\/v2\/product"}],"about":[{"href":"https:\/\/lyfilter.com\/tr\/wp-json\/wp\/v2\/types\/product"}],"replies":[{"embeddable":true,"href":"https:\/\/lyfilter.com\/tr\/wp-json\/wp\/v2\/comments?post=3822"}],"wp:featuredmedia":[{"embeddable":true,"href":"https:\/\/lyfilter.com\/tr\/wp-json\/wp\/v2\/media\/3826"}],"wp:attachment":[{"href":"https:\/\/lyfilter.com\/tr\/wp-json\/wp\/v2\/media?parent=3822"}],"wp:term":[{"taxonomy":"product_brand","embeddable":true,"href":"https:\/\/lyfilter.com\/tr\/wp-json\/wp\/v2\/product_brand?post=3822"},{"taxonomy":"product_cat","embeddable":true,"href":"https:\/\/lyfilter.com\/tr\/wp-json\/wp\/v2\/product_cat?post=3822"},{"taxonomy":"product_tag","embeddable":true,"href":"https:\/\/lyfilter.com\/tr\/wp-json\/wp\/v2\/product_tag?post=3822"}],"curies":[{"name":"wp","href":"https:\/\/api.w.org\/{rel}","templated":true}]}}