{"id":3820,"date":"2026-04-03T03:26:35","date_gmt":"2026-04-03T03:26:35","guid":{"rendered":"https:\/\/lyfilter.com\/"},"modified":"2026-04-03T03:26:35","modified_gmt":"2026-04-03T03:26:35","slug":"ss-cartridge-filter-housing-for-industry-oem-lvyuan-factory-direct-supply","status":"publish","type":"product","link":"https:\/\/lyfilter.com\/tr\/ss-cartridge-filter-housing-for-industry-oem-lvyuan-factory-direct-supply\/","title":{"rendered":"Sanayi Oem \/ Lvyuan Fabrikas\u0131 Do\u011frudan Tedarik i\u00e7in SS Kartu\u015f Filtre Muhafazas\u0131"},"content":{"rendered":"<p><b>Ss kartu\u015f filtre muhafazas\u0131n\u0131n \u00fcr\u00fcn detaylar\u0131<\/b><\/p>\n<p>&nbsp;<\/p>\n<p><b>\u00dcr\u00fcn \u00d6zellikleri<\/b><\/p>\n<p>Kullan\u0131labilirlik: OEM<\/p>\n<p>&nbsp;<\/p>\n<p><b>\u00dcr\u00fcne Genel Bak\u0131\u015f<\/b><\/p>\n<p>Lvyuan Su Ar\u0131tma Ekipmanlar\u0131n\u0131n makineleri, a\u015fa\u011f\u0131daki avantajlar nedeniyle \u00e7o\u011fu m\u00fc\u015fteri taraf\u0131ndan derinden tercih edilmektedir: makul ve yeni tasar\u0131m, kompakt yap\u0131, istikrarl\u0131 performans ve kolay kullan\u0131m ve kurulum. \u00dcretimi\u00a0<a href=\"https:\/\/lyfilter.com\/tr\/\">Lvyuan Filtre<\/a>\u00a0ss kartu\u015f filtre muhafazas\u0131 son derece standartla\u015ft\u0131r\u0131lm\u0131\u015f ve verimlidir. \u00dcr\u00fcn\u00fcn en y\u00fcksek kalitede oldu\u011fu tekrar tekrar test edilmektedir. Bu \u00fcr\u00fcn\u00fcn fiili ihracat hacmi plan\u0131 a\u015fm\u0131\u015ft\u0131r.<\/p>\n<p>&nbsp;<\/p>\n<p><b>\u00dcr\u00fcn Bilgileri<\/b><\/p>\n<p>\u0130yile\u015ftirmeden sonra, Lvyuan Su Ar\u0131tma Ekipman\u0131 taraf\u0131ndan \u00fcretilen ss kartu\u015f filtre muhafazas\u0131 a\u015fa\u011f\u0131daki y\u00f6nlerden daha parlakt\u0131r.<\/p>\n<p><strong>Paslanmaz \u00c7elik Kendi kendini temizleyen kartu\u015f filtre muhafazas\u0131<\/strong><\/p>\n<p>Otomatik temizleme filtresi, sudaki kat\u0131 kirleri ve partik\u00fcl maddeleri yakalamak i\u00e7in filtre s\u00fczgecini kullanan, b\u00f6ylece suyun bulan\u0131kl\u0131\u011f\u0131n\u0131 azaltan ve su kalitesini art\u0131ran \u00f6zel bir filtre ekipman\u0131d\u0131r. Su, su giri\u015finden filtreye girer ve makinedeki filtre s\u00fczgeci sudaki yabanc\u0131 maddeleri yakalar. Filtre s\u00fczgecindeki kir belirli bir seviyeye ula\u015ft\u0131\u011f\u0131nda, sistem otomatik olarak kanalizasyon vanas\u0131n\u0131 ve g\u00f6vdedeki kanalizasyon bo\u015faltma mekanizmas\u0131n\u0131 a\u00e7arak filtre s\u00fczgecindeki kirleri temizler ve g\u00f6vdeden uzakla\u015ft\u0131r\u0131r. Ve tahliye s\u00fcresi boyunca kanalizasyon s\u00fcrekli olarak akar.<\/p>","protected":false},"excerpt":{"rendered":"<table>\n<thead>\n<tr>\n<th>\u00dcretim Kapasitesi<\/th>\n<th>10000 adet\/Ay<\/th>\n<\/tr>\n<\/thead>\n<tbody>\n<tr>\n<td>\u00d6deme<\/td>\n<td>T \/ T, Alibaba Ticaret G\u00fcvencesi, paypal<\/td>\n<\/tr>\n<tr>\n<td>Sertifikasyon<\/td>\n<td>ISO 9001<\/td>\n<\/tr>\n<tr>\n<td>Marka<\/td>\n<td>OEM\/Lvyuan<\/td>\n<\/tr>\n<\/tbody>\n<\/table>","protected":false},"featured_media":3821,"comment_status":"open","ping_status":"closed","template":"","meta":{"_gspb_post_css":""},"product_brand":[],"product_cat":[1135],"product_tag":[1084,1186,1256,1255,1257,1136],"class_list":{"0":"post-3820","1":"product","2":"type-product","3":"status-publish","4":"has-post-thumbnail","6":"product_cat-stainless-steel-bag-filter-housing","7":"product_tag-industrial-filter-housing","8":"product_tag-lvyuan-filter-housing","9":"product_tag-oem-filter-supply","10":"product_tag-ss-cartridge-filter-housing","11":"product_tag-stainless-steel-cartridge-filter","12":"product_tag-water-filter-locks","14":"first","15":"instock","16":"shipping-taxable","17":"product-type-simple"},"_links":{"self":[{"href":"https:\/\/lyfilter.com\/tr\/wp-json\/wp\/v2\/product\/3820","targetHints":{"allow":["GET"]}}],"collection":[{"href":"https:\/\/lyfilter.com\/tr\/wp-json\/wp\/v2\/product"}],"about":[{"href":"https:\/\/lyfilter.com\/tr\/wp-json\/wp\/v2\/types\/product"}],"replies":[{"embeddable":true,"href":"https:\/\/lyfilter.com\/tr\/wp-json\/wp\/v2\/comments?post=3820"}],"wp:featuredmedia":[{"embeddable":true,"href":"https:\/\/lyfilter.com\/tr\/wp-json\/wp\/v2\/media\/3821"}],"wp:attachment":[{"href":"https:\/\/lyfilter.com\/tr\/wp-json\/wp\/v2\/media?parent=3820"}],"wp:term":[{"taxonomy":"product_brand","embeddable":true,"href":"https:\/\/lyfilter.com\/tr\/wp-json\/wp\/v2\/product_brand?post=3820"},{"taxonomy":"product_cat","embeddable":true,"href":"https:\/\/lyfilter.com\/tr\/wp-json\/wp\/v2\/product_cat?post=3820"},{"taxonomy":"product_tag","embeddable":true,"href":"https:\/\/lyfilter.com\/tr\/wp-json\/wp\/v2\/product_tag?post=3820"}],"curies":[{"name":"wp","href":"https:\/\/api.w.org\/{rel}","templated":true}]}}