{"id":3813,"date":"2026-04-03T03:23:25","date_gmt":"2026-04-03T03:23:25","guid":{"rendered":"https:\/\/lyfilter.com\/"},"modified":"2026-04-03T03:23:50","modified_gmt":"2026-04-03T03:23:50","slug":"reusable-and-washable-filter-bag-stainless-steel-304-ss316-bag-filters-housing-to-filter-tea-and-milk","status":"publish","type":"product","link":"https:\/\/lyfilter.com\/tr\/reusable-and-washable-filter-bag-stainless-steel-304-ss316-bag-filters-housing-to-filter-tea-and-milk\/","title":{"rendered":"Yeniden Kullan\u0131labilir ve Y\u0131kanabilir Filtre Torbas\u0131 Paslanmaz \u00c7elik 304 SS316 Torba Filtreler \u00c7ay ve S\u00fct\u00fc Filtrelemek \u0130\u00e7in Muhafaza"},"content":{"rendered":"<p>G\u00fcnl\u00fck filtreleme i\u00e7in tasarlanan bu yeniden kullan\u0131labilir paslanmaz \u00e7elik torba filtre muhafazas\u0131, \u00e7ay ve s\u00fct\u00fc p\u00fcr\u00fczs\u00fcz ak\u0131\u015f ve kolay temizleme ile s\u00fczer. 304 ve SS316 tasar\u0131m\u0131 dayan\u0131kl\u0131l\u0131\u011f\u0131, hijyeni ve zorlu ortamlarda tekrarlanan kullan\u0131m\u0131 destekler.<\/p>","protected":false},"excerpt":{"rendered":"<table>\n<thead>\n<tr>\n<th>Uygulanabilir Sekt\u00f6rler<\/th>\n<th>\u00dcretim Tesisi, Yiyecek ve \u0130\u00e7ecek Fabrikas\u0131, su ar\u0131tma<\/th>\n<\/tr>\n<\/thead>\n<tbody>\n<tr>\n<td>Men\u015fe Yeri<\/td>\n<td>Guangdong, \u00c7in<\/td>\n<\/tr>\n<tr>\n<td>Marka Ad\u0131<\/td>\n<td>Lvyuan, OEM, ODM<\/td>\n<\/tr>\n<tr>\n<td>Malzeme<\/td>\n<td>staniless \u00e7elik 304\/ss304<\/td>\n<\/tr>\n<tr>\n<td>A\u011f\u0131rl\u0131k<\/td>\n<td>25kg<\/td>\n<\/tr>\n<tr>\n<td>Boyut<\/td>\n<td>370<em>370<\/em>900mm<\/td>\n<\/tr>\n<tr>\n<td>G\u00fc\u00e7<\/td>\n<td>0<\/td>\n<\/tr>\n<tr>\n<td>Garanti<\/td>\n<td>1 Y\u0131l<\/td>\n<\/tr>\n<tr>\n<td>Sa\u011flanan Sat\u0131\u015f Sonras\u0131 Hizmet<\/td>\n<td>\u00c7evrimi\u00e7i destek<\/td>\n<\/tr>\n<tr>\n<td>Sertifikasyon<\/td>\n<td>ISO9001<\/td>\n<\/tr>\n<tr>\n<td>Model<\/td>\n<td>BFH-1<\/td>\n<\/tr>\n<tr>\n<td>malzeme<\/td>\n<td>sus304<\/td>\n<\/tr>\n<tr>\n<td>filtre torbas\u0131 boyutu<\/td>\n<td>180*450mm<\/td>\n<\/tr>\n<tr>\n<td>d\u0131\u015f\/i\u00e7<\/td>\n<td>Cilal\u0131<\/td>\n<\/tr>\n<tr>\n<td>\u00c7al\u0131\u015fma bas\u0131nc\u0131<\/td>\n<td>100Psi<\/td>\n<\/tr>\n<tr>\n<td>kapatma<\/td>\n<td>Flan\u015f<\/td>\n<\/tr>\n<tr>\n<td>s\u0131zd\u0131rmazl\u0131k<\/td>\n<td>EPDM O-ring<\/td>\n<\/tr>\n<tr>\n<td>giri\u015f\/\u00e7\u0131k\u0131\u015f<\/td>\n<td>Flan\u015f<\/td>\n<\/tr>\n<tr>\n<td>Tasar\u0131m s\u0131cakl\u0131\u011f\u0131<\/td>\n<td>100\u2103<\/td>\n<\/tr>\n<tr>\n<td>Sat\u0131\u015f Birimleri<\/td>\n<td>Tek \u00fcr\u00fcn<\/td>\n<\/tr>\n<tr>\n<td>Tek paket boyutu<\/td>\n<td>45X45X120 cm<\/td>\n<\/tr>\n<tr>\n<td>Tek br\u00fct a\u011f\u0131rl\u0131k<\/td>\n<td>30.000 kg<\/td>\n<\/tr>\n<tr>\n<td>Paket Tipi<\/td>\n<td>Ka\u011f\u0131t kutu ve 10 adete kadar ise tahta sand\u0131k olacakt\u0131r.<\/td>\n<\/tr>\n<tr>\n<td>Teslim S\u00fcresi<\/td>\n<td>1 - 10 Adet: 15 g\u00fcn; 11 - 50 Adet: 25 g\u00fcn; 51 - 100 Adet: 35 g\u00fcn; &gt;100 Adet: M\u00fczakere edilecek<\/td>\n<\/tr>\n<\/tbody>\n<\/table>","protected":false},"featured_media":3815,"comment_status":"open","ping_status":"closed","template":"","meta":{"_gspb_post_css":""},"product_brand":[],"product_cat":[1135],"product_tag":[1251,1253,1254,1250,1252,1136],"class_list":{"0":"post-3813","1":"product","2":"type-product","3":"status-publish","4":"has-post-thumbnail","6":"product_cat-stainless-steel-bag-filter-housing","7":"product_tag-304-ss316-filter-housing","8":"product_tag-milk-filter-bag-housing","9":"product_tag-reusable-washable-filter","10":"product_tag-stainless-steel-filter-bag","11":"product_tag-tea-filter-housing","12":"product_tag-water-filter-locks","14":"first","15":"instock","16":"shipping-taxable","17":"product-type-simple"},"_links":{"self":[{"href":"https:\/\/lyfilter.com\/tr\/wp-json\/wp\/v2\/product\/3813","targetHints":{"allow":["GET"]}}],"collection":[{"href":"https:\/\/lyfilter.com\/tr\/wp-json\/wp\/v2\/product"}],"about":[{"href":"https:\/\/lyfilter.com\/tr\/wp-json\/wp\/v2\/types\/product"}],"replies":[{"embeddable":true,"href":"https:\/\/lyfilter.com\/tr\/wp-json\/wp\/v2\/comments?post=3813"}],"wp:featuredmedia":[{"embeddable":true,"href":"https:\/\/lyfilter.com\/tr\/wp-json\/wp\/v2\/media\/3815"}],"wp:attachment":[{"href":"https:\/\/lyfilter.com\/tr\/wp-json\/wp\/v2\/media?parent=3813"}],"wp:term":[{"taxonomy":"product_brand","embeddable":true,"href":"https:\/\/lyfilter.com\/tr\/wp-json\/wp\/v2\/product_brand?post=3813"},{"taxonomy":"product_cat","embeddable":true,"href":"https:\/\/lyfilter.com\/tr\/wp-json\/wp\/v2\/product_cat?post=3813"},{"taxonomy":"product_tag","embeddable":true,"href":"https:\/\/lyfilter.com\/tr\/wp-json\/wp\/v2\/product_tag?post=3813"}],"curies":[{"name":"wp","href":"https:\/\/api.w.org\/{rel}","templated":true}]}}