{"id":3808,"date":"2026-04-03T03:20:46","date_gmt":"2026-04-03T03:20:46","guid":{"rendered":"https:\/\/lyfilter.com\/"},"modified":"2026-04-03T03:20:46","modified_gmt":"2026-04-03T03:20:46","slug":"new-pp-melt-blown-filter-cartridge-wholesaler-for-water-purification","status":"publish","type":"product","link":"https:\/\/lyfilter.com\/tr\/new-pp-melt-blown-filter-cartridge-wholesaler-for-water-purification\/","title":{"rendered":"Su Ar\u0131tma i\u00e7in Yeni PP Eriyik \u00dcflemeli Filtre Kartu\u015fu Toptanc\u0131s\u0131"},"content":{"rendered":"<p>Daha temiz su ve daha sorunsuz filtreleme i\u00e7in \u00fcretilen bu PP eriyik \u00fcflemeli filtre kartu\u015fu, istikrarl\u0131 performans\u0131yla tortu ve ince partik\u00fcllerin azalt\u0131lmas\u0131na yard\u0131mc\u0131 olur. G\u00fcvenilir g\u00fcnl\u00fck deste\u011fe ihtiya\u00e7 duyan sistemler i\u00e7in pratik bir se\u00e7imdir.<\/p>","protected":false},"excerpt":{"rendered":"<table>\n<thead>\n<tr>\n<th>Uygulanabilir Sekt\u00f6rler<\/th>\n<th>\u00dcretim Tesisi, Yiyecek ve \u0130\u00e7ecek Fabrikas\u0131, Ev Kullan\u0131m\u0131, su ar\u0131tma<\/th>\n<\/tr>\n<\/thead>\n<tbody>\n<tr>\n<td>Men\u015fe Yeri<\/td>\n<td>Guangdong, \u00c7in<\/td>\n<\/tr>\n<tr>\n<td>Marka Ad\u0131<\/td>\n<td>Lvyuan, OEM, ODM<\/td>\n<\/tr>\n<tr>\n<td>Malzeme<\/td>\n<td>pp<\/td>\n<\/tr>\n<tr>\n<td>A\u011f\u0131rl\u0131k<\/td>\n<td>\u00f6zelle\u015ftirilmi\u015f<\/td>\n<\/tr>\n<tr>\n<td>Boyut<\/td>\n<td>254<em>63<\/em>63mm<\/td>\n<\/tr>\n<tr>\n<td>G\u00fc\u00e7<\/td>\n<td>0<\/td>\n<\/tr>\n<tr>\n<td>Garanti<\/td>\n<td>Kullan\u0131lam\u0131yor<\/td>\n<\/tr>\n<tr>\n<td>\u00d6zellik<\/td>\n<td>Y\u00fcksek Verimlilik<\/td>\n<\/tr>\n<tr>\n<td>Uzunluk<\/td>\n<td>40 in\u00e7<\/td>\n<\/tr>\n<tr>\n<td>Sertifikasyon<\/td>\n<td>SGS<\/td>\n<\/tr>\n<tr>\n<td>kald\u0131rma oran\u0131<\/td>\n<td>1 mikron 5 mikron<\/td>\n<\/tr>\n<tr>\n<td>Kullan\u0131m<\/td>\n<td>su ar\u0131tma<\/td>\n<\/tr>\n<tr>\n<td>Uygulama<\/td>\n<td>end\u00fcstri<\/td>\n<\/tr>\n<tr>\n<td>Renk<\/td>\n<td>beyaz<\/td>\n<\/tr>\n<tr>\n<td>Paketleme<\/td>\n<td>KA\u011eIT KUTU<\/td>\n<\/tr>\n<tr>\n<td>Hammadde<\/td>\n<td>pp elyaf<\/td>\n<\/tr>\n<tr>\n<td>G\u00f6r\u00fcn\u00fc\u015f<\/td>\n<td>Parlak<\/td>\n<\/tr>\n<tr>\n<td>Sa\u011flanan Sat\u0131\u015f Sonras\u0131 Hizmet<\/td>\n<td>\u00c7evrimi\u00e7i destek<\/td>\n<\/tr>\n<tr>\n<td>Sat\u0131\u015f Birimleri<\/td>\n<td>Tek \u00fcr\u00fcn<\/td>\n<\/tr>\n<tr>\n<td>Tek paket boyutu<\/td>\n<td>53X34X33 cm<\/td>\n<\/tr>\n<tr>\n<td>Tek br\u00fct a\u011f\u0131rl\u0131k<\/td>\n<td>5.800 kg<\/td>\n<\/tr>\n<tr>\n<td>Paket Tipi<\/td>\n<td>KA\u011eIT KUTU<\/td>\n<\/tr>\n<tr>\n<td>Teslim S\u00fcresi<\/td>\n<td>1 - 1000 Kutu: 7 g\u00fcn; &gt;1000 Kutu: M\u00fczakere edilecek<\/td>\n<\/tr>\n<\/tbody>\n<\/table>","protected":false},"featured_media":3810,"comment_status":"open","ping_status":"closed","template":"","meta":{"_gspb_post_css":""},"product_brand":[],"product_cat":[23],"product_tag":[1249,768,1162,325,1136,1182],"class_list":{"0":"post-3808","1":"product","2":"type-product","3":"status-publish","4":"has-post-thumbnail","6":"product_cat-pp-filter-cartridge","7":"product_tag-melt-blown-water-filter","8":"product_tag-pp-melt-blown-filter-cartridge","9":"product_tag-replacement-water-filter","10":"product_tag-sediment-filter-cartridge","11":"product_tag-water-filter-locks","12":"product_tag-water-purification-filter","14":"first","15":"instock","16":"shipping-taxable","17":"product-type-simple"},"_links":{"self":[{"href":"https:\/\/lyfilter.com\/tr\/wp-json\/wp\/v2\/product\/3808","targetHints":{"allow":["GET"]}}],"collection":[{"href":"https:\/\/lyfilter.com\/tr\/wp-json\/wp\/v2\/product"}],"about":[{"href":"https:\/\/lyfilter.com\/tr\/wp-json\/wp\/v2\/types\/product"}],"replies":[{"embeddable":true,"href":"https:\/\/lyfilter.com\/tr\/wp-json\/wp\/v2\/comments?post=3808"}],"wp:featuredmedia":[{"embeddable":true,"href":"https:\/\/lyfilter.com\/tr\/wp-json\/wp\/v2\/media\/3810"}],"wp:attachment":[{"href":"https:\/\/lyfilter.com\/tr\/wp-json\/wp\/v2\/media?parent=3808"}],"wp:term":[{"taxonomy":"product_brand","embeddable":true,"href":"https:\/\/lyfilter.com\/tr\/wp-json\/wp\/v2\/product_brand?post=3808"},{"taxonomy":"product_cat","embeddable":true,"href":"https:\/\/lyfilter.com\/tr\/wp-json\/wp\/v2\/product_cat?post=3808"},{"taxonomy":"product_tag","embeddable":true,"href":"https:\/\/lyfilter.com\/tr\/wp-json\/wp\/v2\/product_tag?post=3808"}],"curies":[{"name":"wp","href":"https:\/\/api.w.org\/{rel}","templated":true}]}}