{"id":3800,"date":"2026-04-03T03:17:23","date_gmt":"2026-04-03T03:17:23","guid":{"rendered":"https:\/\/lyfilter.com\/"},"modified":"2026-04-03T03:17:23","modified_gmt":"2026-04-03T03:17:23","slug":"factory-supply-7-cartridge-filter-element-stainless-steel-10-inch-sediment-filter-housing-with-pleated-membrane-filter-5-micron","status":"publish","type":"product","link":"https:\/\/lyfilter.com\/tr\/factory-supply-7-cartridge-filter-element-stainless-steel-10-inch-sediment-filter-housing-with-pleated-membrane-filter-5-micron\/","title":{"rendered":"Fabrika Kayna\u011f\u0131 7 Kartu\u015f Filtre Eleman\u0131 Paslanmaz \u00c7elik 10 \u0130n\u00e7 Sediment Filtre Muhafazas\u0131 Pileli Membran Filtreli 5 Mikron"},"content":{"rendered":"<p>Bu 10 in\u00e7 paslanmaz \u00e7elik tortu filtresi muhafazas\u0131, 5 mikron pileli membran ve 7 kartu\u015f eleman deste\u011fi ile verimli partik\u00fcl yakalama i\u00e7in yap\u0131lm\u0131\u015ft\u0131r. Sa\u011flam tasar\u0131m\u0131 stabiliteyi, hizmet \u00f6mr\u00fcn\u00fc ve filtrelemeyi iyile\u015ftirmeye yard\u0131mc\u0131 olur.<\/p>","protected":false},"excerpt":{"rendered":"<table>\n<thead>\n<tr>\n<th>Uygulanabilir Sekt\u00f6rler<\/th>\n<th>Yiyecek ve \u0130\u00e7ecek Fabrikas\u0131, \u00c7iftlikler, Restoran, Ev Kullan\u0131m\u0131, Yiyecek D\u00fckkan\u0131, Enerji ve Madencilik, Yiyecek ve \u0130\u00e7ecek Ma\u011fazalar\u0131<\/th>\n<\/tr>\n<\/thead>\n<tbody>\n<tr>\n<td>Men\u015fe Yeri<\/td>\n<td>Guangdong, \u00c7in<\/td>\n<\/tr>\n<tr>\n<td>Marka Ad\u0131<\/td>\n<td>LVYUAN\/OEM<\/td>\n<\/tr>\n<tr>\n<td>Garanti<\/td>\n<td>1 Y\u0131l<\/td>\n<\/tr>\n<tr>\n<td>Sa\u011flanan Sat\u0131\u015f Sonras\u0131 Hizmet<\/td>\n<td>\u00c7evrimi\u00e7i destek<\/td>\n<\/tr>\n<tr>\n<td>\u00dcr\u00fcn Ad\u0131<\/td>\n<td>Paslanmaz \u00e7elik 10 in\u00e7 tortu filtresi muhafazas\u0131<\/td>\n<\/tr>\n<tr>\n<td>Muhafaza Malzemesi<\/td>\n<td>SS304\/SS316L<\/td>\n<\/tr>\n<tr>\n<td>Filtre kartu\u015fu uzunlu\u011fu<\/td>\n<td>10\u2033 20\u2033 30\u2033 40\u2033<\/td>\n<\/tr>\n<tr>\n<td>Kartu\u015f filtre miktar\u0131<\/td>\n<td>Tek \u00e7ekirdek<\/td>\n<\/tr>\n<tr>\n<td>Y\u00fczey i\u015fleme<\/td>\n<td>Cilal\u0131 &amp; Kumlama<\/td>\n<\/tr>\n<tr>\n<td>Conta o-ringi<\/td>\n<td>Silastik\/NBR\/EPDM\/Viton<\/td>\n<\/tr>\n<tr>\n<td>\u00dcst kapak tak\u0131l\u0131 tip<\/td>\n<td>Kelep\u00e7e tipi<\/td>\n<\/tr>\n<tr>\n<td>Konekt\u00f6r tipi<\/td>\n<td>222\/226\/DOE<\/td>\n<\/tr>\n<tr>\n<td>Giri\u015f ve \u00c7\u0131k\u0131\u015f tipi<\/td>\n<td>\u0130\u00e7 di\u015fli<\/td>\n<\/tr>\n<tr>\n<td>Paketleme y\u00f6ntemi<\/td>\n<td>\u0130hracat standart kutusu<\/td>\n<\/tr>\n<tr>\n<td>Sat\u0131\u015f Birimleri<\/td>\n<td>Tek \u00fcr\u00fcn<\/td>\n<\/tr>\n<tr>\n<td>Tek paket boyutu<\/td>\n<td>35X18X25 cm<\/td>\n<\/tr>\n<tr>\n<td>Tek br\u00fct a\u011f\u0131rl\u0131k<\/td>\n<td>3.000 kg<\/td>\n<\/tr>\n<tr>\n<td>Paket Tipi<\/td>\n<td>Mikro end\u00fcstri 10 20 30 40 in\u00e7 g\u00fcvenlik filtre \u015fi\u015fesi 04 316L SS s\u0131v\u0131 \/ \u015farap \/ bira filtresi filtrasyonu i\u00e7in s\u0131v\u0131 su muhafazas\u0131: Paketleme: \u0130hracat standart kutu \/ Gerekti\u011fi gibi<\/td>\n<\/tr>\n<tr>\n<td>Teslim S\u00fcresi<\/td>\n<td>1 - 10 Adet: 5 g\u00fcn; 11 - 100 Adet: 10 g\u00fcn; &gt;100 Adet: M\u00fczakere edilecek<\/td>\n<\/tr>\n<\/tbody>\n<\/table>","protected":false},"featured_media":3803,"comment_status":"open","ping_status":"closed","template":"","meta":{"_gspb_post_css":""},"product_brand":[],"product_cat":[1245],"product_tag":[1246,635,1248,1247,34,1136],"class_list":{"0":"post-3800","1":"product","2":"type-product","3":"status-publish","4":"has-post-thumbnail","6":"product_cat-stainless-steel-cartridge-filter-housing","7":"product_tag-10-inch-sediment-filter","8":"product_tag-5-micron-water-filter","9":"product_tag-cartridge-filter-element","10":"product_tag-pleated-membrane-filter","11":"product_tag-stainless-steel-filter-housing","12":"product_tag-water-filter-locks","14":"first","15":"instock","16":"shipping-taxable","17":"product-type-simple"},"_links":{"self":[{"href":"https:\/\/lyfilter.com\/tr\/wp-json\/wp\/v2\/product\/3800","targetHints":{"allow":["GET"]}}],"collection":[{"href":"https:\/\/lyfilter.com\/tr\/wp-json\/wp\/v2\/product"}],"about":[{"href":"https:\/\/lyfilter.com\/tr\/wp-json\/wp\/v2\/types\/product"}],"replies":[{"embeddable":true,"href":"https:\/\/lyfilter.com\/tr\/wp-json\/wp\/v2\/comments?post=3800"}],"wp:featuredmedia":[{"embeddable":true,"href":"https:\/\/lyfilter.com\/tr\/wp-json\/wp\/v2\/media\/3803"}],"wp:attachment":[{"href":"https:\/\/lyfilter.com\/tr\/wp-json\/wp\/v2\/media?parent=3800"}],"wp:term":[{"taxonomy":"product_brand","embeddable":true,"href":"https:\/\/lyfilter.com\/tr\/wp-json\/wp\/v2\/product_brand?post=3800"},{"taxonomy":"product_cat","embeddable":true,"href":"https:\/\/lyfilter.com\/tr\/wp-json\/wp\/v2\/product_cat?post=3800"},{"taxonomy":"product_tag","embeddable":true,"href":"https:\/\/lyfilter.com\/tr\/wp-json\/wp\/v2\/product_tag?post=3800"}],"curies":[{"name":"wp","href":"https:\/\/api.w.org\/{rel}","templated":true}]}}