{"id":3795,"date":"2026-04-03T03:13:12","date_gmt":"2026-04-03T03:13:12","guid":{"rendered":"https:\/\/lyfilter.com\/"},"modified":"2026-04-03T03:13:54","modified_gmt":"2026-04-03T03:13:54","slug":"lvyuan-professional-string-wound-filter-cartridge-manufacturers-for-desalination","status":"publish","type":"product","link":"https:\/\/lyfilter.com\/tr\/lvyuan-professional-string-wound-filter-cartridge-manufacturers-for-desalination\/","title":{"rendered":"Tuzdan Ar\u0131nd\u0131rma i\u00e7in Lvyuan Profesyonel Dize Yara Filtre Kartu\u015fu \u00dcreticileri"},"content":{"rendered":"<p>Lvyuan tel sarg\u0131l\u0131 filtre kartu\u015flar\u0131, zorlu tuzdan ar\u0131nd\u0131rma sistemleri i\u00e7in \u00fcretilmi\u015ftir ve su ak\u0131\u015f\u0131n\u0131 sabit tutarken tortuyu yakalar. Her ge\u00e7en g\u00fcn daha temiz \u00e7\u0131kt\u0131, daha uzun ekipman \u00f6mr\u00fc ve g\u00fcvenilir filtreleme sa\u011flamaya yard\u0131mc\u0131 olurlar.<\/p>","protected":false},"excerpt":{"rendered":"<table>\n<thead>\n<tr>\n<th>Uygulanabilir Sekt\u00f6rler<\/th>\n<th>Men\u015fe Yeri<\/th>\n<th>Marka Ad\u0131<\/th>\n<th>Malzeme<\/th>\n<th>A\u011f\u0131rl\u0131k<\/th>\n<\/tr>\n<\/thead>\n<tbody>\n<tr>\n<td>\u00dcretim Tesisi, Yiyecek ve \u0130\u00e7ecek Fabrikas\u0131, Ev Kullan\u0131m\u0131, Enerji ve Madencilik, su ar\u0131tma<\/td>\n<td>Guangdong, \u00c7in<\/td>\n<td>Lvyuan, OEM, ODM<\/td>\n<td>pp\/pamuk\/fiberglas<\/td>\n<td>\u00f6zelle\u015ftirilmi\u015f<\/td>\n<\/tr>\n<\/tbody>\n<\/table>\n<table>\n<thead>\n<tr>\n<th>Boyut<\/th>\n<th>G\u00fc\u00e7<\/th>\n<th>Garanti<\/th>\n<th>\u00d6zellik<\/th>\n<th>Sertifikasyon<\/th>\n<\/tr>\n<\/thead>\n<tbody>\n<tr>\n<td>\u00f6zelle\u015ftirilmi\u015f, ince, jumbo<\/td>\n<td>0<\/td>\n<td>Kullan\u0131lam\u0131yor<\/td>\n<td>\u00e7e\u015fitli filtre malzemeleri<\/td>\n<td>SGS<\/td>\n<\/tr>\n<\/tbody>\n<\/table>","protected":false},"featured_media":3798,"comment_status":"open","ping_status":"closed","template":"","meta":{"_gspb_post_css":""},"product_brand":[],"product_cat":[1095],"product_tag":[1244,38,1158,325,1098,340],"class_list":{"0":"post-3795","1":"product","2":"type-product","3":"status-publish","4":"has-post-thumbnail","6":"product_cat-string-wound-filter-cartridge","7":"product_tag-desalination-filter-cartridge","8":"product_tag-industrial-water-filtration","9":"product_tag-lvyuan-filter-cartridge","10":"product_tag-sediment-filter-cartridge","11":"product_tag-string-wound-filter-cartridge","12":"product_tag-water-treatment-filter","14":"first","15":"instock","16":"shipping-taxable","17":"product-type-simple"},"_links":{"self":[{"href":"https:\/\/lyfilter.com\/tr\/wp-json\/wp\/v2\/product\/3795","targetHints":{"allow":["GET"]}}],"collection":[{"href":"https:\/\/lyfilter.com\/tr\/wp-json\/wp\/v2\/product"}],"about":[{"href":"https:\/\/lyfilter.com\/tr\/wp-json\/wp\/v2\/types\/product"}],"replies":[{"embeddable":true,"href":"https:\/\/lyfilter.com\/tr\/wp-json\/wp\/v2\/comments?post=3795"}],"wp:featuredmedia":[{"embeddable":true,"href":"https:\/\/lyfilter.com\/tr\/wp-json\/wp\/v2\/media\/3798"}],"wp:attachment":[{"href":"https:\/\/lyfilter.com\/tr\/wp-json\/wp\/v2\/media?parent=3795"}],"wp:term":[{"taxonomy":"product_brand","embeddable":true,"href":"https:\/\/lyfilter.com\/tr\/wp-json\/wp\/v2\/product_brand?post=3795"},{"taxonomy":"product_cat","embeddable":true,"href":"https:\/\/lyfilter.com\/tr\/wp-json\/wp\/v2\/product_cat?post=3795"},{"taxonomy":"product_tag","embeddable":true,"href":"https:\/\/lyfilter.com\/tr\/wp-json\/wp\/v2\/product_tag?post=3795"}],"curies":[{"name":"wp","href":"https:\/\/api.w.org\/{rel}","templated":true}]}}